{"id":5300,"date":"2019-01-23T09:59:25","date_gmt":"2019-01-23T08:59:25","guid":{"rendered":"https:\/\/eldominio.ovh\/?page_id=5300"},"modified":"2019-06-04T12:24:05","modified_gmt":"2019-06-04T11:24:05","slug":"breve-historia-del-conjunto-modernista-de-melilla","status":"publish","type":"page","link":"https:\/\/melillamonumental.es\/de\/conjuntos-y-propuestas-de-recorridos\/conjunto-del-ensanche-modernista-de-melilla\/breve-historia-del-conjunto-modernista-de-melilla\/","title":{"rendered":"Breve Historia del Conjunto Modernista de Melilla"},"content":{"rendered":"<p>[vc_row][vc_column width=\u00bb3\/4&#8243;][vc_column_text]Despuntaba el siglo XX cuando Melilla comenzaba a vivir las consecuencias de los importantes cambios econ\u00f3micos, sociales y pol\u00edticos que la estaban transformando.<br \/>\nLa creciente industrializaci\u00f3n, que fomentaba el nacimiento y desarrollo de las ciudades modernas, influy\u00f3 notablemente en Melilla, que se vio inmersa en una vor\u00e1gine urban\u00edstica. Nac\u00eda una nueva concepci\u00f3n de la ciudad, una peculiar manera de entender un urbanismo poblado de racionalidad militar pero influido por las corrientes modernistas llegadas desde Catalu\u00f1a.<\/p>\n<p>El nacimiento del Ensanche Modernista surge tras varios proyectos aislados para intentar regularizar el trazado urbano melillense (Ensanche del Mantelete, 1888; ampliaci\u00f3n del Barrio del Pol\u00edgono y el Carmen, 1896; ensanche de Alfonso XIII, 1896), el ingeniero Eusebio Redondo planific\u00f3 en 1906 un amplio espacio urban\u00edstico en el centro de la ciudad. Era el principio del Ensanche de Reina Victoria, actualmente conocido como Tri\u00e1ngulo de Oro. Dividido en manzanas rectangulares, el espacio adquir\u00eda unas formas similares a las del ensanche Cerd\u00e1 de Barcelona; en \u00e9l se desarrollaba una estructura de f\u00e1cil acceso y comprensi\u00f3n, basada en la regularidad del trazado y en la ordenaci\u00f3n urban\u00edstica.[\/vc_column_text][\/vc_column][vc_column width=\u00bb1\/4&#8243;][vc_wp_custommenu nav_menu=\u00bb42&#8243;][\/vc_column][\/vc_row]<\/p>\n","protected":false},"excerpt":{"rendered":"<p>[vc_row][vc_column width=\u00bb3\/4&#8243;][vc_column_text]Despuntaba el siglo XX cuando Melilla comenzaba a vivir las consecuencias de los importantes cambios econ\u00f3micos, sociales y pol\u00edticos [&hellip;]<\/p>\n","protected":false},"author":27,"featured_media":0,"parent":5296,"menu_order":0,"comment_status":"closed","ping_status":"closed","template":"","meta":{"_acf_changed":false,"_uag_custom_page_level_css":"","site-sidebar-layout":"default","site-content-layout":"","ast-site-content-layout":"default","site-content-style":"default","site-sidebar-style":"default","ast-global-header-display":"","ast-banner-title-visibility":"","ast-main-header-display":"","ast-hfb-above-header-display":"","ast-hfb-below-header-display":"","ast-hfb-mobile-header-display":"","site-post-title":"","ast-breadcrumbs-content":"","ast-featured-img":"","footer-sml-layout":"","ast-disable-related-posts":"","theme-transparent-header-meta":"","adv-header-id-meta":"","stick-header-meta":"","header-above-stick-meta":"","header-main-stick-meta":"","header-below-stick-meta":"","astra-migrate-meta-layouts":"default","ast-page-background-enabled":"default","ast-page-background-meta":{"desktop":{"background-color":"var(--ast-global-color-5)","background-image":"","background-repeat":"repeat","background-position":"center center","background-size":"auto","background-attachment":"scroll","background-type":"","background-media":"","overlay-type":"","overlay-color":"","overlay-opacity":"","overlay-gradient":""},"tablet":{"background-color":"","background-image":"","background-repeat":"repeat","background-position":"center center","background-size":"auto","background-attachment":"scroll","background-type":"","background-media":"","overlay-type":"","overlay-color":"","overlay-opacity":"","overlay-gradient":""},"mobile":{"background-color":"","background-image":"","background-repeat":"repeat","background-position":"center center","background-size":"auto","background-attachment":"scroll","background-type":"","background-media":"","overlay-type":"","overlay-color":"","overlay-opacity":"","overlay-gradient":""}},"ast-content-background-meta":{"desktop":{"background-color":"var(--ast-global-color-4)","background-image":"","background-repeat":"repeat","background-position":"center center","background-size":"auto","background-attachment":"scroll","background-type":"","background-media":"","overlay-type":"","overlay-color":"","overlay-opacity":"","overlay-gradient":""},"tablet":{"background-color":"var(--ast-global-color-4)","background-image":"","background-repeat":"repeat","background-position":"center center","background-size":"auto","background-attachment":"scroll","background-type":"","background-media":"","overlay-type":"","overlay-color":"","overlay-opacity":"","overlay-gradient":""},"mobile":{"background-color":"var(--ast-global-color-4)","background-image":"","background-repeat":"repeat","background-position":"center center","background-size":"auto","background-attachment":"scroll","background-type":"","background-media":"","overlay-type":"","overlay-color":"","overlay-opacity":"","overlay-gradient":""}},"footnotes":""},"class_list":["post-5300","page","type-page","status-publish","hentry"],"acf":[],"uagb_featured_image_src":{"full":false,"thumbnail":false,"medium":false,"medium_large":false,"large":false,"1536x1536":false,"2048x2048":false,"trp-custom-language-flag":false},"uagb_author_info":{"display_name":"Melilla Monumental","author_link":"https:\/\/melillamonumental.es\/de\/author\/melilla\/"},"uagb_comment_info":0,"uagb_excerpt":"[vc_row][vc_column width=\u00bb3\/4&#8243;][vc_column_text]Despuntaba el siglo XX cuando Melilla comenzaba a vivir las consecuencias de los importantes cambios econ\u00f3micos, sociales y pol\u00edticos [&hellip;]","_links":{"self":[{"href":"https:\/\/melillamonumental.es\/de\/wp-json\/wp\/v2\/pages\/5300","targetHints":{"allow":["GET"]}}],"collection":[{"href":"https:\/\/melillamonumental.es\/de\/wp-json\/wp\/v2\/pages"}],"about":[{"href":"https:\/\/melillamonumental.es\/de\/wp-json\/wp\/v2\/types\/page"}],"author":[{"embeddable":true,"href":"https:\/\/melillamonumental.es\/de\/wp-json\/wp\/v2\/users\/27"}],"replies":[{"embeddable":true,"href":"https:\/\/melillamonumental.es\/de\/wp-json\/wp\/v2\/comments?post=5300"}],"version-history":[{"count":2,"href":"https:\/\/melillamonumental.es\/de\/wp-json\/wp\/v2\/pages\/5300\/revisions"}],"predecessor-version":[{"id":6422,"href":"https:\/\/melillamonumental.es\/de\/wp-json\/wp\/v2\/pages\/5300\/revisions\/6422"}],"up":[{"embeddable":true,"href":"https:\/\/melillamonumental.es\/de\/wp-json\/wp\/v2\/pages\/5296"}],"wp:attachment":[{"href":"https:\/\/melillamonumental.es\/de\/wp-json\/wp\/v2\/media?parent=5300"}],"curies":[{"name":"wp","href":"https:\/\/api.w.org\/{rel}","templated":true}]}}