{"id":5302,"date":"2019-01-23T10:00:50","date_gmt":"2019-01-23T09:00:50","guid":{"rendered":"https:\/\/eldominio.ovh\/?page_id=5302"},"modified":"2019-06-08T12:27:34","modified_gmt":"2019-06-08T11:27:34","slug":"sus-elementos","status":"publish","type":"page","link":"https:\/\/melillamonumental.es\/de\/conjuntos-y-propuestas-de-recorridos\/conjunto-del-ensanche-modernista-de-melilla\/sus-elementos\/","title":{"rendered":"Sus elementos"},"content":{"rendered":"<p>[vc_row][vc_column width=\u00bb3\/4&#8243;][vc_column_text]Melilla se convert\u00eda en n\u00facleo urbano dando rienda suelta a la creatividad de unos autores que dibujaron las calles melillenses con construcciones muy variadas; edificios que aglutinados bajo la denominaci\u00f3n gen\u00e9rica de \u201cModernismo\u201d representaban corrientes como el Art-Dec\u00f3, el Clasicismo o el Eclecticismo.<\/p>\n<p>\u00c9stas son algunas de las principales corrientes arquitect\u00f3nicas que dejaron su huella en Melilla en las primeras d\u00e9cadas del siglo XX:<\/p>\n<p><strong>Clasicismo<\/strong><\/p>\n<p><img fetchpriority=\"high\" decoding=\"async\" class=\"alignnone size-full wp-image-5854\" src=\"https:\/\/melillamonumental.es\/wp-content\/uploads\/2019\/05\/F.Melilla-Monumental-100.jpg\" alt=\"\" width=\"1920\" height=\"1349\" srcset=\"https:\/\/melillamonumental.es\/wp-content\/uploads\/2019\/05\/F.Melilla-Monumental-100.jpg 1920w, https:\/\/melillamonumental.es\/wp-content\/uploads\/2019\/05\/F.Melilla-Monumental-100-300x211.jpg 300w, https:\/\/melillamonumental.es\/wp-content\/uploads\/2019\/05\/F.Melilla-Monumental-100-1030x724.jpg 1030w\" sizes=\"(max-width: 1920px) 100vw, 1920px\" \/><\/p>\n<p>El clasicismo fue el estilo que caracteriz\u00f3 la arquitectura que empezaba a construirse en Melilla a finales del siglo XIX y principios del XX. Dise\u00f1os sencillos, l\u00edneas puras y ornamentaci\u00f3n sim\u00e9trica son la base de una corriente que naci\u00f3 en la ciudad para otorgarle academicismo y geometr\u00eda. Carmelo Casta\u00f1\u00f3n, Eusebio Redondo o Joaqu\u00edn Barco fueron algunos de los ingenieros militares que m\u00e1s profundizaron en esta corriente, que consideraba las formas sobrias y acad\u00e9micas como las id\u00f3neas para el florecimiento de una ciudad en pleno auge de modernidad.<\/p>\n<p><strong>Eclecticismo<\/strong><\/p>\n<p><img decoding=\"async\" class=\"alignnone size-full wp-image-5855\" src=\"https:\/\/melillamonumental.es\/wp-content\/uploads\/2019\/05\/antiguo-hospital-de-la-cruz-roja.jpg\" alt=\"\" width=\"620\" height=\"400\" srcset=\"https:\/\/melillamonumental.es\/wp-content\/uploads\/2019\/05\/antiguo-hospital-de-la-cruz-roja.jpg 620w, https:\/\/melillamonumental.es\/wp-content\/uploads\/2019\/05\/antiguo-hospital-de-la-cruz-roja-300x194.jpg 300w\" sizes=\"(max-width: 620px) 100vw, 620px\" \/><\/p>\n<p>Esta corriente comienza a implantarse en nuestra ciudad como revulsivo contra la rigidez impuesta por el clasicismo. Sin embargo, no consigui\u00f3 mucha difusi\u00f3n, ya que su nacimiento tuvo lugar poco antes de la llegada del modernismo, que centrar\u00eda toda la atenci\u00f3n de ingenieros y arquitectos de la ciudad.<\/p>\n<p>Las primeras obras ecl\u00e9cticas en Melilla estuvieron \u00edntimamente relacionadas con el trabajo de los ingenieros militares, que sobre todo realizaban encargos para viviendas particulares. Viviendas en las que la fachada segu\u00eda estructur\u00e1ndose en una r\u00edgida sucesi\u00f3n de balcones y vanos dispuestos de forma sim\u00e9trica, pero en los elementos decorativos ya se percib\u00eda un cambio: mayor riqueza en la forja, aparici\u00f3n de cornisas voladas o incremento de la ornamentaci\u00f3n. El gran autor de esta corriente en nuestra ciudad fue Droctoveo Casta\u00f1\u00f3n, que realiz\u00f3 multitud de edificios privados en la c\/ Prim, en General Marina o en General O\u00b4Donnell.<\/p>\n<p><strong>Historicismos<\/strong><\/p>\n<p>[\/vc_column_text][us_separator size=\u00bbsmall\u00bb][vc_column_text][us_image image=\u00bb5857&#8243; size=\u00bbfull\u00bb][\/vc_column_text][us_separator size=\u00bbsmall\u00bb][vc_column_text]La arquitectura historicista en Melilla estuvo caracterizada por una vuelta a las formas del pasado, principalmente medieval. Formas neog\u00f3ticas, neorrom\u00e1nicas o neo\u00e1rabes se desarrollaron intensamente en la arquitectura religiosa y militar de la ciudad. La Iglesia Castrense, la Casa de los Cristales, el Hospital Ind\u00edgena, la Mezquita Central o la Sinagoga de Yam\u00edn Benarroch son n\u00edtidos ejemplos de las corrientes historicistas m\u00e1s repetidas en Melilla.<\/p>\n<p><strong>Modernismo<\/strong><\/p>\n<p>[\/vc_column_text][us_separator size=\u00bbsmall\u00bb][vc_column_text][us_grid columns=\u00bb3&#8243; post_type=\u00bbattachment\u00bb items_quantity=\u00bb\u00bb images=\u00bb5859,5861,5860&#8243; orderby=\u00bbpost__in\u00bb items_gap=\u00bb4px\u00bb items_layout=\u00bbgallery_default\u00bb img_size=\u00bbus_600_600_crop\u00bb overriding_link=\u00bbpopup_post_image\u00bb breakpoint_1_cols=\u00bb3&#8243; breakpoint_2_width=\u00bb768px\u00bb breakpoint_3_width=\u00bb480px\u00bb breakpoint_2_cols=\u00bb3&#8243; breakpoint_3_cols=\u00bb2&#8243;][vc_column_text][\/vc_column_text][us_separator size=\u00bbsmall\u00bb][vc_column_text]Fue la gran corriente impulsora de la arquitectura melillense durante la primera mitad del siglo XX. Tra\u00eddo a Melilla por Enrique Nieto, el modernismo se asent\u00f3 fuertemente en una ciudad que cay\u00f3 rendida ante sus ornamentaciones floralistas. Melilla fue desde entonces promotora de un estilo que logr\u00f3 asentarse y progresar, revolucionando todo lo anteriormente construido en la ciudad.<\/p>\n<p>El modernismo supuso la alteraci\u00f3n de las l\u00edneas compositivas clasicistas y la imposici\u00f3n de una riqueza floral y figurativa que a\u00fan pervive en las calles melillenses. Plantas, flores, animales y rostros de mujer se adue\u00f1aron de las fachadas modernistas, en las que las gamas de colores marrones y cremas resaltaban los elementos decorativos.<\/p>\n<p>El ritmo de construcci\u00f3n en Melilla en las primeras d\u00e9cadas del pasado siglo fue vertiginoso; todos, burgues\u00eda y clases humildes, quer\u00edan participar de esta corriente, que a trav\u00e9s del color y las ricas ornamentaciones lograba edificios singulares que destacaban por su particular belleza. El academicismo de Emilio Alzugaray, la inmaculada geometr\u00eda de Manuel Rivera o la libertad creativa de Enrique Nieto se conjugaban en un mismo espacio.<\/p>\n<p><strong>Art-Dec\u00f3 Zigzagueante<\/strong><\/p>\n<p>[\/vc_column_text][us_separator size=\u00bbsmall\u00bb][vc_column_text][us_grid columns=\u00bb2&#8243; post_type=\u00bbattachment\u00bb items_quantity=\u00bb\u00bb images=\u00bb5861,5862&#8243; orderby=\u00bbpost__in\u00bb items_gap=\u00bb4px\u00bb items_layout=\u00bbgallery_default\u00bb img_size=\u00bbus_600_600_crop\u00bb overriding_link=\u00bbpopup_post_image\u00bb breakpoint_1_cols=\u00bb2&#8243; breakpoint_2_width=\u00bb768px\u00bb breakpoint_3_width=\u00bb480px\u00bb breakpoint_2_cols=\u00bb4&#8243; breakpoint_3_cols=\u00bb2&#8243;][\/vc_column_text][us_separator size=\u00bbsmall\u00bb][vc_column_text]El art-dec\u00f3, en todas sus vertientes, supone un punto de inflexi\u00f3n en la arquitectura melillense. Cansados de la est\u00e9tica modernista, los impulsores de esta corriente abandonaron las ornamentaciones florales del modernismo, sustituy\u00e9ndolas por detalles decorativos de formas geom\u00e9tricas. L\u00edneas rectas y superpuestas, edificios estilizados y un concepto global geom\u00e9trico dan vida al llamado art-dec\u00f3 zigzagueante o zig-zag moderne.<\/p>\n<p><strong>Art-Dec\u00f3 Aerodin\u00e1mico<\/strong><\/p>\n<p>[\/vc_column_text][us_separator size=\u00bbsmall\u00bb][vc_column_text][us_grid columns=\u00bb5&#8243; post_type=\u00bbattachment\u00bb items_quantity=\u00bb\u00bb images=\u00bb5865,5872,5871,5869,5868,5867,5866,5864,5863,5870&#8243; orderby=\u00bbpost__in\u00bb items_gap=\u00bb4px\u00bb items_layout=\u00bbgallery_default\u00bb img_size=\u00bbus_350_350_crop\u00bb overriding_link=\u00bbpopup_post_image\u00bb breakpoint_1_cols=\u00bb5&#8243; breakpoint_2_width=\u00bb768px\u00bb breakpoint_3_width=\u00bb480px\u00bb breakpoint_2_cols=\u00bb4&#8243; breakpoint_3_cols=\u00bb2&#8243;][\/vc_column_text][us_separator size=\u00bbsmall\u00bb][vc_column_text]La horizontalidad, el dinamismo y el fin de la ornamentaci\u00f3n figurativa fueron las claves est\u00e9ticas de esta corriente, que basaba su inspiraci\u00f3n en el dise\u00f1o de las grandes m\u00e1quinas industriales y de transporte. Su principal representante en Melilla fue el arquitecto Francisco Hernanz, proyectista de unos 142 edificios en Melilla. Hernanz desterr\u00f3 la idea de que el floralismo modernista era la base est\u00e9tica de la arquitectura, creando edificios con vol\u00famenes curvos, elegancia compositiva y recta simetr\u00eda.<\/p>\n<p><strong>Arquitectura Esgrafiada<\/strong><\/p>\n<p>El per\u00edodo de desarrollo de esta corriente nos sit\u00faa en el segundo tercio del siglo XX. Se trata de una corriente de fusi\u00f3n, en la que las curvas aerodin\u00e1micas o los esgrafiados del art-dec\u00f3 se mezclan creando superficies de vivos colores y ricos dibujos. El m\u00e1ximo exponente de la arquitectura esgrafiada es el renombrado Enrique Nieto, quien nos ofrece en el n\u00famero cinco de la calle Padre Lerchundi un claro ejemplo de esta vertiente, que da paso a nuevas tipolog\u00edas arquitect\u00f3nicas a mediados del pasado siglo.[\/vc_column_text][us_separator size=\u00bbsmall\u00bb][vc_column_text][us_grid columns=\u00bb3&#8243; post_type=\u00bbattachment\u00bb items_quantity=\u00bb\u00bb images=\u00bb5873,5875,5874&#8243; orderby=\u00bbpost__in\u00bb items_gap=\u00bb4px\u00bb items_layout=\u00bbgallery_default\u00bb img_size=\u00bbus_600_600_crop\u00bb overriding_link=\u00bbpopup_post_image\u00bb breakpoint_1_cols=\u00bb3&#8243; breakpoint_2_width=\u00bb768px\u00bb breakpoint_3_width=\u00bb480px\u00bb breakpoint_2_cols=\u00bb3&#8243; breakpoint_3_cols=\u00bb2&#8243;][\/vc_column_text][\/vc_column][vc_column width=\u00bb1\/4&#8243;][vc_wp_custommenu nav_menu=\u00bb42&#8243;][\/vc_column][\/vc_row]<\/p>\n","protected":false},"excerpt":{"rendered":"<p>[vc_row][vc_column width=\u00bb3\/4&#8243;][vc_column_text]Melilla se convert\u00eda en n\u00facleo urbano dando rienda suelta a la creatividad de unos autores que dibujaron las calles [&hellip;]<\/p>\n","protected":false},"author":27,"featured_media":0,"parent":5296,"menu_order":0,"comment_status":"closed","ping_status":"closed","template":"","meta":{"_acf_changed":false,"_uag_custom_page_level_css":"","site-sidebar-layout":"default","site-content-layout":"","ast-site-content-layout":"default","site-content-style":"default","site-sidebar-style":"default","ast-global-header-display":"","ast-banner-title-visibility":"","ast-main-header-display":"","ast-hfb-above-header-display":"","ast-hfb-below-header-display":"","ast-hfb-mobile-header-display":"","site-post-title":"","ast-breadcrumbs-content":"","ast-featured-img":"","footer-sml-layout":"","ast-disable-related-posts":"","theme-transparent-header-meta":"","adv-header-id-meta":"","stick-header-meta":"","header-above-stick-meta":"","header-main-stick-meta":"","header-below-stick-meta":"","astra-migrate-meta-layouts":"default","ast-page-background-enabled":"default","ast-page-background-meta":{"desktop":{"background-color":"var(--ast-global-color-5)","background-image":"","background-repeat":"repeat","background-position":"center center","background-size":"auto","background-attachment":"scroll","background-type":"","background-media":"","overlay-type":"","overlay-color":"","overlay-opacity":"","overlay-gradient":""},"tablet":{"background-color":"","background-image":"","background-repeat":"repeat","background-position":"center center","background-size":"auto","background-attachment":"scroll","background-type":"","background-media":"","overlay-type":"","overlay-color":"","overlay-opacity":"","overlay-gradient":""},"mobile":{"background-color":"","background-image":"","background-repeat":"repeat","background-position":"center center","background-size":"auto","background-attachment":"scroll","background-type":"","background-media":"","overlay-type":"","overlay-color":"","overlay-opacity":"","overlay-gradient":""}},"ast-content-background-meta":{"desktop":{"background-color":"var(--ast-global-color-4)","background-image":"","background-repeat":"repeat","background-position":"center center","background-size":"auto","background-attachment":"scroll","background-type":"","background-media":"","overlay-type":"","overlay-color":"","overlay-opacity":"","overlay-gradient":""},"tablet":{"background-color":"var(--ast-global-color-4)","background-image":"","background-repeat":"repeat","background-position":"center center","background-size":"auto","background-attachment":"scroll","background-type":"","background-media":"","overlay-type":"","overlay-color":"","overlay-opacity":"","overlay-gradient":""},"mobile":{"background-color":"var(--ast-global-color-4)","background-image":"","background-repeat":"repeat","background-position":"center center","background-size":"auto","background-attachment":"scroll","background-type":"","background-media":"","overlay-type":"","overlay-color":"","overlay-opacity":"","overlay-gradient":""}},"footnotes":""},"class_list":["post-5302","page","type-page","status-publish","hentry"],"acf":[],"uagb_featured_image_src":{"full":false,"thumbnail":false,"medium":false,"medium_large":false,"large":false,"1536x1536":false,"2048x2048":false,"trp-custom-language-flag":false},"uagb_author_info":{"display_name":"Melilla Monumental","author_link":"https:\/\/melillamonumental.es\/de\/author\/melilla\/"},"uagb_comment_info":0,"uagb_excerpt":"[vc_row][vc_column width=\u00bb3\/4&#8243;][vc_column_text]Melilla se convert\u00eda en n\u00facleo urbano dando rienda suelta a la creatividad de unos autores que dibujaron las calles [&hellip;]","_links":{"self":[{"href":"https:\/\/melillamonumental.es\/de\/wp-json\/wp\/v2\/pages\/5302","targetHints":{"allow":["GET"]}}],"collection":[{"href":"https:\/\/melillamonumental.es\/de\/wp-json\/wp\/v2\/pages"}],"about":[{"href":"https:\/\/melillamonumental.es\/de\/wp-json\/wp\/v2\/types\/page"}],"author":[{"embeddable":true,"href":"https:\/\/melillamonumental.es\/de\/wp-json\/wp\/v2\/users\/27"}],"replies":[{"embeddable":true,"href":"https:\/\/melillamonumental.es\/de\/wp-json\/wp\/v2\/comments?post=5302"}],"version-history":[{"count":11,"href":"https:\/\/melillamonumental.es\/de\/wp-json\/wp\/v2\/pages\/5302\/revisions"}],"predecessor-version":[{"id":6541,"href":"https:\/\/melillamonumental.es\/de\/wp-json\/wp\/v2\/pages\/5302\/revisions\/6541"}],"up":[{"embeddable":true,"href":"https:\/\/melillamonumental.es\/de\/wp-json\/wp\/v2\/pages\/5296"}],"wp:attachment":[{"href":"https:\/\/melillamonumental.es\/de\/wp-json\/wp\/v2\/media?parent=5302"}],"curies":[{"name":"wp","href":"https:\/\/api.w.org\/{rel}","templated":true}]}}