{"id":5304,"date":"2019-01-23T10:01:33","date_gmt":"2019-01-23T09:01:33","guid":{"rendered":"https:\/\/eldominio.ovh\/?page_id=5304"},"modified":"2019-06-04T12:24:31","modified_gmt":"2019-06-04T11:24:31","slug":"medidas-de-proteccion","status":"publish","type":"page","link":"https:\/\/melillamonumental.es\/de\/conjuntos-y-propuestas-de-recorridos\/conjunto-del-ensanche-modernista-de-melilla\/medidas-de-proteccion\/","title":{"rendered":"Medidas de protecci\u00f3n"},"content":{"rendered":"<p>[vc_row][vc_column width=\u00bb3\/4&#8243;][vc_column_text]La Direcci\u00f3n Provincial del Ministerio de Cultura en diciembre de 1978 adjudic\u00f3 la elaboraci\u00f3n de un inventario arquitect\u00f3nico del Ensanche Modernista, entregado en enero de 1980 y la Comisi\u00f3n de Patrimonio de Melilla, creada el 9 de julio de 1979, con gestiones el 11 de febrero de 1980, hizo que el 26 del mismo febrero el Ministerio de Cultura solicitase a la Delegaci\u00f3n de Gobierno edificios a ser nombrados BIC (Bien de Inter\u00e9s Cultural), relaci\u00f3n facilitada el 11 de marzo con 25 edificios y el 6 de octubre se tramitaron lo expedientes de 10 de ellos.\u200b<\/p>\n<p>En 1986 se aprob\u00f3 la ampliaci\u00f3n del conjunto hist\u00f3rico de la ciudad, contando por entonces con el estatus de Bien de Inter\u00e9s Cultural. En el \u00e1rea protegida se incluyen Melilla La Vieja, el Ensanche Modernista y algunas zonas del barrio Industrial y del Real.[\/vc_column_text][\/vc_column][vc_column width=\u00bb1\/4&#8243;][vc_wp_custommenu nav_menu=\u00bb42&#8243;][\/vc_column][\/vc_row]<\/p>\n","protected":false},"excerpt":{"rendered":"<p>[vc_row][vc_column width=\u00bb3\/4&#8243;][vc_column_text]La Direcci\u00f3n Provincial del Ministerio de Cultura en diciembre de 1978 adjudic\u00f3 la elaboraci\u00f3n de un inventario arquitect\u00f3nico del [&hellip;]<\/p>\n","protected":false},"author":27,"featured_media":0,"parent":5296,"menu_order":0,"comment_status":"closed","ping_status":"closed","template":"","meta":{"_acf_changed":false,"_uag_custom_page_level_css":"","site-sidebar-layout":"default","site-content-layout":"","ast-site-content-layout":"default","site-content-style":"default","site-sidebar-style":"default","ast-global-header-display":"","ast-banner-title-visibility":"","ast-main-header-display":"","ast-hfb-above-header-display":"","ast-hfb-below-header-display":"","ast-hfb-mobile-header-display":"","site-post-title":"","ast-breadcrumbs-content":"","ast-featured-img":"","footer-sml-layout":"","ast-disable-related-posts":"","theme-transparent-header-meta":"","adv-header-id-meta":"","stick-header-meta":"","header-above-stick-meta":"","header-main-stick-meta":"","header-below-stick-meta":"","astra-migrate-meta-layouts":"default","ast-page-background-enabled":"default","ast-page-background-meta":{"desktop":{"background-color":"var(--ast-global-color-5)","background-image":"","background-repeat":"repeat","background-position":"center center","background-size":"auto","background-attachment":"scroll","background-type":"","background-media":"","overlay-type":"","overlay-color":"","overlay-opacity":"","overlay-gradient":""},"tablet":{"background-color":"","background-image":"","background-repeat":"repeat","background-position":"center center","background-size":"auto","background-attachment":"scroll","background-type":"","background-media":"","overlay-type":"","overlay-color":"","overlay-opacity":"","overlay-gradient":""},"mobile":{"background-color":"","background-image":"","background-repeat":"repeat","background-position":"center center","background-size":"auto","background-attachment":"scroll","background-type":"","background-media":"","overlay-type":"","overlay-color":"","overlay-opacity":"","overlay-gradient":""}},"ast-content-background-meta":{"desktop":{"background-color":"var(--ast-global-color-4)","background-image":"","background-repeat":"repeat","background-position":"center center","background-size":"auto","background-attachment":"scroll","background-type":"","background-media":"","overlay-type":"","overlay-color":"","overlay-opacity":"","overlay-gradient":""},"tablet":{"background-color":"var(--ast-global-color-4)","background-image":"","background-repeat":"repeat","background-position":"center center","background-size":"auto","background-attachment":"scroll","background-type":"","background-media":"","overlay-type":"","overlay-color":"","overlay-opacity":"","overlay-gradient":""},"mobile":{"background-color":"var(--ast-global-color-4)","background-image":"","background-repeat":"repeat","background-position":"center center","background-size":"auto","background-attachment":"scroll","background-type":"","background-media":"","overlay-type":"","overlay-color":"","overlay-opacity":"","overlay-gradient":""}},"footnotes":""},"class_list":["post-5304","page","type-page","status-publish","hentry"],"acf":[],"uagb_featured_image_src":{"full":false,"thumbnail":false,"medium":false,"medium_large":false,"large":false,"1536x1536":false,"2048x2048":false,"trp-custom-language-flag":false},"uagb_author_info":{"display_name":"Melilla Monumental","author_link":"https:\/\/melillamonumental.es\/de\/author\/melilla\/"},"uagb_comment_info":0,"uagb_excerpt":"[vc_row][vc_column width=\u00bb3\/4&#8243;][vc_column_text]La Direcci\u00f3n Provincial del Ministerio de Cultura en diciembre de 1978 adjudic\u00f3 la elaboraci\u00f3n de un inventario arquitect\u00f3nico del [&hellip;]","_links":{"self":[{"href":"https:\/\/melillamonumental.es\/de\/wp-json\/wp\/v2\/pages\/5304","targetHints":{"allow":["GET"]}}],"collection":[{"href":"https:\/\/melillamonumental.es\/de\/wp-json\/wp\/v2\/pages"}],"about":[{"href":"https:\/\/melillamonumental.es\/de\/wp-json\/wp\/v2\/types\/page"}],"author":[{"embeddable":true,"href":"https:\/\/melillamonumental.es\/de\/wp-json\/wp\/v2\/users\/27"}],"replies":[{"embeddable":true,"href":"https:\/\/melillamonumental.es\/de\/wp-json\/wp\/v2\/comments?post=5304"}],"version-history":[{"count":2,"href":"https:\/\/melillamonumental.es\/de\/wp-json\/wp\/v2\/pages\/5304\/revisions"}],"predecessor-version":[{"id":6423,"href":"https:\/\/melillamonumental.es\/de\/wp-json\/wp\/v2\/pages\/5304\/revisions\/6423"}],"up":[{"embeddable":true,"href":"https:\/\/melillamonumental.es\/de\/wp-json\/wp\/v2\/pages\/5296"}],"wp:attachment":[{"href":"https:\/\/melillamonumental.es\/de\/wp-json\/wp\/v2\/media?parent=5304"}],"curies":[{"name":"wp","href":"https:\/\/api.w.org\/{rel}","templated":true}]}}