{"id":5716,"date":"2019-03-22T09:13:15","date_gmt":"2019-03-22T08:13:15","guid":{"rendered":"https:\/\/melillamonumental.es\/?page_id=5716"},"modified":"2019-06-11T08:54:33","modified_gmt":"2019-06-11T07:54:33","slug":"primer-recinto","status":"publish","type":"page","link":"https:\/\/melillamonumental.es\/de\/conjuntos-y-propuestas-de-recorridos\/conjunto-fortificado-de-melilla\/sus-elementos\/primer-recinto\/","title":{"rendered":"Primer Recinto"},"content":{"rendered":"<p>[vc_row][vc_column width=\u00bb3\/4&#8243;][vc_tta_accordion][vc_tta_section tab_id=\u00bb1560183798366-6d65df32-c39b\u00bb title=\u00bbFoso de Santiago\u00bb][us_image image=\u00bb6831&#8243; size=\u00bbfull\u00bb][us_separator size=\u00bbsmall\u00bb][vc_column_text]Se comenz\u00f3 a construir a principios del siglo XVI cuando se empieza a levantar el Frente de Tierra, de la Villa Nueva o Primer Recinto. A mediados de esta centuria el ingeniero Miguel de Perea procede a la excavaci\u00f3n definitiva en la roca hasta el nivel del mar. El foso quedaba abierto por su extremo de norte a sur.<\/p>\n<p>Durante el siglo XVII se acometieron nuevas obras, fue entonces cuando se construy\u00f3 el puente levadizo.[\/vc_column_text][us_separator size=\u00bbsmall\u00bb][vc_column_text][us_grid post_type=\u00bbattachment\u00bb items_quantity=\u00bb\u00bb images=\u00bb6832,6833,6834,6835,6836,6837&#8243; orderby=\u00bbpost__in\u00bb items_gap=\u00bb4px\u00bb columns=\u00bb6&#8243; items_layout=\u00bbgallery_default\u00bb img_size=\u00bbus_350_350_crop\u00bb overriding_link=\u00bbpopup_post_image\u00bb breakpoint_1_cols=\u00bb6&#8243; breakpoint_2_width=\u00bb768px\u00bb breakpoint_3_width=\u00bb480px\u00bb breakpoint_2_cols=\u00bb4&#8243; breakpoint_3_cols=\u00bb2&#8243;][\/vc_column_text][us_separator size=\u00bbsmall\u00bb][us_gmaps marker_address=\u00bb35.293878, -2.934794&#8243; marker_text=\u00bbRm9zbyUyMGRlJTIwU2FudGlhZ28=\u00bb markers=\u00bb%5B%7B%22marker_size%22%3A%2230%22%7D%5D\u00bb zoom=\u00bb17&#8243;][\/vc_tta_section][vc_tta_section tab_id=\u00bb1560185612827-79bbe87a-6a79&#8243; title=\u00bbPuerta de Santiago\u00bb][us_image image=\u00bb6838&#8243; size=\u00bbfull\u00bb][us_separator size=\u00bbsmall\u00bb][vc_column_text]Siguiendo el Plan de Obras de 1515 se traz\u00f3 la primera puerta que comunicaba el Primer Recinto con la Alaf\u00eda (Plaza de Armas); esta obra ser\u00eda correg\u00eda por Gabriel Tadino de Martiengo. Algunos a\u00f1os despu\u00e9s en 1549 Miguel de Perea construye la Puerta Nueva como obra avanzada o revell\u00edn. La puerta rematada con arco adovelado de medio punto sobre el que figura\u00a0\u00a0 el escudo\u00a0 de Carlos I con el \u00e1guila imperial\u00a0 bic\u00e9fala; flanqueada por dos torreones conocidos como de las Beatas a la derecha y Desmochado a la izquierda.[\/vc_column_text][us_separator size=\u00bbsmall\u00bb][vc_column_text][us_grid post_type=\u00bbattachment\u00bb items_quantity=\u00bb\u00bb images=\u00bb6839,6840,6841,6842,6843,6844&#8243; orderby=\u00bbpost__in\u00bb items_gap=\u00bb4px\u00bb columns=\u00bb6&#8243; items_layout=\u00bbgallery_default\u00bb img_size=\u00bbus_350_350_crop\u00bb overriding_link=\u00bbpopup_post_image\u00bb breakpoint_1_cols=\u00bb6&#8243; breakpoint_2_width=\u00bb768px\u00bb breakpoint_3_width=\u00bb480px\u00bb breakpoint_2_cols=\u00bb4&#8243; breakpoint_3_cols=\u00bb2&#8243;][\/vc_column_text][us_separator size=\u00bbsmall\u00bb][us_gmaps marker_address=\u00bb35.293749, -2.934801&#8243; marker_text=\u00bbUHVlcnRhJTIwZGUlMjBTYW50aWFnbw==\u00bb markers=\u00bb%5B%7B%22marker_size%22%3A%2230%22%7D%5D\u00bb zoom=\u00bb17&#8243;][\/vc_tta_section][vc_tta_section tab_id=\u00bb1560185614408-93c62ffb-6069&#8243; title=\u00bbPlaza de la Avanzadilla y Puerta de Santa Ana\u00bb][us_image image=\u00bb6845&#8243; size=\u00bbfull\u00bb][us_separator size=\u00bbsmall\u00bb][vc_column_text]La Avanzada de Santiago defend\u00eda la puerta de Santa Ana, antigua puerta de la Villa Nueva finalizada por Juan Vallejo en los primeros a\u00f1os del siglo XVI. Contaba con un foso que la separaba de la de Santiago, llamado de la Avanzadilla .En 1908 debido al peso de la Casa del Reloj la puerta sufri\u00f3 un importante desplome siendo restaurada por el ingeniero Carmelo Casta\u00f1\u00f3n.<\/p>\n<p>En 1995 se instal\u00f3 en la plaza el escudo imperial de Carlos V, obra del arquitecto Javier Vell\u00e9s, realizado en piedra bas\u00e1ltica policromada.[\/vc_column_text][us_separator size=\u00bbsmall\u00bb][vc_column_text][us_grid post_type=\u00bbattachment\u00bb items_quantity=\u00bb\u00bb images=\u00bb6846,6847,6848,6849&#8243; orderby=\u00bbpost__in\u00bb items_gap=\u00bb4px\u00bb columns=\u00bb6&#8243; items_layout=\u00bbgallery_default\u00bb img_size=\u00bbus_350_350_crop\u00bb overriding_link=\u00bbpopup_post_image\u00bb breakpoint_1_cols=\u00bb6&#8243; breakpoint_2_width=\u00bb768px\u00bb breakpoint_3_width=\u00bb480px\u00bb breakpoint_2_cols=\u00bb4&#8243; breakpoint_3_cols=\u00bb2&#8243;][\/vc_column_text][us_separator size=\u00bbsmall\u00bb][us_gmaps marker_address=\u00bb35.293648, -2.934629&#8243; marker_text=\u00bbUGxhemElMjBkZSUyMGxhJTIwQXZhbnphZGlsbGElMjB5JTIwUHVlcnRhJTIwZGUlMjBTYW50YSUyMEFuYQ==\u00bb markers=\u00bb%5B%7B%22marker_size%22%3A%2230%22%7D%5D\u00bb zoom=\u00bb17&#8243;][\/vc_tta_section][vc_tta_section tab_id=\u00bb1560185616175-e59b9ec0-9a31&#8243; title=\u00bbCapilla de Santiago\u00bb][us_image image=\u00bb6850&#8243; size=\u00bbfull\u00bb][us_separator size=\u00bbsmall\u00bb][vc_column_text]En 1549 el ingeniero Miguel de Perea\u00a0 junto al\u00a0\u00a0 maestro de obras Sancho de Escalante,\u00a0 acomet\u00edan las obras de esta capilla rectangular cubierta por una b\u00f3veda g\u00f3tica nervada con terceletes. Siendo gobernador Pedro Palacios Guevara, en 1654 se reedific\u00f3 la capilla, adornando el altar. Erigida en honor al Ap\u00f3stol Santiago.<\/p>\n<p>La funci\u00f3n que ten\u00eda, ubicada en una de las puertas de la ciudad era la de servir para que en ella\u00a0 los soldados tuvieran la oportunidad de realizar alguna funci\u00f3n religiosa.[\/vc_column_text][us_separator size=\u00bbsmall\u00bb][vc_column_text][us_grid post_type=\u00bbattachment\u00bb items_quantity=\u00bb\u00bb images=\u00bb6851,6852,6853,6854,6855&#8243; orderby=\u00bbpost__in\u00bb items_gap=\u00bb4px\u00bb columns=\u00bb6&#8243; items_layout=\u00bbgallery_default\u00bb img_size=\u00bbus_350_350_crop\u00bb overriding_link=\u00bbpopup_post_image\u00bb breakpoint_1_cols=\u00bb6&#8243; breakpoint_2_width=\u00bb768px\u00bb breakpoint_3_width=\u00bb480px\u00bb breakpoint_2_cols=\u00bb4&#8243; breakpoint_3_cols=\u00bb2&#8243;][\/vc_column_text][us_separator size=\u00bbsmall\u00bb][us_gmaps marker_address=\u00bb35.293671, -2.934518&#8243; marker_text=\u00bbQ2FwaWxsYSUyMGRlJTIwU2FudGlhZ28=\u00bb markers=\u00bb%5B%7B%22marker_size%22%3A%2230%22%7D%5D\u00bb zoom=\u00bb17&#8243;][\/vc_tta_section][vc_tta_section tab_id=\u00bb1560185616766-86af147e-a516&#8243; title=\u00bbCortina de la Bater\u00eda Real\u00bb][us_image image=\u00bb6858&#8243; size=\u00bbfull\u00bb][us_separator size=\u00bbsmall\u00bb][vc_column_text]<\/p>\n<p style=\"margin: 0cm; margin-bottom: .0001pt; background: white;\"><span style=\"font-family: 'Open Sans',sans-serif;\">Es una bater\u00eda terraplenada de 45 metros de longitud y 19 metros de altura comprendida entre las torres de las Ampolletas Nueva y Vieja. Las obras dieron comienzo en los primeros a\u00f1os del siglo XVI. Tras las intervenciones de Miguel de Perea y Juan de Zurita (construcci\u00f3n en el adarve de una bater\u00eda con ca\u00f1oneras entre merlones) en \u00e9pocas posteriores se hicieron varias reformas durante los gobiernos de Diego Toscano de Brito y Alonso de Guevara Vasconcellos. <\/span><\/p>\n<p>[\/vc_column_text][us_separator size=\u00bbsmall\u00bb][vc_column_text][us_grid post_type=\u00bbattachment\u00bb items_quantity=\u00bb\u00bb images=\u00bb6859,6860,6861,6862,6863,6864&#8243; orderby=\u00bbpost__in\u00bb items_gap=\u00bb4px\u00bb columns=\u00bb6&#8243; items_layout=\u00bbgallery_default\u00bb img_size=\u00bbus_350_350_crop\u00bb overriding_link=\u00bbpopup_post_image\u00bb breakpoint_1_cols=\u00bb6&#8243; breakpoint_2_width=\u00bb768px\u00bb breakpoint_3_width=\u00bb480px\u00bb breakpoint_2_cols=\u00bb4&#8243; breakpoint_3_cols=\u00bb2&#8243;][\/vc_column_text][us_separator size=\u00bbsmall\u00bb][us_gmaps marker_address=\u00bb35.294106, -2.934544&#8243; marker_text=\u00bbQ29ydGluYSUyMGRlJTIwbGElMjBCYXRlciVDMyVBRGElMjBSZWFs\u00bb markers=\u00bb%5B%7B%22marker_size%22%3A%2230%22%7D%5D\u00bb zoom=\u00bb17&#8243;][\/vc_tta_section][vc_tta_section tab_id=\u00bb1560185617350-a3bd99eb-4b2e\u00bb title=\u00bbBaluarte de la Concepci\u00f3n\u00bb][us_image image=\u00bb6865&#8243; size=\u00bbfull\u00bb][us_separator size=\u00bbsmall\u00bb][vc_column_text]En 1669 daban comienzo las obras de la Torre del Caballero de la Concepci\u00f3n en el mismo lugar donde el ingeniero Gabriel Tadino de Martinengo mand\u00f3 construir el Torre\u00f3n del Homenaje que posteriormente fuese reformado por\u00a0 Juan de Zurita pasando a denominarse de Santi Spiritus.<\/p>\n<p>Los temporales sufridos por la ciudad en los primeros a\u00f1os del siglo XVIII arruinaron esta fortificaci\u00f3n debiendo reconstruirse. En la actualidad es sede del Museo de Historia Militar.[\/vc_column_text][us_separator size=\u00bbsmall\u00bb][vc_column_text][us_grid post_type=\u00bbattachment\u00bb items_quantity=\u00bb\u00bb images=\u00bb6866,6867,6868,6869,6870&#8243; orderby=\u00bbpost__in\u00bb items_gap=\u00bb4px\u00bb columns=\u00bb6&#8243; items_layout=\u00bbgallery_default\u00bb img_size=\u00bbus_350_350_crop\u00bb overriding_link=\u00bbpopup_post_image\u00bb breakpoint_1_cols=\u00bb6&#8243; breakpoint_2_width=\u00bb768px\u00bb breakpoint_3_width=\u00bb480px\u00bb breakpoint_2_cols=\u00bb4&#8243; breakpoint_3_cols=\u00bb2&#8243;][\/vc_column_text][us_separator size=\u00bbsmall\u00bb][us_gmaps marker_address=\u00bb35.294988, -2.934081&#8243; marker_text=\u00bbQmFsdWFydGUlMjBkZSUyMGxhJTIwQ29uY2VwY2klQzMlQjNu\u00bb markers=\u00bb%5B%7B%22marker_size%22%3A%2230%22%7D%5D\u00bb zoom=\u00bb17&#8243;][\/vc_tta_section][vc_tta_section tab_id=\u00bb1560185618229-e6279bbc-34cc\u00bb title=\u00bbTorre\u00f3n del Bonete\u00bb][us_image image=\u00bb6871&#8243; size=\u00bbfull\u00bb][us_separator size=\u00bbsmall\u00bb][vc_column_text]Este torre\u00f3n del siglo XVI al igual que el Bonete Chico se hizo siguiendo las pautas marcadas por un Plan General de Obras. Ten\u00eda cortina con pretiles y almenas. Aunque comenz\u00f3 denomin\u00e1ndose del Bonete tuvo otros nombres a lo largo de su historia: de las Cruces y Palo del Suplicio. A finales del siglo XVIII volvi\u00f3 al originario. En 1854 sobre \u00e9l se construy\u00f3 un peque\u00f1o faro y en 1903 la denominada Torre del Vig\u00eda de Mar. En 1917 se iniciaban las obras del actual faro cuya linterna se iluminaba por primera vez el 22 de julio de 1918.[\/vc_column_text][us_separator size=\u00bbsmall\u00bb][vc_column_text][us_grid post_type=\u00bbattachment\u00bb items_quantity=\u00bb\u00bb images=\u00bb6872,6873,6874&#8243; orderby=\u00bbpost__in\u00bb items_gap=\u00bb4px\u00bb columns=\u00bb6&#8243; items_layout=\u00bbgallery_default\u00bb img_size=\u00bbus_350_350_crop\u00bb overriding_link=\u00bbpopup_post_image\u00bb breakpoint_1_cols=\u00bb6&#8243; breakpoint_2_width=\u00bb768px\u00bb breakpoint_3_width=\u00bb480px\u00bb breakpoint_2_cols=\u00bb4&#8243; breakpoint_3_cols=\u00bb2&#8243;][\/vc_column_text][us_separator size=\u00bbsmall\u00bb][us_gmaps marker_address=\u00bb35.294324, -2.932374&#8243; marker_text=\u00bbVG9ycmUlQzMlQjNuJTIwZGVsJTIwQm9uZXRl\u00bb markers=\u00bb%5B%7B%22marker_size%22%3A%2230%22%7D%5D\u00bb zoom=\u00bb17&#8243;][\/vc_tta_section][vc_tta_section tab_id=\u00bb1560185618782-a64e0142-342a\u00bb title=\u00bbTorre\u00f3n de las Pelotas (o de los Bola\u00f1os)\u00bb][us_image image=\u00bb6876&#8243; size=\u00bbfull\u00bb][us_separator size=\u00bbsmall\u00bb][vc_column_text]Construido en 1515 es un torre\u00f3n t\u00edpicamente renacentista con pretil, almenas y cortina que descansa sobre un pinto rectangular. Fue reformado por Sancho de Escalante seg\u00fan las instrucciones de Miser Benedito de R\u00e1vena. En 1729 se denominaba Torre\u00f3n de Enmedio. En estos a\u00f1os se instal\u00f3 un emplazamiento para artiller\u00eda. En el siglo XIX volv\u00eda a cambiar su nombre pasando a llamarse Torre\u00f3n de la Parada.[\/vc_column_text][us_separator size=\u00bbsmall\u00bb][vc_column_text][us_grid post_type=\u00bbattachment\u00bb items_quantity=\u00bb\u00bb images=\u00bb6877,6878,6879,6880,6881&#8243; orderby=\u00bbpost__in\u00bb items_gap=\u00bb4px\u00bb columns=\u00bb6&#8243; items_layout=\u00bbgallery_default\u00bb img_size=\u00bbus_350_350_crop\u00bb overriding_link=\u00bbpopup_post_image\u00bb breakpoint_1_cols=\u00bb6&#8243; breakpoint_2_width=\u00bb768px\u00bb breakpoint_3_width=\u00bb480px\u00bb breakpoint_2_cols=\u00bb4&#8243; breakpoint_3_cols=\u00bb2&#8243;][\/vc_column_text][us_separator size=\u00bbsmall\u00bb][us_gmaps marker_address=\u00bb35.293486, -2.932386&#8243; marker_text=\u00bbVG9ycmUlQzMlQjNuJTIwZGUlMjBsYXMlMjBQZWxvdGFzJTIwJTI4byUyMGRlJTIwbG9zJTIwQm9sYSVDMyVCMW9zJTI5&#8243; markers=\u00bb%5B%7B%22marker_size%22%3A%2230%22%7D%5D\u00bb zoom=\u00bb17&#8243;][\/vc_tta_section][vc_tta_section tab_id=\u00bb1560185619290-ec5b43af-687c\u00bb title=\u00bbTorre\u00f3n de las Cabras\u00bb][us_image image=\u00bb6882&#8243; size=\u00bbfull\u00bb][us_separator size=\u00bbsmall\u00bb][vc_column_text]Se levant\u00f3 en los primeros a\u00f1os del siglo XVI; en 1515 fue reforzado dot\u00e1ndolo de pretil y almenas. Hacia 1527 fue sometido a nuevas obras seg\u00fan lo dispuesto por Fray Gabriel Tadino de Martinengo y posteriormente reconstruido siguiendo los planos del ingeniero Micer Benedito de R\u00e1vena en 1534. Entonces era conocido como \u201cde los hombres de Campo\u201d.<\/p>\n<p>Durante la centuria siguiente se construy\u00f3 en su interior un almac\u00e9n de p\u00f3lvora de cuerpo cil\u00edndrico rematado por una b\u00f3veda de media naranja. La\u00a0 parte superior se denominaba entonces\u00a0 \u201cplaza del Potro\u201d. A\u00f1os despu\u00e9s recibir\u00eda el nombre con el\u00a0 que se conoce a d\u00eda de hoy.<\/p>\n<p>En la actualidad alberga el Centro de Interpretaci\u00f3n de Melilla la Vieja (CIMLAV) y el ascensor.[\/vc_column_text][us_separator size=\u00bbsmall\u00bb][vc_column_text][us_grid post_type=\u00bbattachment\u00bb items_quantity=\u00bb\u00bb images=\u00bb6883,6884,6885,6886,6887&#8243; orderby=\u00bbpost__in\u00bb items_gap=\u00bb4px\u00bb columns=\u00bb6&#8243; items_layout=\u00bbgallery_default\u00bb img_size=\u00bbus_350_350_crop\u00bb overriding_link=\u00bbpopup_post_image\u00bb breakpoint_1_cols=\u00bb6&#8243; breakpoint_2_width=\u00bb768px\u00bb breakpoint_3_width=\u00bb480px\u00bb breakpoint_2_cols=\u00bb4&#8243; breakpoint_3_cols=\u00bb2&#8243;][\/vc_column_text][us_separator size=\u00bbsmall\u00bb][us_gmaps marker_address=\u00bb35.292726, -2.932785&#8243; marker_text=\u00bbVG9ycmUlQzMlQjNuJTIwZGUlMjBsYXMlMjBDYWJyYXM=\u00bb markers=\u00bb%5B%7B%22marker_size%22%3A%2230%22%7D%5D\u00bb zoom=\u00bb17&#8243;][\/vc_tta_section][vc_tta_section tab_id=\u00bb1560185619799-2872f6a2-f033&#8243; title=\u00bbTorre\u00f3n de San Juan\u00bb][us_image image=\u00bb6888&#8243; size=\u00bbfull\u00bb][us_separator size=\u00bbsmall\u00bb][vc_column_text]De planta semicircular fue construido en 1515 con el nombre de Torre\u00f3n de Mu\u00f1iz.\u00a0 Tras el repliegue de la plaza al Primer Recinto fue reparado por orden de Gabriel Tadino de Martinengo. Al igual que ocurriera con el resto del Frente de Mar, su forma definitiva se debe a Sancho de Escalante.<\/p>\n<p>En 1553 Juan de Zurita derrib\u00f3 sus almenas y construy\u00f3 un pretil talusado. La denominaci\u00f3n actual de San Juan data de 1604. Ya en el siglo XVIII, concretamente entre 1711 y 1715 el ingeniero Juan Andr\u00e9s del Thosso recompuso las murallas del Frente de Mar y este torre\u00f3n qued\u00f3 preparado para que pudiera albergar artiller\u00eda.<\/p>\n<p>Tom\u00e1s Moreno L\u00e1zaro lo remodelaba en 1917 construyendo la barandilla en lugar del parapeto.[\/vc_column_text][us_separator size=\u00bbsmall\u00bb][vc_column_text][us_grid post_type=\u00bbattachment\u00bb items_quantity=\u00bb\u00bb images=\u00bb6889,6890,6891,6892,6893,6894&#8243; orderby=\u00bbpost__in\u00bb items_gap=\u00bb4px\u00bb columns=\u00bb6&#8243; items_layout=\u00bbgallery_default\u00bb img_size=\u00bbus_350_350_crop\u00bb overriding_link=\u00bbpopup_post_image\u00bb breakpoint_1_cols=\u00bb6&#8243; breakpoint_2_width=\u00bb768px\u00bb breakpoint_3_width=\u00bb480px\u00bb breakpoint_2_cols=\u00bb4&#8243; breakpoint_3_cols=\u00bb2&#8243;][\/vc_column_text][us_separator size=\u00bbsmall\u00bb][us_gmaps marker_address=\u00bb35.292933, -2.933751&#8243; marker_text=\u00bbVG9ycmUlQzMlQjNuJTIwZGUlMjBTYW4lMjBKdWFu\u00bb markers=\u00bb%5B%7B%22marker_size%22%3A%2230%22%7D%5D\u00bb zoom=\u00bb17&#8243;][\/vc_tta_section][vc_tta_section tab_id=\u00bb1560185620273-929fdf89-4658&#8243; title=\u00bbTorre\u00f3n de la Cal\u00bb][us_image image=\u00bb6895&#8243; size=\u00bbfull\u00bb][us_separator size=\u00bbsmall\u00bb][vc_column_text]Fue construido a principios del siglo XVI a modo de barbacana o revell\u00edn con el fin de proteger la Puerta de Mar (o de la Marina) de los fuegos frontales. En 1604 ten\u00eda la forma que en la actualidad y tambi\u00e9n una garita en el extremo colindante con la citada puerta.<\/p>\n<p>Con la intenci\u00f3n de aumentar la defensa y flanqueo de la boca del r\u00edo de oro se reform\u00f3 para albergar una bater\u00eda con varios ca\u00f1ones. La obra definitiva llegar\u00eda en los \u00faltimos a\u00f1os del siglo XVIII, hacia 1794-1796, cuando se reform\u00f3 todo el lienzo de muralla.<br \/>\n[\/vc_column_text][us_separator size=\u00bbsmall\u00bb][vc_column_text][us_grid post_type=\u00bbattachment\u00bb items_quantity=\u00bb\u00bb images=\u00bb6896,6897,6898,6899,6900&#8243; orderby=\u00bbpost__in\u00bb items_gap=\u00bb4px\u00bb columns=\u00bb6&#8243; items_layout=\u00bbgallery_default\u00bb img_size=\u00bbus_350_350_crop\u00bb overriding_link=\u00bbpopup_post_image\u00bb breakpoint_1_cols=\u00bb6&#8243; breakpoint_2_width=\u00bb768px\u00bb breakpoint_3_width=\u00bb480px\u00bb breakpoint_2_cols=\u00bb4&#8243; breakpoint_3_cols=\u00bb2&#8243;][\/vc_column_text][us_separator size=\u00bbsmall\u00bb][us_gmaps marker_address=\u00bb35.293394, -2.934502&#8243; marker_text=\u00bbVG9ycmUlQzMlQjNuJTIwZGUlMjBsYSUyMENhbA==\u00bb markers=\u00bb%5B%7B%22marker_size%22%3A%2230%22%7D%5D\u00bb zoom=\u00bb17&#8243;][\/vc_tta_section][vc_tta_section tab_id=\u00bb1560185621094-3061f981-56f6&#8243; title=\u00bbPuerta de la Marina\u00bb][us_image image=\u00bb6901&#8243; size=\u00bbfull\u00bb][us_separator size=\u00bbsmall\u00bb][vc_column_text]Aunque las murallas de esta zona datan del XVI, el denominado \u201cFrente de la Marina\u201d la forma definitiva de todo el conjunto ser\u00eda ejecutada en el siglo XVIII.<\/p>\n<p>Est\u00e1 formada por un cuerpo de guardia rectangular situado en la parte superior que protege la entrada. La puerta de canter\u00eda, de\u00a0 sobrio clasicismo, se remata en el exterior con\u00a0 escudo real reducido\u00a0 y la inscripci\u00f3n: \u201cREINANDO EL SE\u00d1OR D. CARLOS IV A\u00d1O 1796\u201d.<\/p>\n<p>Ten\u00eda un sistema de puente levadizo con cadenas y un foso excavado en 1680 por el gobernador Diego Fr\u00edas, ya desaparecido.<\/p>\n<p>Constituye la m\u00e1s importante fachada urbana de \u201cMelilla la Vieja\u201d hacia la ciudad moderna.[\/vc_column_text][us_separator size=\u00bbsmall\u00bb][vc_column_text][us_grid post_type=\u00bbattachment\u00bb items_quantity=\u00bb\u00bb images=\u00bb6902,6903,6904,6905,6906&#8243; orderby=\u00bbpost__in\u00bb items_gap=\u00bb4px\u00bb columns=\u00bb6&#8243; items_layout=\u00bbgallery_default\u00bb img_size=\u00bbus_350_350_crop\u00bb overriding_link=\u00bbpopup_post_image\u00bb breakpoint_1_cols=\u00bb6&#8243; breakpoint_2_width=\u00bb768px\u00bb breakpoint_3_width=\u00bb480px\u00bb breakpoint_2_cols=\u00bb4&#8243; breakpoint_3_cols=\u00bb2&#8243;][\/vc_column_text][us_separator size=\u00bbsmall\u00bb][us_gmaps marker_address=\u00bb35.293299, -2.934237&#8243; marker_text=\u00bbUHVlcnRhJTIwZGUlMjBsYSUyME1hcmluYQ==\u00bb markers=\u00bb%5B%7B%22marker_size%22%3A%2230%22%7D%5D\u00bb zoom=\u00bb17&#8243;][\/vc_tta_section][\/vc_tta_accordion][\/vc_column][vc_column width=\u00bb1\/4&#8243;][vc_wp_custommenu nav_menu=\u00bb46&#8243;][\/vc_column][\/vc_row]<\/p>\n","protected":false},"excerpt":{"rendered":"<p>[vc_row][vc_column width=\u00bb3\/4&#8243;][vc_tta_accordion][vc_tta_section tab_id=\u00bb1560183798366-6d65df32-c39b\u00bb title=\u00bbFoso de Santiago\u00bb][us_image image=\u00bb6831&#8243; size=\u00bbfull\u00bb][us_separator size=\u00bbsmall\u00bb][vc_column_text]Se comenz\u00f3 a construir a principios del siglo XVI cuando se empieza [&hellip;]<\/p>\n","protected":false},"author":27,"featured_media":0,"parent":5314,"menu_order":0,"comment_status":"closed","ping_status":"closed","template":"","meta":{"_acf_changed":false,"_uag_custom_page_level_css":"","site-sidebar-layout":"default","site-content-layout":"","ast-site-content-layout":"default","site-content-style":"default","site-sidebar-style":"default","ast-global-header-display":"","ast-banner-title-visibility":"","ast-main-header-display":"","ast-hfb-above-header-display":"","ast-hfb-below-header-display":"","ast-hfb-mobile-header-display":"","site-post-title":"","ast-breadcrumbs-content":"","ast-featured-img":"","footer-sml-layout":"","ast-disable-related-posts":"","theme-transparent-header-meta":"","adv-header-id-meta":"","stick-header-meta":"","header-above-stick-meta":"","header-main-stick-meta":"","header-below-stick-meta":"","astra-migrate-meta-layouts":"default","ast-page-background-enabled":"default","ast-page-background-meta":{"desktop":{"background-color":"var(--ast-global-color-5)","background-image":"","background-repeat":"repeat","background-position":"center center","background-size":"auto","background-attachment":"scroll","background-type":"","background-media":"","overlay-type":"","overlay-color":"","overlay-opacity":"","overlay-gradient":""},"tablet":{"background-color":"","background-image":"","background-repeat":"repeat","background-position":"center center","background-size":"auto","background-attachment":"scroll","background-type":"","background-media":"","overlay-type":"","overlay-color":"","overlay-opacity":"","overlay-gradient":""},"mobile":{"background-color":"","background-image":"","background-repeat":"repeat","background-position":"center center","background-size":"auto","background-attachment":"scroll","background-type":"","background-media":"","overlay-type":"","overlay-color":"","overlay-opacity":"","overlay-gradient":""}},"ast-content-background-meta":{"desktop":{"background-color":"var(--ast-global-color-4)","background-image":"","background-repeat":"repeat","background-position":"center center","background-size":"auto","background-attachment":"scroll","background-type":"","background-media":"","overlay-type":"","overlay-color":"","overlay-opacity":"","overlay-gradient":""},"tablet":{"background-color":"var(--ast-global-color-4)","background-image":"","background-repeat":"repeat","background-position":"center center","background-size":"auto","background-attachment":"scroll","background-type":"","background-media":"","overlay-type":"","overlay-color":"","overlay-opacity":"","overlay-gradient":""},"mobile":{"background-color":"var(--ast-global-color-4)","background-image":"","background-repeat":"repeat","background-position":"center center","background-size":"auto","background-attachment":"scroll","background-type":"","background-media":"","overlay-type":"","overlay-color":"","overlay-opacity":"","overlay-gradient":""}},"footnotes":""},"class_list":["post-5716","page","type-page","status-publish","hentry"],"acf":[],"uagb_featured_image_src":{"full":false,"thumbnail":false,"medium":false,"medium_large":false,"large":false,"1536x1536":false,"2048x2048":false,"trp-custom-language-flag":false},"uagb_author_info":{"display_name":"Melilla Monumental","author_link":"https:\/\/melillamonumental.es\/de\/author\/melilla\/"},"uagb_comment_info":0,"uagb_excerpt":"[vc_row][vc_column width=\u00bb3\/4&#8243;][vc_tta_accordion][vc_tta_section tab_id=\u00bb1560183798366-6d65df32-c39b\u00bb title=\u00bbFoso de Santiago\u00bb][us_image image=\u00bb6831&#8243; size=\u00bbfull\u00bb][us_separator size=\u00bbsmall\u00bb][vc_column_text]Se comenz\u00f3 a construir a principios del siglo XVI cuando se empieza [&hellip;]","_links":{"self":[{"href":"https:\/\/melillamonumental.es\/de\/wp-json\/wp\/v2\/pages\/5716","targetHints":{"allow":["GET"]}}],"collection":[{"href":"https:\/\/melillamonumental.es\/de\/wp-json\/wp\/v2\/pages"}],"about":[{"href":"https:\/\/melillamonumental.es\/de\/wp-json\/wp\/v2\/types\/page"}],"author":[{"embeddable":true,"href":"https:\/\/melillamonumental.es\/de\/wp-json\/wp\/v2\/users\/27"}],"replies":[{"embeddable":true,"href":"https:\/\/melillamonumental.es\/de\/wp-json\/wp\/v2\/comments?post=5716"}],"version-history":[{"count":11,"href":"https:\/\/melillamonumental.es\/de\/wp-json\/wp\/v2\/pages\/5716\/revisions"}],"predecessor-version":[{"id":6931,"href":"https:\/\/melillamonumental.es\/de\/wp-json\/wp\/v2\/pages\/5716\/revisions\/6931"}],"up":[{"embeddable":true,"href":"https:\/\/melillamonumental.es\/de\/wp-json\/wp\/v2\/pages\/5314"}],"wp:attachment":[{"href":"https:\/\/melillamonumental.es\/de\/wp-json\/wp\/v2\/media?parent=5716"}],"curies":[{"name":"wp","href":"https:\/\/api.w.org\/{rel}","templated":true}]}}