{"id":5292,"date":"2019-01-23T09:56:30","date_gmt":"2019-01-23T08:56:30","guid":{"rendered":"https:\/\/eldominio.ovh\/?page_id=5292"},"modified":"2019-06-10T18:32:40","modified_gmt":"2019-06-10T17:32:40","slug":"conjuntos-y-propuestas-de-recorridos","status":"publish","type":"page","link":"https:\/\/melillamonumental.es\/en\/conjuntos-y-propuestas-de-recorridos\/","title":{"rendered":"Sets and Route Proposals"},"content":{"rendered":"<p>[vc_row][vc_column width=\u00bb3\/4&#8243;][us_image image=\u00bb5841&#8243; size=\u00bbfull\u00bb][us_separator size=\u00bbsmall\u00bb][vc_column_text]Para poder apreciar los valores del Conjunto Fortificado o del Conjunto Modernistas de Melilla es necesario transitarlos, para ese desenlace realizamos las siguientes descripciones y propuestas de recorridos.<\/p>\n<p>El <a href=\"\/conjuntos-y-propuestas-de-recorridos\/conjunto-del-ensanche-modernista-de-melilla\/\"><strong>Recorrido del Conjunto Modernistas<\/strong> <\/a>es un paseo por sus diferentes estilos arquitect\u00f3nicos, que definen cada uno de sus edificios y elementos compositivos ornamentales.<\/p>\n<p>El <a href=\"\/conjuntos-y-propuestas-de-recorridos\/conjunto-fortificado-de-melilla\/\"><strong>Recorrido del Conjunto Fortificado<\/strong> <\/a>puede seguir un sentido cronol\u00f3gico invertido, accediendo desde el recinto m\u00e1s moderno, el Cuarto, para terminar en la parte m\u00e1s antigua, el Primer Recinto.<\/p>\n<p>En los <a href=\"\/conjuntos-y-propuestas-de-recorridos\/otras-propuestas-de-recorridos-singulares-de-melilla\/\"><strong>Recorridos de Otros Conjuntos Singulares de Melilla<\/strong><\/a>, aunque estas propuestas de cierta manera quedan recogidas en los circuitos anteriores, merecen un apartado especial por su singularidad. Como son los caso de la arquitectura de cementerios o de nuestros edificios religiosos.<\/p>\n<p>Los <a href=\"\/conjuntos-y-propuestas-de-recorridos\/recorridos-europeos-e-internacionales-desde-melilla\/\"><strong>Recorridos Europeos e internacionales<\/strong> <\/a>desde Melilla son la forma de conseguir la visualizaci\u00f3n de Melilla en todas las actividades que se desarrollan, la excelencia en materia de calidad a trav\u00e9s de los sellos europeos, finalidad espec\u00edfica que persigue la Fundaci\u00f3n tal como queda recogido en su normativa.[\/vc_column_text][\/vc_column][vc_column width=\u00bb1\/4&#8243;][vc_wp_custommenu nav_menu=\u00bb47&#8243;][\/vc_column][\/vc_row]<\/p>\n","protected":false},"excerpt":{"rendered":"<p>[vc_row][vc_column width=\u00bb3\/4&#8243;][us_image image=\u00bb5841&#8243; size=\u00bbfull\u00bb][us_separator size=\u00bbsmall\u00bb][vc_column_text]Para poder apreciar los valores del Conjunto Fortificado o del Conjunto Modernistas de Melilla es necesario [&hellip;]<\/p>\n","protected":false},"author":27,"featured_media":0,"parent":0,"menu_order":0,"comment_status":"closed","ping_status":"closed","template":"","meta":{"_acf_changed":false,"_uag_custom_page_level_css":"","site-sidebar-layout":"default","site-content-layout":"","ast-site-content-layout":"default","site-content-style":"default","site-sidebar-style":"default","ast-global-header-display":"","ast-banner-title-visibility":"","ast-main-header-display":"","ast-hfb-above-header-display":"","ast-hfb-below-header-display":"","ast-hfb-mobile-header-display":"","site-post-title":"","ast-breadcrumbs-content":"","ast-featured-img":"","footer-sml-layout":"","ast-disable-related-posts":"","theme-transparent-header-meta":"","adv-header-id-meta":"","stick-header-meta":"","header-above-stick-meta":"","header-main-stick-meta":"","header-below-stick-meta":"","astra-migrate-meta-layouts":"default","ast-page-background-enabled":"default","ast-page-background-meta":{"desktop":{"background-color":"var(--ast-global-color-5)","background-image":"","background-repeat":"repeat","background-position":"center center","background-size":"auto","background-attachment":"scroll","background-type":"","background-media":"","overlay-type":"","overlay-color":"","overlay-opacity":"","overlay-gradient":""},"tablet":{"background-color":"","background-image":"","background-repeat":"repeat","background-position":"center center","background-size":"auto","background-attachment":"scroll","background-type":"","background-media":"","overlay-type":"","overlay-color":"","overlay-opacity":"","overlay-gradient":""},"mobile":{"background-color":"","background-image":"","background-repeat":"repeat","background-position":"center center","background-size":"auto","background-attachment":"scroll","background-type":"","background-media":"","overlay-type":"","overlay-color":"","overlay-opacity":"","overlay-gradient":""}},"ast-content-background-meta":{"desktop":{"background-color":"var(--ast-global-color-4)","background-image":"","background-repeat":"repeat","background-position":"center center","background-size":"auto","background-attachment":"scroll","background-type":"","background-media":"","overlay-type":"","overlay-color":"","overlay-opacity":"","overlay-gradient":""},"tablet":{"background-color":"var(--ast-global-color-4)","background-image":"","background-repeat":"repeat","background-position":"center center","background-size":"auto","background-attachment":"scroll","background-type":"","background-media":"","overlay-type":"","overlay-color":"","overlay-opacity":"","overlay-gradient":""},"mobile":{"background-color":"var(--ast-global-color-4)","background-image":"","background-repeat":"repeat","background-position":"center center","background-size":"auto","background-attachment":"scroll","background-type":"","background-media":"","overlay-type":"","overlay-color":"","overlay-opacity":"","overlay-gradient":""}},"footnotes":""},"class_list":["post-5292","page","type-page","status-publish","hentry"],"acf":[],"uagb_featured_image_src":{"full":false,"thumbnail":false,"medium":false,"medium_large":false,"large":false,"1536x1536":false,"2048x2048":false,"trp-custom-language-flag":false},"uagb_author_info":{"display_name":"Melilla Monumental","author_link":"https:\/\/melillamonumental.es\/en\/author\/melilla\/"},"uagb_comment_info":0,"uagb_excerpt":"[vc_row][vc_column width=\u00bb3\/4&#8243;][us_image image=\u00bb5841&#8243; size=\u00bbfull\u00bb][us_separator size=\u00bbsmall\u00bb][vc_column_text]Para poder apreciar los valores del Conjunto Fortificado o del Conjunto Modernistas de Melilla es necesario [&hellip;]","_links":{"self":[{"href":"https:\/\/melillamonumental.es\/en\/wp-json\/wp\/v2\/pages\/5292","targetHints":{"allow":["GET"]}}],"collection":[{"href":"https:\/\/melillamonumental.es\/en\/wp-json\/wp\/v2\/pages"}],"about":[{"href":"https:\/\/melillamonumental.es\/en\/wp-json\/wp\/v2\/types\/page"}],"author":[{"embeddable":true,"href":"https:\/\/melillamonumental.es\/en\/wp-json\/wp\/v2\/users\/27"}],"replies":[{"embeddable":true,"href":"https:\/\/melillamonumental.es\/en\/wp-json\/wp\/v2\/comments?post=5292"}],"version-history":[{"count":11,"href":"https:\/\/melillamonumental.es\/en\/wp-json\/wp\/v2\/pages\/5292\/revisions"}],"predecessor-version":[{"id":6917,"href":"https:\/\/melillamonumental.es\/en\/wp-json\/wp\/v2\/pages\/5292\/revisions\/6917"}],"wp:attachment":[{"href":"https:\/\/melillamonumental.es\/en\/wp-json\/wp\/v2\/media?parent=5292"}],"curies":[{"name":"wp","href":"https:\/\/api.w.org\/{rel}","templated":true}]}}