{"id":5719,"date":"2019-03-22T09:15:56","date_gmt":"2019-03-22T08:15:56","guid":{"rendered":"https:\/\/melillamonumental.es\/?page_id=5719"},"modified":"2019-06-11T08:40:06","modified_gmt":"2019-06-11T07:40:06","slug":"cuarto-recinto","status":"publish","type":"page","link":"https:\/\/melillamonumental.es\/en\/conjuntos-y-propuestas-de-recorridos\/conjunto-fortificado-de-melilla\/sus-elementos\/cuarto-recinto\/","title":{"rendered":"Cuarto Recinto"},"content":{"rendered":"<p>[vc_row][vc_column width=\u00bb3\/4&#8243;][vc_tta_accordion][vc_tta_section tab_id=\u00bb1560183798366-6d65df32-c39b\u00bb title=\u00bbFuerte de Victoria Chica\u00bb][us_image image=\u00bb6766&#8243; size=\u00bbfull\u00bb][us_separator size=\u00bbsmall\u00bb][vc_column_text]<span style=\"font-family: 'Arial',sans-serif;\">Era de vital importancia para la defensa de la Plaza el dominio del cerro de la Altura del Cubo. As\u00ed desde los primeros a\u00f1os del siglo XVIII se intent\u00f3 en varias ocasiones hasta que el 19 de noviembre de 1732 daba comienzo la construcci\u00f3n de un fuerte provisional de madera, denominado \u201cde la Victoria\u201d y al a\u00f1o siguiente se reconstru\u00eda en mamposter\u00eda con el nombre de \u201cVictoria Vieja o Chica\u201d. Se llam\u00f3 as\u00ed en honor a la Patrona.<\/span><\/p>\n<p><span style=\"font-family: 'Arial',sans-serif;\">En 1773 el ingeniero Juan Caballero propuso que fuese reformado convirti\u00e9ndolo en un fuerte con dos frentes y un peque\u00f1o flanco, dotado con 10 ca\u00f1oneras formando tenaza con Victoria Grande y el Rosario.<\/span>[\/vc_column_text][us_separator size=\u00bbsmall\u00bb][vc_column_text][us_grid post_type=\u00bbattachment\u00bb items_quantity=\u00bb\u00bb images=\u00bb6767,6768,6769,6770&#8243; orderby=\u00bbpost__in\u00bb items_gap=\u00bb4px\u00bb columns=\u00bb6&#8243; items_layout=\u00bbgallery_default\u00bb img_size=\u00bbus_350_350_crop\u00bb overriding_link=\u00bbpopup_post_image\u00bb breakpoint_1_cols=\u00bb6&#8243; breakpoint_2_width=\u00bb768px\u00bb breakpoint_3_width=\u00bb480px\u00bb breakpoint_2_cols=\u00bb4&#8243; breakpoint_3_cols=\u00bb2&#8243;][\/vc_column_text][us_separator size=\u00bbsmall\u00bb][us_gmaps marker_address=\u00bb35.296040, -2.937080&#8243; marker_text=\u00bbRnVlcnRlJTIwZGUlMjBWaWN0b3JpYSUyMENoaWNh\u00bb markers=\u00bb%5B%7B%22marker_size%22%3A%2230%22%7D%5D\u00bb zoom=\u00bb17&#8243;][\/vc_tta_section][vc_tta_section tab_id=\u00bb1560183798386-60fd7b9f-8405&#8243; title=\u00bbFuerte de Victoria Grande\u00bb][us_image image=\u00bb6771&#8243; size=\u00bbfull\u00bb][us_separator size=\u00bbsmall\u00bb][vc_column_text]<span style=\"font-family: 'Arial',sans-serif;\">Erigido entre 1735 y 1736 por el ingeniero Juan Mart\u00edn Zerme\u00f1o siendo gobernador Antonio de Villalba y Angulo. De planta septagonal, con una entrada de piedra de siller\u00eda que conduce a un patio triangular que da acceso a varias b\u00f3vedas, un polvor\u00edn y una capilla. <\/span><\/p>\n<p><span style=\"font-family: 'Arial',sans-serif;\">Desde este fuerte en 1862 el ca\u00f1\u00f3n \u201cEl Caminante\u201d disparaba las balas que delimitaban el territorio de Melilla.<\/span><\/p>\n<p><span style=\"font-family: 'Arial',sans-serif;\">En esta fortificaci\u00f3n del siglo XVIII estuvo durante muchos a\u00f1os la prisi\u00f3n provincial. Tras ser restaurado se est\u00e1 procediendo a la musealizaci\u00f3n de sus salas.<\/span>[\/vc_column_text][us_separator size=\u00bbsmall\u00bb][vc_column_text][us_grid post_type=\u00bbattachment\u00bb items_quantity=\u00bb\u00bb images=\u00bb6772,2773,6774,6775,6776,6777&#8243; orderby=\u00bbpost__in\u00bb items_gap=\u00bb4px\u00bb columns=\u00bb6&#8243; items_layout=\u00bbgallery_default\u00bb img_size=\u00bbus_350_350_crop\u00bb overriding_link=\u00bbpopup_post_image\u00bb breakpoint_1_cols=\u00bb6&#8243; breakpoint_2_width=\u00bb768px\u00bb breakpoint_3_width=\u00bb480px\u00bb breakpoint_2_cols=\u00bb4&#8243; breakpoint_3_cols=\u00bb2&#8243;][\/vc_column_text][us_separator size=\u00bbsmall\u00bb][us_gmaps marker_address=\u00bb35.296648, -2.937081&#8243; marker_text=\u00bbRnVlcnRlJTIwZGUlMjBWaWN0b3JpYSUyMEdyYW5kZQ==\u00bb markers=\u00bb%5B%7B%22marker_size%22%3A%2230%22%7D%5D\u00bb zoom=\u00bb17&#8243;][\/vc_tta_section][vc_tta_section tab_id=\u00bb1560183947081-6dcf540a-03a8&#8243; title=\u00bbFuerte del Rosario\u00bb][us_image image=\u00bb6778&#8243; size=\u00bbfull\u00bb][us_separator size=\u00bbsmall\u00bb][vc_column_text]Reducto cuadrado de mamposter\u00eda construido\u00a0 hacia 1736 en la zona norte de la altura del Cubo.\u00a0 Ten\u00eda unas defensas frontales para la fusiler\u00eda. En 1778 se ampli\u00f3 el flanco sur con una bater\u00eda terraplenada para formar tenaza con el fuerte de Victoria Grande.<\/p>\n<p>Contaba con un interior abovedado \u201ca prueba de bombas\u201d y comunicaci\u00f3n directa con las galer\u00edas de minas.[\/vc_column_text][us_separator size=\u00bbsmall\u00bb][vc_column_text][us_grid post_type=\u00bbattachment\u00bb items_quantity=\u00bb\u00bb images=\u00bb6779,6780,6781,6782,6783,6784&#8243; orderby=\u00bbpost__in\u00bb items_gap=\u00bb4px\u00bb columns=\u00bb6&#8243; items_layout=\u00bbgallery_default\u00bb img_size=\u00bbus_350_350_crop\u00bb overriding_link=\u00bbpopup_post_image\u00bb breakpoint_1_cols=\u00bb6&#8243; breakpoint_2_width=\u00bb768px\u00bb breakpoint_3_width=\u00bb480px\u00bb breakpoint_2_cols=\u00bb4&#8243; breakpoint_3_cols=\u00bb2&#8243;][\/vc_column_text][us_separator size=\u00bbsmall\u00bb][us_gmaps marker_address=\u00bb35.297229, -2.936967&#8243; marker_text=\u00bbRnVlcnRlJTIwZGVsJTIwUm9zYXJpbw==\u00bb markers=\u00bb%5B%7B%22marker_size%22%3A%2230%22%7D%5D\u00bb zoom=\u00bb17&#8243;][\/vc_tta_section][\/vc_tta_accordion][\/vc_column][vc_column width=\u00bb1\/4&#8243;][vc_wp_custommenu nav_menu=\u00bb46&#8243;][\/vc_column][\/vc_row]<\/p>\n","protected":false},"excerpt":{"rendered":"<p>[vc_row][vc_column width=\u00bb3\/4&#8243;][vc_tta_accordion][vc_tta_section tab_id=\u00bb1560183798366-6d65df32-c39b\u00bb title=\u00bbFuerte de Victoria Chica\u00bb][us_image image=\u00bb6766&#8243; size=\u00bbfull\u00bb][us_separator size=\u00bbsmall\u00bb][vc_column_text]Era de vital importancia para la defensa de la Plaza el [&hellip;]<\/p>\n","protected":false},"author":27,"featured_media":0,"parent":5314,"menu_order":0,"comment_status":"closed","ping_status":"closed","template":"","meta":{"_acf_changed":false,"_uag_custom_page_level_css":"","site-sidebar-layout":"default","site-content-layout":"","ast-site-content-layout":"default","site-content-style":"default","site-sidebar-style":"default","ast-global-header-display":"","ast-banner-title-visibility":"","ast-main-header-display":"","ast-hfb-above-header-display":"","ast-hfb-below-header-display":"","ast-hfb-mobile-header-display":"","site-post-title":"","ast-breadcrumbs-content":"","ast-featured-img":"","footer-sml-layout":"","ast-disable-related-posts":"","theme-transparent-header-meta":"","adv-header-id-meta":"","stick-header-meta":"","header-above-stick-meta":"","header-main-stick-meta":"","header-below-stick-meta":"","astra-migrate-meta-layouts":"default","ast-page-background-enabled":"default","ast-page-background-meta":{"desktop":{"background-color":"var(--ast-global-color-5)","background-image":"","background-repeat":"repeat","background-position":"center center","background-size":"auto","background-attachment":"scroll","background-type":"","background-media":"","overlay-type":"","overlay-color":"","overlay-opacity":"","overlay-gradient":""},"tablet":{"background-color":"","background-image":"","background-repeat":"repeat","background-position":"center center","background-size":"auto","background-attachment":"scroll","background-type":"","background-media":"","overlay-type":"","overlay-color":"","overlay-opacity":"","overlay-gradient":""},"mobile":{"background-color":"","background-image":"","background-repeat":"repeat","background-position":"center center","background-size":"auto","background-attachment":"scroll","background-type":"","background-media":"","overlay-type":"","overlay-color":"","overlay-opacity":"","overlay-gradient":""}},"ast-content-background-meta":{"desktop":{"background-color":"var(--ast-global-color-4)","background-image":"","background-repeat":"repeat","background-position":"center center","background-size":"auto","background-attachment":"scroll","background-type":"","background-media":"","overlay-type":"","overlay-color":"","overlay-opacity":"","overlay-gradient":""},"tablet":{"background-color":"var(--ast-global-color-4)","background-image":"","background-repeat":"repeat","background-position":"center center","background-size":"auto","background-attachment":"scroll","background-type":"","background-media":"","overlay-type":"","overlay-color":"","overlay-opacity":"","overlay-gradient":""},"mobile":{"background-color":"var(--ast-global-color-4)","background-image":"","background-repeat":"repeat","background-position":"center center","background-size":"auto","background-attachment":"scroll","background-type":"","background-media":"","overlay-type":"","overlay-color":"","overlay-opacity":"","overlay-gradient":""}},"footnotes":""},"class_list":["post-5719","page","type-page","status-publish","hentry"],"acf":[],"uagb_featured_image_src":{"full":false,"thumbnail":false,"medium":false,"medium_large":false,"large":false,"1536x1536":false,"2048x2048":false,"trp-custom-language-flag":false},"uagb_author_info":{"display_name":"Melilla Monumental","author_link":"https:\/\/melillamonumental.es\/en\/author\/melilla\/"},"uagb_comment_info":0,"uagb_excerpt":"[vc_row][vc_column width=\u00bb3\/4&#8243;][vc_tta_accordion][vc_tta_section tab_id=\u00bb1560183798366-6d65df32-c39b\u00bb title=\u00bbFuerte de Victoria Chica\u00bb][us_image image=\u00bb6766&#8243; size=\u00bbfull\u00bb][us_separator size=\u00bbsmall\u00bb][vc_column_text]Era de vital importancia para la defensa de la Plaza el [&hellip;]","_links":{"self":[{"href":"https:\/\/melillamonumental.es\/en\/wp-json\/wp\/v2\/pages\/5719","targetHints":{"allow":["GET"]}}],"collection":[{"href":"https:\/\/melillamonumental.es\/en\/wp-json\/wp\/v2\/pages"}],"about":[{"href":"https:\/\/melillamonumental.es\/en\/wp-json\/wp\/v2\/types\/page"}],"author":[{"embeddable":true,"href":"https:\/\/melillamonumental.es\/en\/wp-json\/wp\/v2\/users\/27"}],"replies":[{"embeddable":true,"href":"https:\/\/melillamonumental.es\/en\/wp-json\/wp\/v2\/comments?post=5719"}],"version-history":[{"count":11,"href":"https:\/\/melillamonumental.es\/en\/wp-json\/wp\/v2\/pages\/5719\/revisions"}],"predecessor-version":[{"id":6928,"href":"https:\/\/melillamonumental.es\/en\/wp-json\/wp\/v2\/pages\/5719\/revisions\/6928"}],"up":[{"embeddable":true,"href":"https:\/\/melillamonumental.es\/en\/wp-json\/wp\/v2\/pages\/5314"}],"wp:attachment":[{"href":"https:\/\/melillamonumental.es\/en\/wp-json\/wp\/v2\/media?parent=5719"}],"curies":[{"name":"wp","href":"https:\/\/api.w.org\/{rel}","templated":true}]}}