{"id":5346,"date":"2019-01-23T10:26:49","date_gmt":"2019-01-23T09:26:49","guid":{"rendered":"https:\/\/eldominio.ovh\/?page_id=5346"},"modified":"2019-02-26T12:37:22","modified_gmt":"2019-02-26T11:37:22","slug":"cristianos","status":"publish","type":"page","link":"https:\/\/melillamonumental.es\/fr\/conjuntos-y-propuestas-de-recorridos\/otros-espacios-singulares-arquitectura-religiosa\/cristianos\/","title":{"rendered":"Cristianos"},"content":{"rendered":"<p><strong>\u00c9glise de l'Immacul\u00e9e Conception<\/strong><\/p>\n<p>La Iglesia de Nuestra Se\u00f1ora de la Concepci\u00f3n es la m\u00e1s antigua de Melilla; su construcci\u00f3n data de 1657. De estilo rom\u00e1nico alberga en su interior la talla del Cristo de la Vera Cruz que llevaron los primeros espa\u00f1oles a la ciudad. Hasta ahora ha estado regentada por los Padres Capuchinos que, debido a la escasez de vocaciones, se han marchado de nuestra ciudad, despu\u00e9s de una presencia ininterrumpida en Melilla desde 1660.<\/p>\n<p><strong>Iglesia del Hospital Militar<\/strong><\/p>\n<p>La Capilla de Cristo Rey del Hospital Militar Pag\u00e9s, declarada bien de inter\u00e9s cultural con categor\u00eda de monumento en enero de 2004, fue dise\u00f1ada por el ingeniero militar Luis Sicre entre 1939 y 1941. Se extiende sobre una planta de 480 metros cuadrados al estilo basilical latino, por lo que su aspecto interno recuerda a las bas\u00edlicas cristianas de Roma, hecho poco habitual en esta zona mediterr\u00e1nea.<\/p>\n<p>La iglesia est\u00e1 compuesta por tres naves separadas por columnas de piedra estucadas al temple que al conservarse en perfecto estado ayudan a reafirmar el indudable encanto de esta construcci\u00f3n.<\/p>\n<p>Erigida gracias a las donaciones populares, como ocurr\u00eda con muchas iglesias de la \u00e9poca, la Capilla de Cristo Rey posee un valor intr\u00ednseco indudable que ha sabido apreciar la Direcci\u00f3n General de Bellas Artes al convertirla en bien de inter\u00e9s cultural, bas\u00e1ndose en las estimaciones de la Comisi\u00f3n Nacional de Patrimonio.<\/p>\n<p>\u2022 Iglesia del Sagrado Coraz\u00f3n, sede de la Vicar\u00eda Episcopal de Melilla<\/p>\n<p>\u2022 Iglesia Castrense<\/p>\n<p>\u2022 Iglesia de San Francisco Javier (antigua Cruz Roja)<\/p>\n<p>\u2022 Iglesia de San Agust\u00edn (Barrio del Real)<\/p>\n<p>\u2022 Iglesia de Santa Mar\u00eda Micaela (Barrio de la Victoria)<\/p>\n<p>\u2022 Iglesia del Tesorillo<\/p>\n<p>\u2022 Iglesia de la Medalla Milagrosa (Barrio de Bater\u00eda Jota)<\/p>","protected":false},"excerpt":{"rendered":"<p>Iglesia de la Pur\u00edsima Concepci\u00f3n La Iglesia de Nuestra Se\u00f1ora de la Concepci\u00f3n es la m\u00e1s antigua de Melilla; su [&hellip;]<\/p>\n","protected":false},"author":27,"featured_media":0,"parent":5344,"menu_order":0,"comment_status":"closed","ping_status":"closed","template":"","meta":{"_acf_changed":false,"_uag_custom_page_level_css":"","site-sidebar-layout":"default","site-content-layout":"","ast-site-content-layout":"default","site-content-style":"default","site-sidebar-style":"default","ast-global-header-display":"","ast-banner-title-visibility":"","ast-main-header-display":"","ast-hfb-above-header-display":"","ast-hfb-below-header-display":"","ast-hfb-mobile-header-display":"","site-post-title":"","ast-breadcrumbs-content":"","ast-featured-img":"","footer-sml-layout":"","ast-disable-related-posts":"","theme-transparent-header-meta":"","adv-header-id-meta":"","stick-header-meta":"","header-above-stick-meta":"","header-main-stick-meta":"","header-below-stick-meta":"","astra-migrate-meta-layouts":"default","ast-page-background-enabled":"default","ast-page-background-meta":{"desktop":{"background-color":"var(--ast-global-color-5)","background-image":"","background-repeat":"repeat","background-position":"center center","background-size":"auto","background-attachment":"scroll","background-type":"","background-media":"","overlay-type":"","overlay-color":"","overlay-opacity":"","overlay-gradient":""},"tablet":{"background-color":"","background-image":"","background-repeat":"repeat","background-position":"center center","background-size":"auto","background-attachment":"scroll","background-type":"","background-media":"","overlay-type":"","overlay-color":"","overlay-opacity":"","overlay-gradient":""},"mobile":{"background-color":"","background-image":"","background-repeat":"repeat","background-position":"center center","background-size":"auto","background-attachment":"scroll","background-type":"","background-media":"","overlay-type":"","overlay-color":"","overlay-opacity":"","overlay-gradient":""}},"ast-content-background-meta":{"desktop":{"background-color":"var(--ast-global-color-4)","background-image":"","background-repeat":"repeat","background-position":"center center","background-size":"auto","background-attachment":"scroll","background-type":"","background-media":"","overlay-type":"","overlay-color":"","overlay-opacity":"","overlay-gradient":""},"tablet":{"background-color":"var(--ast-global-color-4)","background-image":"","background-repeat":"repeat","background-position":"center center","background-size":"auto","background-attachment":"scroll","background-type":"","background-media":"","overlay-type":"","overlay-color":"","overlay-opacity":"","overlay-gradient":""},"mobile":{"background-color":"var(--ast-global-color-4)","background-image":"","background-repeat":"repeat","background-position":"center center","background-size":"auto","background-attachment":"scroll","background-type":"","background-media":"","overlay-type":"","overlay-color":"","overlay-opacity":"","overlay-gradient":""}},"footnotes":""},"class_list":["post-5346","page","type-page","status-publish","hentry"],"acf":[],"uagb_featured_image_src":{"full":false,"thumbnail":false,"medium":false,"medium_large":false,"large":false,"1536x1536":false,"2048x2048":false,"trp-custom-language-flag":false},"uagb_author_info":{"display_name":"Melilla Monumental","author_link":"https:\/\/melillamonumental.es\/fr\/author\/melilla\/"},"uagb_comment_info":0,"uagb_excerpt":"Iglesia de la Pur\u00edsima Concepci\u00f3n La Iglesia de Nuestra Se\u00f1ora de la Concepci\u00f3n es la m\u00e1s antigua de Melilla; su [&hellip;]","_links":{"self":[{"href":"https:\/\/melillamonumental.es\/fr\/wp-json\/wp\/v2\/pages\/5346","targetHints":{"allow":["GET"]}}],"collection":[{"href":"https:\/\/melillamonumental.es\/fr\/wp-json\/wp\/v2\/pages"}],"about":[{"href":"https:\/\/melillamonumental.es\/fr\/wp-json\/wp\/v2\/types\/page"}],"author":[{"embeddable":true,"href":"https:\/\/melillamonumental.es\/fr\/wp-json\/wp\/v2\/users\/27"}],"replies":[{"embeddable":true,"href":"https:\/\/melillamonumental.es\/fr\/wp-json\/wp\/v2\/comments?post=5346"}],"version-history":[{"count":1,"href":"https:\/\/melillamonumental.es\/fr\/wp-json\/wp\/v2\/pages\/5346\/revisions"}],"predecessor-version":[{"id":5347,"href":"https:\/\/melillamonumental.es\/fr\/wp-json\/wp\/v2\/pages\/5346\/revisions\/5347"}],"up":[{"embeddable":true,"href":"https:\/\/melillamonumental.es\/fr\/wp-json\/wp\/v2\/pages\/5344"}],"wp:attachment":[{"href":"https:\/\/melillamonumental.es\/fr\/wp-json\/wp\/v2\/media?parent=5346"}],"curies":[{"name":"wp","href":"https:\/\/api.w.org\/{rel}","templated":true}]}}