{"id":5314,"date":"2019-01-23T10:09:11","date_gmt":"2019-01-23T09:09:11","guid":{"rendered":"https:\/\/eldominio.ovh\/?page_id=5314"},"modified":"2019-06-11T08:36:42","modified_gmt":"2019-06-11T07:36:42","slug":"sus-elementos","status":"publish","type":"page","link":"https:\/\/melillamonumental.es\/it\/conjuntos-y-propuestas-de-recorridos\/conjunto-fortificado-de-melilla\/sus-elementos\/","title":{"rendered":"Sus elementos"},"content":{"rendered":"<p>[vc_row][vc_column width=\u00bb3\/4&#8243;][us_image image=\u00bb5885&#8243; size=\u00bbfull\u00bb][us_separator size=\u00bbsmall\u00bb][vc_column_text]El Conjunto Fortificado de Melilla est\u00e1 formado los por cuatro recintos defensivos que se superponen en un radio de medio kil\u00f3metro desde nuestra sede, al que se les agrego una serie de fuerte exteriores durante el siglo XIX para dominar todo el territorio y culminar su longitud radial de alrededor de tres kil\u00f3metros.<\/p>\n<p><strong>Primer Recinto<\/strong><\/p>\n<p>Adem\u00e1s de estructuras defensivas como los frentes de muralla que lo rodean\u00a0 o el imponente Foso de Santiago, en este recinto, levantado durante la transici\u00f3n de la Edad Media al Renacimiento, es posible visitar edificios civiles y religiosos de gran belleza, Museos de gran inter\u00e9s como los de Arqueolog\u00eda, Historia y Etnogr\u00e1fico sin olvidar en el historia militar situado en el Baluarte de la Concepci\u00f3n (antiguo almac\u00e9n de p\u00f3lvora). Entre las visitas de inter\u00e9s cabe citar la Puerta y Capilla de Santiago, los Aljibes, el Hospital del Rey y la Iglesia de la Concepci\u00f3n, la m\u00e1s antigua de la ciudad.[\/vc_column_text][us_separator size=\u00bbsmall\u00bb][us_gmaps marker_address=\u00bb35.293878, -2.934794&#8243; marker_text=\u00bbRm9zbyUyMGRlJTIwU2FudGlhZ28=\u00bb markers=\u00bb%5B%7B%22marker_address%22%3A%2235.293749%2C%20-2.934801%22%2C%22marker_text%22%3A%22Puerta%20de%20Santiago%22%2C%22marker_size%22%3A%2230%22%7D%2C%7B%22marker_address%22%3A%2235.293648%2C%20-2.934629%22%2C%22marker_text%22%3A%22Plaza%20de%20la%20Avanzadilla%20y%20Puerta%20de%20Santa%20Ana%22%2C%22marker_size%22%3A%2230%22%7D%2C%7B%22marker_address%22%3A%2235.293671%2C%20-2.934518%22%2C%22marker_text%22%3A%22Capilla%20de%20Santiago%22%2C%22marker_size%22%3A%2230%22%7D%2C%7B%22marker_address%22%3A%2235.294106%2C%20-2.934544%22%2C%22marker_text%22%3A%22Cortina%20de%20la%20Bater%C3%ADa%20Real%22%2C%22marker_size%22%3A%2230%22%7D%2C%7B%22marker_address%22%3A%2235.294988%2C%20-2.934081%22%2C%22marker_text%22%3A%22Baluarte%20de%20la%20Concepci%C3%B3n%22%2C%22marker_size%22%3A%2230%22%7D%2C%7B%22marker_address%22%3A%2235.294324%2C%20-2.932374%22%2C%22marker_text%22%3A%22Torre%C3%B3n%20del%20Bonete%22%2C%22marker_size%22%3A%2230%22%7D%2C%7B%22marker_address%22%3A%2235.293486%2C%20-2.932386%22%2C%22marker_text%22%3A%22Torre%C3%B3n%20de%20las%20Pelotas%20(o%20de%20los%20Bola%C3%B1os)%22%2C%22marker_size%22%3A%2230%22%7D%2C%7B%22marker_address%22%3A%2235.292726%2C%20-2.932785%22%2C%22marker_text%22%3A%22Torre%C3%B3n%20de%20las%20Cabras%22%2C%22marker_size%22%3A%2230%22%7D%2C%7B%22marker_address%22%3A%2235.292933%2C%20-2.933751%22%2C%22marker_text%22%3A%22Torre%C3%B3n%20de%20San%20Juan%22%2C%22marker_size%22%3A%2230%22%7D%2C%7B%22marker_address%22%3A%2235.293394%2C%20-2.934502%22%2C%22marker_text%22%3A%22Torre%C3%B3n%20de%20la%20Cal%22%2C%22marker_size%22%3A%2230%22%7D%2C%7B%22marker_address%22%3A%2235.293299%2C%20-2.934237%22%2C%22marker_text%22%3A%22Puerta%20de%20la%20Marina%22%2C%22marker_size%22%3A%2230%22%7D%5D\u00bb zoom=\u00bb17&#8243;][us_separator size=\u00bbsmall\u00bb][us_btn label=\u00bbEspacios Singulares\u00bb link=\u00bburl:https%3A%2F%2Fmelillamonumental.es%2Fconjuntos-y-propuestas-de-recorridos%2Fconjunto-fortificado-de-melilla%2Fsus-elementos%2Fprimer-recinto%2F|title:Primer%20Recinto||\u00bb width_type=\u00bbfull\u00bb][us_separator size=\u00bblarge\u00bb][vc_column_text]<strong>Segundo Recinto<\/strong><\/p>\n<p>Tambi\u00e9n denominado Plaza de Armas, donde\u00a0 se asent\u00f3 el primer n\u00facleo de poblaci\u00f3n tras la llegada de Pedro de Estopi\u00f1\u00e1n. En \u00e9l se conservan los Baluartes de San Jos\u00e9 y San Pedro, unidos por una cortina con ca\u00f1oneras. En este gran espacio abierto estuvo ubicada la Ermita de la Victoria.[\/vc_column_text][us_separator size=\u00bbsmall\u00bb][us_gmaps marker_address=\u00bb35.294038, -2.935316&#8243; marker_text=\u00bbUGxhemElMjBkZSUyMEFybWFz\u00bb markers=\u00bb%5B%7B%22marker_address%22%3A%2235.293860%2C%20-2.935977%22%2C%22marker_text%22%3A%22Baluartes%20de%20San%20Jos%C3%A9%22%2C%22marker_size%22%3A%2230%22%7D%2C%7B%22marker_address%22%3A%2235.294535%2C%20-2.935505%22%2C%22marker_text%22%3A%22Baluarte%20de%20San%20Pedro%22%2C%22marker_size%22%3A%2230%22%7D%2C%7B%22marker_address%22%3A%2235.294119%2C%20-2.935862%22%2C%22marker_text%22%3A%22Foso%20del%20Hornabeque%22%2C%22marker_size%22%3A%2230%22%7D%5D\u00bb zoom=\u00bb17&#8243;][us_separator size=\u00bbsmall\u00bb][us_btn label=\u00bbEspacios Singulares\u00bb link=\u00bburl:https%3A%2F%2Fmelillamonumental.es%2Fconjuntos-y-propuestas-de-recorridos%2Fconjunto-fortificado-de-melilla%2Fsus-elementos%2Fsegundo-recinto%2F|title:Segundo%20Recinto||\u00bb width_type=\u00bbfull\u00bb][us_separator size=\u00bblarge\u00bb][vc_column_text]<strong>Tercer Recinto<\/strong><\/p>\n<p>Situado sobre las antiguas murallas de la medina. En este recinto, que est\u00e1 rodeado por el Foso de los Cameros, destacan la Torre de la Alafia o de las Cinco Palabras (la \u00fanica torre medieval conservada en la ciudad), el Baluarte y\u00a0 Cuartel de San Fernando y la Bater\u00eda de San Bernab\u00e9. Se accede desde el T\u00fanel de San Fernando, ubicado en la muralla de la Falsa Braga, que desemboca en el Foso del Hornabeque, excavado en el siglo XVIII.[\/vc_column_text][us_separator size=\u00bbsmall\u00bb][us_gmaps marker_address=\u00bb35.294443, -2.936334&#8243; marker_text=\u00bbRm9zbyUyMGRlJTIwbG9zJTIwQ2FybmVyb3M=\u00bb markers=\u00bb%5B%7B%22marker_address%22%3A%2235.294097%2C%20-2.936546%22%2C%22marker_text%22%3A%22Baluarte%20de%20San%20Fernando%22%2C%22marker_size%22%3A%2230%22%7D%2C%7B%22marker_address%22%3A%2235.294822%2C%20-2.935791%22%2C%22marker_text%22%3A%22Baluarte%20de%20las%20Cinco%20Palabras%22%2C%22marker_size%22%3A%2230%22%7D%5D\u00bb zoom=\u00bb17&#8243;][us_separator size=\u00bbsmall\u00bb][us_btn label=\u00bbEspacios Singulares\u00bb link=\u00bburl:https%3A%2F%2Fmelillamonumental.es%2Fconjuntos-y-propuestas-de-recorridos%2Fconjunto-fortificado-de-melilla%2Fsus-elementos%2Ftercer-recinto%2F|title:Tercer%20Recinto||\u00bb width_type=\u00bbfull\u00bb][us_separator size=\u00bblarge\u00bb][vc_column_text]<strong>Cuarto Recinto<\/strong><\/p>\n<p>El dominio de esta zona era de vital importancia para la defensa de la Plaza. Fue edificado durante el siglo XVIII y est\u00e1 formado por una serie de fuertes como los de Victoria Grande, Victoria Chica y el Rosario en la zona m\u00e1s elevada. En la parte m\u00e1s baja, los de San Carlos y San Miguel, entre otros.[\/vc_column_text][us_separator size=\u00bbsmall\u00bb][us_gmaps marker_address=\u00bb35.296040, -2.937080&#8243; marker_text=\u00bbRnVlcnRlJTIwZGUlMjBWaWN0b3JpYSUyMENoaWNh\u00bb markers=\u00bb%5B%7B%22marker_address%22%3A%2235.296648%2C%20-2.937081%22%2C%22marker_text%22%3A%22Fuerte%20de%20Victoria%20Grande%22%2C%22marker_size%22%3A%2230%22%7D%2C%7B%22marker_address%22%3A%2235.297229%2C%20-2.936967%22%2C%22marker_text%22%3A%22Fuerte%20del%20Rosario%22%2C%22marker_size%22%3A%2230%22%7D%5D\u00bb zoom=\u00bb17&#8243;][us_separator size=\u00bbsmall\u00bb][us_btn label=\u00bbEspacios Singulares\u00bb link=\u00bburl:https%3A%2F%2Fmelillamonumental.es%2Fconjuntos-y-propuestas-de-recorridos%2Fconjunto-fortificado-de-melilla%2Fsus-elementos%2Fcuarto-recinto%2F|title:Cuarto%20Recinto||\u00bb width_type=\u00bbfull\u00bb][\/vc_column][vc_column width=\u00bb1\/4&#8243;][vc_wp_custommenu nav_menu=\u00bb46&#8243;][\/vc_column][\/vc_row]<\/p>\n","protected":false},"excerpt":{"rendered":"<p>[vc_row][vc_column width=\u00bb3\/4&#8243;][us_image image=\u00bb5885&#8243; size=\u00bbfull\u00bb][us_separator size=\u00bbsmall\u00bb][vc_column_text]El Conjunto Fortificado de Melilla est\u00e1 formado los por cuatro recintos defensivos que se superponen en [&hellip;]<\/p>\n","protected":false},"author":27,"featured_media":0,"parent":5308,"menu_order":0,"comment_status":"closed","ping_status":"closed","template":"","meta":{"_acf_changed":false,"_uag_custom_page_level_css":"","site-sidebar-layout":"default","site-content-layout":"","ast-site-content-layout":"default","site-content-style":"default","site-sidebar-style":"default","ast-global-header-display":"","ast-banner-title-visibility":"","ast-main-header-display":"","ast-hfb-above-header-display":"","ast-hfb-below-header-display":"","ast-hfb-mobile-header-display":"","site-post-title":"","ast-breadcrumbs-content":"","ast-featured-img":"","footer-sml-layout":"","ast-disable-related-posts":"","theme-transparent-header-meta":"","adv-header-id-meta":"","stick-header-meta":"","header-above-stick-meta":"","header-main-stick-meta":"","header-below-stick-meta":"","astra-migrate-meta-layouts":"default","ast-page-background-enabled":"default","ast-page-background-meta":{"desktop":{"background-color":"var(--ast-global-color-5)","background-image":"","background-repeat":"repeat","background-position":"center center","background-size":"auto","background-attachment":"scroll","background-type":"","background-media":"","overlay-type":"","overlay-color":"","overlay-opacity":"","overlay-gradient":""},"tablet":{"background-color":"","background-image":"","background-repeat":"repeat","background-position":"center center","background-size":"auto","background-attachment":"scroll","background-type":"","background-media":"","overlay-type":"","overlay-color":"","overlay-opacity":"","overlay-gradient":""},"mobile":{"background-color":"","background-image":"","background-repeat":"repeat","background-position":"center center","background-size":"auto","background-attachment":"scroll","background-type":"","background-media":"","overlay-type":"","overlay-color":"","overlay-opacity":"","overlay-gradient":""}},"ast-content-background-meta":{"desktop":{"background-color":"var(--ast-global-color-4)","background-image":"","background-repeat":"repeat","background-position":"center center","background-size":"auto","background-attachment":"scroll","background-type":"","background-media":"","overlay-type":"","overlay-color":"","overlay-opacity":"","overlay-gradient":""},"tablet":{"background-color":"var(--ast-global-color-4)","background-image":"","background-repeat":"repeat","background-position":"center center","background-size":"auto","background-attachment":"scroll","background-type":"","background-media":"","overlay-type":"","overlay-color":"","overlay-opacity":"","overlay-gradient":""},"mobile":{"background-color":"var(--ast-global-color-4)","background-image":"","background-repeat":"repeat","background-position":"center center","background-size":"auto","background-attachment":"scroll","background-type":"","background-media":"","overlay-type":"","overlay-color":"","overlay-opacity":"","overlay-gradient":""}},"footnotes":""},"class_list":["post-5314","page","type-page","status-publish","hentry"],"acf":[],"uagb_featured_image_src":{"full":false,"thumbnail":false,"medium":false,"medium_large":false,"large":false,"1536x1536":false,"2048x2048":false,"trp-custom-language-flag":false},"uagb_author_info":{"display_name":"Melilla Monumental","author_link":"https:\/\/melillamonumental.es\/it\/author\/melilla\/"},"uagb_comment_info":0,"uagb_excerpt":"[vc_row][vc_column width=\u00bb3\/4&#8243;][us_image image=\u00bb5885&#8243; size=\u00bbfull\u00bb][us_separator size=\u00bbsmall\u00bb][vc_column_text]El Conjunto Fortificado de Melilla est\u00e1 formado los por cuatro recintos defensivos que se superponen en [&hellip;]","_links":{"self":[{"href":"https:\/\/melillamonumental.es\/it\/wp-json\/wp\/v2\/pages\/5314","targetHints":{"allow":["GET"]}}],"collection":[{"href":"https:\/\/melillamonumental.es\/it\/wp-json\/wp\/v2\/pages"}],"about":[{"href":"https:\/\/melillamonumental.es\/it\/wp-json\/wp\/v2\/types\/page"}],"author":[{"embeddable":true,"href":"https:\/\/melillamonumental.es\/it\/wp-json\/wp\/v2\/users\/27"}],"replies":[{"embeddable":true,"href":"https:\/\/melillamonumental.es\/it\/wp-json\/wp\/v2\/comments?post=5314"}],"version-history":[{"count":25,"href":"https:\/\/melillamonumental.es\/it\/wp-json\/wp\/v2\/pages\/5314\/revisions"}],"predecessor-version":[{"id":6927,"href":"https:\/\/melillamonumental.es\/it\/wp-json\/wp\/v2\/pages\/5314\/revisions\/6927"}],"up":[{"embeddable":true,"href":"https:\/\/melillamonumental.es\/it\/wp-json\/wp\/v2\/pages\/5308"}],"wp:attachment":[{"href":"https:\/\/melillamonumental.es\/it\/wp-json\/wp\/v2\/media?parent=5314"}],"curies":[{"name":"wp","href":"https:\/\/api.w.org\/{rel}","templated":true}]}}