{"id":5718,"date":"2019-03-22T09:15:16","date_gmt":"2019-03-22T08:15:16","guid":{"rendered":"https:\/\/melillamonumental.es\/?page_id=5718"},"modified":"2019-06-11T08:48:37","modified_gmt":"2019-06-11T07:48:37","slug":"tercer-recinto","status":"publish","type":"page","link":"https:\/\/melillamonumental.es\/it\/conjuntos-y-propuestas-de-recorridos\/conjunto-fortificado-de-melilla\/sus-elementos\/tercer-recinto\/","title":{"rendered":"Tercer Recinto"},"content":{"rendered":"<p>[vc_row][vc_column width=\u00bb3\/4&#8243;][vc_tta_accordion][vc_tta_section tab_id=\u00bb1560183798366-6d65df32-c39b\u00bb title=\u00bbFoso de los Carneros\u00bb][us_image image=\u00bb6786&#8243; size=\u00bbfull\u00bb][us_separator size=\u00bbsmall\u00bb][vc_column_text]Conocido tambi\u00e9n como Cerca o Cava de la Villa Vieja se trata con toda probabilidad del foso m\u00e1s antiguo de Melilla excavado, probablemente, el mismo d\u00eda que lleg\u00f3 Pedro de Estopi\u00f1\u00e1n. En 1747 se llam\u00f3 Foso de las Minas. Su nombre actual puede proceder del siglo XVII, cuando tras la epidemia que azot\u00f3 la Plaza en 1680 se utiliz\u00f3 como \u201cCarnero\u201d, lugar o fosa\u00a0 para enterrar a los fallecidos.[\/vc_column_text][us_separator size=\u00bbsmall\u00bb][vc_column_text][us_grid post_type=\u00bbattachment\u00bb items_quantity=\u00bb\u00bb images=\u00bb6787,6788&#8243; orderby=\u00bbpost__in\u00bb items_gap=\u00bb4px\u00bb columns=\u00bb6&#8243; items_layout=\u00bbgallery_default\u00bb img_size=\u00bbus_350_350_crop\u00bb overriding_link=\u00bbpopup_post_image\u00bb breakpoint_1_cols=\u00bb6&#8243; breakpoint_2_width=\u00bb768px\u00bb breakpoint_3_width=\u00bb480px\u00bb breakpoint_2_cols=\u00bb4&#8243; breakpoint_3_cols=\u00bb2&#8243;][\/vc_column_text][us_separator size=\u00bbsmall\u00bb][us_gmaps marker_address=\u00bb35.294443, -2.936334&#8243; marker_text=\u00bbRm9zbyUyMGRlJTIwbG9zJTIwQ2FybmVyb3M=\u00bb markers=\u00bb%5B%7B%22marker_size%22%3A%2230%22%7D%5D\u00bb zoom=\u00bb17&#8243;][\/vc_tta_section][vc_tta_section tab_id=\u00bb1560183798386-60fd7b9f-8405&#8243; title=\u00bbBaluarte de San Fernando\u00bb][us_image image=\u00bb6789&#8243; size=\u00bbfull\u00bb][us_separator size=\u00bbsmall\u00bb][vc_column_text]En este lugar exist\u00eda en el\u00a0 siglo XVI la\u00a0 llamada\u00a0 Torre Quemada; junto a ella estaba la Puerta del Campo. Fue reedificada en 1604 por el gobernador Pedro de Heredia, instalando sobre\u00a0 bater\u00edas pues era una de las zonas m\u00e1s importantes de la Plaza.<\/p>\n<p>En el siglo XVIII se realizaron las obras definitivas de reforma, inici\u00e1ndose la construcci\u00f3n del baluarte de San Fernando, siguiendo el proyecto del ingeniero Juan Mart\u00edn Zerme\u00f1o.[\/vc_column_text][us_separator size=\u00bbsmall\u00bb][vc_column_text][us_grid post_type=\u00bbattachment\u00bb items_quantity=\u00bb\u00bb images=\u00bb6790,6791,6792,6793,6794&#8243; orderby=\u00bbpost__in\u00bb items_gap=\u00bb4px\u00bb columns=\u00bb6&#8243; items_layout=\u00bbgallery_default\u00bb img_size=\u00bbus_350_350_crop\u00bb overriding_link=\u00bbpopup_post_image\u00bb breakpoint_1_cols=\u00bb6&#8243; breakpoint_2_width=\u00bb768px\u00bb breakpoint_3_width=\u00bb480px\u00bb breakpoint_2_cols=\u00bb4&#8243; breakpoint_3_cols=\u00bb2&#8243;][\/vc_column_text][us_separator size=\u00bbsmall\u00bb][us_gmaps marker_address=\u00bb35.294097, -2.936546&#8243; marker_text=\u00bbQmFsdWFydGUlMjBkZSUyMFNhbiUyMEZlcm5hbmRv\u00bb markers=\u00bb%5B%7B%22marker_size%22%3A%2230%22%7D%5D\u00bb zoom=\u00bb17&#8243;][\/vc_tta_section][vc_tta_section tab_id=\u00bb1560183947081-6dcf540a-03a8&#8243; title=\u00bbBaluarte de las Cinco Palabras\u00bb][us_image image=\u00bb6795&#8243; size=\u00bbfull\u00bb][us_separator size=\u00bbsmall\u00bb][vc_column_text]Durante el siglo XVI y XVII fue un simple torre\u00f3n que cerraba por el lado norte las murallas de la Alaf\u00eda. En 1604 era utilizado para hospedar a los fronterizos que llegaban para comerciar. A finales del siglo XVII se denominada Torre\u00f3n del Veedor y en 1721 Baluarte de San Francisco.<\/p>\n<p>Hacia 1740 era conocido ya con el actual.<br \/>\nCon toda probabilidad sea el \u00fanico vestigio de torre medieval existente en Melilla con puerta y postigo que permaneci\u00f3 hasta el siglo XIX.[\/vc_column_text][us_separator size=\u00bbsmall\u00bb][vc_column_text][us_grid post_type=\u00bbattachment\u00bb items_quantity=\u00bb\u00bb images=\u00bb6796,6797,6798,6799&#8243; orderby=\u00bbpost__in\u00bb items_gap=\u00bb4px\u00bb columns=\u00bb6&#8243; items_layout=\u00bbgallery_default\u00bb img_size=\u00bbus_350_350_crop\u00bb overriding_link=\u00bbpopup_post_image\u00bb breakpoint_1_cols=\u00bb6&#8243; breakpoint_2_width=\u00bb768px\u00bb breakpoint_3_width=\u00bb480px\u00bb breakpoint_2_cols=\u00bb4&#8243; breakpoint_3_cols=\u00bb2&#8243;][\/vc_column_text][us_separator size=\u00bbsmall\u00bb][us_gmaps marker_address=\u00bb35.294822, -2.935791&#8243; marker_text=\u00bbQmFsdWFydGUlMjBkZSUyMGxhcyUyMENpbmNvJTIwUGFsYWJyYXM=\u00bb markers=\u00bb%5B%7B%22marker_size%22%3A%2230%22%7D%5D\u00bb zoom=\u00bb17&#8243;][\/vc_tta_section][\/vc_tta_accordion][\/vc_column][vc_column width=\u00bb1\/4&#8243;][vc_wp_custommenu nav_menu=\u00bb46&#8243;][\/vc_column][\/vc_row]<\/p>\n","protected":false},"excerpt":{"rendered":"<p>[vc_row][vc_column width=\u00bb3\/4&#8243;][vc_tta_accordion][vc_tta_section tab_id=\u00bb1560183798366-6d65df32-c39b\u00bb title=\u00bbFoso de los Carneros\u00bb][us_image image=\u00bb6786&#8243; size=\u00bbfull\u00bb][us_separator size=\u00bbsmall\u00bb][vc_column_text]Conocido tambi\u00e9n como Cerca o Cava de la Villa Vieja se [&hellip;]<\/p>\n","protected":false},"author":27,"featured_media":0,"parent":5314,"menu_order":0,"comment_status":"closed","ping_status":"closed","template":"","meta":{"_acf_changed":false,"_uag_custom_page_level_css":"","site-sidebar-layout":"default","site-content-layout":"","ast-site-content-layout":"default","site-content-style":"default","site-sidebar-style":"default","ast-global-header-display":"","ast-banner-title-visibility":"","ast-main-header-display":"","ast-hfb-above-header-display":"","ast-hfb-below-header-display":"","ast-hfb-mobile-header-display":"","site-post-title":"","ast-breadcrumbs-content":"","ast-featured-img":"","footer-sml-layout":"","ast-disable-related-posts":"","theme-transparent-header-meta":"","adv-header-id-meta":"","stick-header-meta":"","header-above-stick-meta":"","header-main-stick-meta":"","header-below-stick-meta":"","astra-migrate-meta-layouts":"default","ast-page-background-enabled":"default","ast-page-background-meta":{"desktop":{"background-color":"var(--ast-global-color-5)","background-image":"","background-repeat":"repeat","background-position":"center center","background-size":"auto","background-attachment":"scroll","background-type":"","background-media":"","overlay-type":"","overlay-color":"","overlay-opacity":"","overlay-gradient":""},"tablet":{"background-color":"","background-image":"","background-repeat":"repeat","background-position":"center center","background-size":"auto","background-attachment":"scroll","background-type":"","background-media":"","overlay-type":"","overlay-color":"","overlay-opacity":"","overlay-gradient":""},"mobile":{"background-color":"","background-image":"","background-repeat":"repeat","background-position":"center center","background-size":"auto","background-attachment":"scroll","background-type":"","background-media":"","overlay-type":"","overlay-color":"","overlay-opacity":"","overlay-gradient":""}},"ast-content-background-meta":{"desktop":{"background-color":"var(--ast-global-color-4)","background-image":"","background-repeat":"repeat","background-position":"center center","background-size":"auto","background-attachment":"scroll","background-type":"","background-media":"","overlay-type":"","overlay-color":"","overlay-opacity":"","overlay-gradient":""},"tablet":{"background-color":"var(--ast-global-color-4)","background-image":"","background-repeat":"repeat","background-position":"center center","background-size":"auto","background-attachment":"scroll","background-type":"","background-media":"","overlay-type":"","overlay-color":"","overlay-opacity":"","overlay-gradient":""},"mobile":{"background-color":"var(--ast-global-color-4)","background-image":"","background-repeat":"repeat","background-position":"center center","background-size":"auto","background-attachment":"scroll","background-type":"","background-media":"","overlay-type":"","overlay-color":"","overlay-opacity":"","overlay-gradient":""}},"footnotes":""},"class_list":["post-5718","page","type-page","status-publish","hentry"],"acf":[],"uagb_featured_image_src":{"full":false,"thumbnail":false,"medium":false,"medium_large":false,"large":false,"1536x1536":false,"2048x2048":false,"trp-custom-language-flag":false},"uagb_author_info":{"display_name":"Melilla Monumental","author_link":"https:\/\/melillamonumental.es\/it\/author\/melilla\/"},"uagb_comment_info":0,"uagb_excerpt":"[vc_row][vc_column width=\u00bb3\/4&#8243;][vc_tta_accordion][vc_tta_section tab_id=\u00bb1560183798366-6d65df32-c39b\u00bb title=\u00bbFoso de los Carneros\u00bb][us_image image=\u00bb6786&#8243; size=\u00bbfull\u00bb][us_separator size=\u00bbsmall\u00bb][vc_column_text]Conocido tambi\u00e9n como Cerca o Cava de la Villa Vieja se [&hellip;]","_links":{"self":[{"href":"https:\/\/melillamonumental.es\/it\/wp-json\/wp\/v2\/pages\/5718","targetHints":{"allow":["GET"]}}],"collection":[{"href":"https:\/\/melillamonumental.es\/it\/wp-json\/wp\/v2\/pages"}],"about":[{"href":"https:\/\/melillamonumental.es\/it\/wp-json\/wp\/v2\/types\/page"}],"author":[{"embeddable":true,"href":"https:\/\/melillamonumental.es\/it\/wp-json\/wp\/v2\/users\/27"}],"replies":[{"embeddable":true,"href":"https:\/\/melillamonumental.es\/it\/wp-json\/wp\/v2\/comments?post=5718"}],"version-history":[{"count":11,"href":"https:\/\/melillamonumental.es\/it\/wp-json\/wp\/v2\/pages\/5718\/revisions"}],"predecessor-version":[{"id":6929,"href":"https:\/\/melillamonumental.es\/it\/wp-json\/wp\/v2\/pages\/5718\/revisions\/6929"}],"up":[{"embeddable":true,"href":"https:\/\/melillamonumental.es\/it\/wp-json\/wp\/v2\/pages\/5314"}],"wp:attachment":[{"href":"https:\/\/melillamonumental.es\/it\/wp-json\/wp\/v2\/media?parent=5718"}],"curies":[{"name":"wp","href":"https:\/\/api.w.org\/{rel}","templated":true}]}}