{"id":5214,"date":"2019-01-23T09:00:48","date_gmt":"2019-01-23T08:00:48","guid":{"rendered":"https:\/\/eldominio.ovh\/?page_id=5214"},"modified":"2019-06-07T12:14:14","modified_gmt":"2019-06-07T11:14:14","slug":"historia","status":"publish","type":"page","link":"https:\/\/melillamonumental.es\/ja\/historia\/","title":{"rendered":"Historia"},"content":{"rendered":"<p>[vc_row][vc_column width=\u00bb3\/4&#8243;][us_image image=\u00bb6507&#8243; size=\u00bbfull\u00bb][us_separator][vc_column_text]Se constituye, de manera indefinida a principios del presente siglo, adscrita a la Consejer\u00eda de Cultura de la Ciudad Aut\u00f3noma. Cuenta con personalidad jur\u00eddica propia para la realizaci\u00f3n de sus principales objetivos: La conservaci\u00f3n, mantenimiento, restauraci\u00f3n, difusi\u00f3n e investigaci\u00f3n del Patrimonio Hist\u00f3rico-Art\u00edstico y la revitalizaci\u00f3n de los espacios protegidos declarados Bienes de Inter\u00e9s Cultural, entre otros. Derivado de ello y teniendo en cuenta los valores intangibles de su interculturalidad y la ejemplaridad de la convivencia en esta ciudad norteafricana, entre los fines fundacionales tambi\u00e9n est\u00e1 conseguir su inscripci\u00f3n en la Lista del Patrimonio Mundial.<\/p>\n<p>La primera reuni\u00f3n de la Comisi\u00f3n Ejecutiva se llev\u00f3 a cabo en octubre de 2001. En ella se realiza la convocatoria del Consejo Rector para el d\u00eda siguiente. El lugar elegido fue el despacho del cronista de la ciudad situado en la Bater\u00eda Baja del Baluarte de la Concepci\u00f3n.<\/p>\n<p>La primera partida presupuestaria con que se iba a contar (30 millones de pesetas), fue invertida en gran parte en el acondicionamiento de dicha sede. Las obras se prolongaron desde finales de 2001 hasta mediados de junio de 2002. Al inicio de ese verano, se ocuparon las nuevas oficinas.<\/p>\n<p>En septiembre de 2005 se anuncia la rehabilitaci\u00f3n del Faro de Melilla la Vieja (1918) para nueva sede de la Fundaci\u00f3n Melilla Ciudad Monumental. El autor del proyecto fue el arquitecto melillense Mateo Bazataqu\u00ed, con un coste de 300.000 euros. La inauguraci\u00f3n tuvo lugar en agosto de 2007.[\/vc_column_text][\/vc_column][vc_column width=\u00bb1\/4&#8243;][vc_wp_custommenu nav_menu=\u00bb37&#8243;][\/vc_column][\/vc_row]<\/p>\n","protected":false},"excerpt":{"rendered":"<p>[vc_row][vc_column width=\u00bb3\/4&#8243;][us_image image=\u00bb6507&#8243; size=\u00bbfull\u00bb][us_separator][vc_column_text]Se constituye, de manera indefinida a principios del presente siglo, adscrita a la Consejer\u00eda de Cultura de [&hellip;]<\/p>\n","protected":false},"author":27,"featured_media":0,"parent":0,"menu_order":0,"comment_status":"closed","ping_status":"closed","template":"","meta":{"_acf_changed":false,"_uag_custom_page_level_css":"","site-sidebar-layout":"default","site-content-layout":"","ast-site-content-layout":"default","site-content-style":"default","site-sidebar-style":"default","ast-global-header-display":"","ast-banner-title-visibility":"","ast-main-header-display":"","ast-hfb-above-header-display":"","ast-hfb-below-header-display":"","ast-hfb-mobile-header-display":"","site-post-title":"","ast-breadcrumbs-content":"","ast-featured-img":"","footer-sml-layout":"","ast-disable-related-posts":"","theme-transparent-header-meta":"","adv-header-id-meta":"","stick-header-meta":"","header-above-stick-meta":"","header-main-stick-meta":"","header-below-stick-meta":"","astra-migrate-meta-layouts":"default","ast-page-background-enabled":"default","ast-page-background-meta":{"desktop":{"background-color":"var(--ast-global-color-5)","background-image":"","background-repeat":"repeat","background-position":"center center","background-size":"auto","background-attachment":"scroll","background-type":"","background-media":"","overlay-type":"","overlay-color":"","overlay-opacity":"","overlay-gradient":""},"tablet":{"background-color":"","background-image":"","background-repeat":"repeat","background-position":"center center","background-size":"auto","background-attachment":"scroll","background-type":"","background-media":"","overlay-type":"","overlay-color":"","overlay-opacity":"","overlay-gradient":""},"mobile":{"background-color":"","background-image":"","background-repeat":"repeat","background-position":"center center","background-size":"auto","background-attachment":"scroll","background-type":"","background-media":"","overlay-type":"","overlay-color":"","overlay-opacity":"","overlay-gradient":""}},"ast-content-background-meta":{"desktop":{"background-color":"var(--ast-global-color-4)","background-image":"","background-repeat":"repeat","background-position":"center center","background-size":"auto","background-attachment":"scroll","background-type":"","background-media":"","overlay-type":"","overlay-color":"","overlay-opacity":"","overlay-gradient":""},"tablet":{"background-color":"var(--ast-global-color-4)","background-image":"","background-repeat":"repeat","background-position":"center center","background-size":"auto","background-attachment":"scroll","background-type":"","background-media":"","overlay-type":"","overlay-color":"","overlay-opacity":"","overlay-gradient":""},"mobile":{"background-color":"var(--ast-global-color-4)","background-image":"","background-repeat":"repeat","background-position":"center center","background-size":"auto","background-attachment":"scroll","background-type":"","background-media":"","overlay-type":"","overlay-color":"","overlay-opacity":"","overlay-gradient":""}},"footnotes":""},"class_list":["post-5214","page","type-page","status-publish","hentry"],"acf":[],"uagb_featured_image_src":{"full":false,"thumbnail":false,"medium":false,"medium_large":false,"large":false,"1536x1536":false,"2048x2048":false,"trp-custom-language-flag":false},"uagb_author_info":{"display_name":"Melilla Monumental","author_link":"https:\/\/melillamonumental.es\/ja\/author\/melilla\/"},"uagb_comment_info":0,"uagb_excerpt":"[vc_row][vc_column width=\u00bb3\/4&#8243;][us_image image=\u00bb6507&#8243; size=\u00bbfull\u00bb][us_separator][vc_column_text]Se constituye, de manera indefinida a principios del presente siglo, adscrita a la Consejer\u00eda de Cultura de [&hellip;]","_links":{"self":[{"href":"https:\/\/melillamonumental.es\/ja\/wp-json\/wp\/v2\/pages\/5214","targetHints":{"allow":["GET"]}}],"collection":[{"href":"https:\/\/melillamonumental.es\/ja\/wp-json\/wp\/v2\/pages"}],"about":[{"href":"https:\/\/melillamonumental.es\/ja\/wp-json\/wp\/v2\/types\/page"}],"author":[{"embeddable":true,"href":"https:\/\/melillamonumental.es\/ja\/wp-json\/wp\/v2\/users\/27"}],"replies":[{"embeddable":true,"href":"https:\/\/melillamonumental.es\/ja\/wp-json\/wp\/v2\/comments?post=5214"}],"version-history":[{"count":6,"href":"https:\/\/melillamonumental.es\/ja\/wp-json\/wp\/v2\/pages\/5214\/revisions"}],"predecessor-version":[{"id":6366,"href":"https:\/\/melillamonumental.es\/ja\/wp-json\/wp\/v2\/pages\/5214\/revisions\/6366"}],"wp:attachment":[{"href":"https:\/\/melillamonumental.es\/ja\/wp-json\/wp\/v2\/media?parent=5214"}],"curies":[{"name":"wp","href":"https:\/\/api.w.org\/{rel}","templated":true}]}}