{"id":5352,"date":"2019-01-23T10:27:53","date_gmt":"2019-01-23T09:27:53","guid":{"rendered":"https:\/\/eldominio.ovh\/?page_id=5352"},"modified":"2019-02-26T12:37:18","modified_gmt":"2019-02-26T11:37:18","slug":"hindues","status":"publish","type":"page","link":"https:\/\/melillamonumental.es\/ja\/conjuntos-y-propuestas-de-recorridos\/otros-espacios-singulares-arquitectura-religiosa\/hindues\/","title":{"rendered":"Hind\u00faes"},"content":{"rendered":"<p><strong>Oratorio Hind\u00fa<\/strong><\/p>\n<p>(C\/ Castelar): \u00c9ste es el \u00fanico edificio de culto de la comunidad hind\u00fa de Melilla. Este templo tambi\u00e9n hace las veces de sal\u00f3n de reuni\u00f3n para la comunidad. El templo posee un hermoso altar en el que se veneran im\u00e1genes y fotograf\u00edas de los distintos santones y gur\u00fas a los que siguen los hind\u00faes de la ciudad. Tambi\u00e9n hay im\u00e1genes de sus dioses e incluso, debido a la actitud sincretista de esta religi\u00f3n, podemos encontrar im\u00e1genes de Jesucristo.<\/p>","protected":false},"excerpt":{"rendered":"<p>Oratorio Hind\u00fa (C\/ Castelar): \u00c9ste es el \u00fanico edificio de culto de la comunidad hind\u00fa de Melilla. Este templo tambi\u00e9n [&hellip;]<\/p>\n","protected":false},"author":27,"featured_media":0,"parent":5344,"menu_order":0,"comment_status":"closed","ping_status":"closed","template":"","meta":{"_acf_changed":false,"_uag_custom_page_level_css":"","site-sidebar-layout":"default","site-content-layout":"","ast-site-content-layout":"default","site-content-style":"default","site-sidebar-style":"default","ast-global-header-display":"","ast-banner-title-visibility":"","ast-main-header-display":"","ast-hfb-above-header-display":"","ast-hfb-below-header-display":"","ast-hfb-mobile-header-display":"","site-post-title":"","ast-breadcrumbs-content":"","ast-featured-img":"","footer-sml-layout":"","ast-disable-related-posts":"","theme-transparent-header-meta":"","adv-header-id-meta":"","stick-header-meta":"","header-above-stick-meta":"","header-main-stick-meta":"","header-below-stick-meta":"","astra-migrate-meta-layouts":"default","ast-page-background-enabled":"default","ast-page-background-meta":{"desktop":{"background-color":"var(--ast-global-color-5)","background-image":"","background-repeat":"repeat","background-position":"center center","background-size":"auto","background-attachment":"scroll","background-type":"","background-media":"","overlay-type":"","overlay-color":"","overlay-opacity":"","overlay-gradient":""},"tablet":{"background-color":"","background-image":"","background-repeat":"repeat","background-position":"center center","background-size":"auto","background-attachment":"scroll","background-type":"","background-media":"","overlay-type":"","overlay-color":"","overlay-opacity":"","overlay-gradient":""},"mobile":{"background-color":"","background-image":"","background-repeat":"repeat","background-position":"center center","background-size":"auto","background-attachment":"scroll","background-type":"","background-media":"","overlay-type":"","overlay-color":"","overlay-opacity":"","overlay-gradient":""}},"ast-content-background-meta":{"desktop":{"background-color":"var(--ast-global-color-4)","background-image":"","background-repeat":"repeat","background-position":"center center","background-size":"auto","background-attachment":"scroll","background-type":"","background-media":"","overlay-type":"","overlay-color":"","overlay-opacity":"","overlay-gradient":""},"tablet":{"background-color":"var(--ast-global-color-4)","background-image":"","background-repeat":"repeat","background-position":"center center","background-size":"auto","background-attachment":"scroll","background-type":"","background-media":"","overlay-type":"","overlay-color":"","overlay-opacity":"","overlay-gradient":""},"mobile":{"background-color":"var(--ast-global-color-4)","background-image":"","background-repeat":"repeat","background-position":"center center","background-size":"auto","background-attachment":"scroll","background-type":"","background-media":"","overlay-type":"","overlay-color":"","overlay-opacity":"","overlay-gradient":""}},"footnotes":""},"class_list":["post-5352","page","type-page","status-publish","hentry"],"acf":[],"uagb_featured_image_src":{"full":false,"thumbnail":false,"medium":false,"medium_large":false,"large":false,"1536x1536":false,"2048x2048":false,"trp-custom-language-flag":false},"uagb_author_info":{"display_name":"Melilla Monumental","author_link":"https:\/\/melillamonumental.es\/ja\/author\/melilla\/"},"uagb_comment_info":0,"uagb_excerpt":"Oratorio Hind\u00fa (C\/ Castelar): \u00c9ste es el \u00fanico edificio de culto de la comunidad hind\u00fa de Melilla. Este templo tambi\u00e9n [&hellip;]","_links":{"self":[{"href":"https:\/\/melillamonumental.es\/ja\/wp-json\/wp\/v2\/pages\/5352","targetHints":{"allow":["GET"]}}],"collection":[{"href":"https:\/\/melillamonumental.es\/ja\/wp-json\/wp\/v2\/pages"}],"about":[{"href":"https:\/\/melillamonumental.es\/ja\/wp-json\/wp\/v2\/types\/page"}],"author":[{"embeddable":true,"href":"https:\/\/melillamonumental.es\/ja\/wp-json\/wp\/v2\/users\/27"}],"replies":[{"embeddable":true,"href":"https:\/\/melillamonumental.es\/ja\/wp-json\/wp\/v2\/comments?post=5352"}],"version-history":[{"count":1,"href":"https:\/\/melillamonumental.es\/ja\/wp-json\/wp\/v2\/pages\/5352\/revisions"}],"predecessor-version":[{"id":5353,"href":"https:\/\/melillamonumental.es\/ja\/wp-json\/wp\/v2\/pages\/5352\/revisions\/5353"}],"up":[{"embeddable":true,"href":"https:\/\/melillamonumental.es\/ja\/wp-json\/wp\/v2\/pages\/5344"}],"wp:attachment":[{"href":"https:\/\/melillamonumental.es\/ja\/wp-json\/wp\/v2\/media?parent=5352"}],"curies":[{"name":"wp","href":"https:\/\/api.w.org\/{rel}","templated":true}]}}