{"id":6623,"date":"2019-06-10T08:26:49","date_gmt":"2019-06-10T07:26:49","guid":{"rendered":"https:\/\/melillamonumental.es\/?page_id=6623"},"modified":"2025-06-22T12:17:26","modified_gmt":"2025-06-22T11:17:26","slug":"mercado-renacentista-de-carlos-v","status":"publish","type":"page","link":"https:\/\/melillamonumental.es\/ja\/mercado-renacentista-de-carlos-v\/","title":{"rendered":"\u30b7\u30e3\u30eb\u30eb5\u4e16\u306e\u30eb\u30cd\u30b5\u30f3\u30b9\u5e02\u5834"},"content":{"rendered":"<p>[vc_row][vc_column width=\u00bb3\/4&#8243;][vc_row_inner][vc_column_inner width=\u00bb1\/3&#8243;][us_image image=\u00bb8968&#8243; size=\u00bbmedium\u00bb link=\u00bb%7B%22type%22%3A%22popup_image%22%7D\u00bb][us_image image=\u00bb7053&#8243; size=\u00bbfull\u00bb onclick=\u00bblightbox\u00bb][\/vc_column_inner][vc_column_inner width=\u00bb2\/3&#8243;][vc_column_text]Durante un fin de semana al a\u00f1o\u00a0 la Vieja Melilla se transforma en una villa renacentista gracias a este evento que se viene celebrando desde hace ya varios a\u00f1os. A partir de 2016 cambi\u00f3 su denominaci\u00f3n de medieval a renacentista. Multitud de actividades son las que se desarrollan durante estos d\u00edas: pasacalles, justas de caballeros, etc. Especial atenci\u00f3n merecen los m\u00e1s peque\u00f1os quienes tienen desde 2018 un espacio de juegos y esparcimiento propio: el \u201cMercado Infantil\u201d.[\/vc_column_text][us_separator][vc_column_text][us_grid post_type=\u00bbattachment\u00bb items_quantity=\u00bb\u00bb images=\u00bb6632,6633,6634,6635,6636,6638&#8243; orderby=\u00bbpost__in\u00bb items_gap=\u00bb4px\u00bb columns=\u00bb6&#8243; items_layout=\u00bbgallery_default\u00bb img_size=\u00bbus_350_350_crop\u00bb overriding_link=\u00bbpopup_post_image\u00bb breakpoint_1_cols=\u00bb6&#8243; breakpoint_2_width=\u00bb768px\u00bb breakpoint_3_width=\u00bb480px\u00bb breakpoint_2_cols=\u00bb4&#8243; breakpoint_3_cols=\u00bb2&#8243;][\/vc_column_text][us_separator][vc_raw_html]JTNDdmlkZW8lMjBjb250cm9scyUzRCUyMmNvbnRyb2xzJTIyJTIwd2lkdGglM0QlMjIxMDAlMjUlMjIlM0UlMEElM0Nzb3VyY2UlMjBzcmMlM0QlMjIlMkZ3cC1jb250ZW50JTJGdXBsb2FkcyUyRnZpZGVvcyUyRlZpZGVvLU1lcmNhZG8tUmVuYWNlbnRpc3RhLWRlLUNhcmxvcy1WLm1wNCUyMiUyMHR5cGUlM0QlMjJ2aWRlbyUyRm1wNCUyMiUyMCUyRiUzRSUwQVR1JTIwZXhwbG9yYWRvciUyMG5vJTIwc29wb3J0YSUyMHYlQzMlQURkZW9zJTIwSFRNTDUuJTBBJTNDJTJGdmlkZW8lM0U=[\/vc_raw_html][\/vc_column_inner][\/vc_row_inner][\/vc_column][vc_column width=\u00bb1\/4&#8243;][vc_wp_custommenu nav_menu=\u00bb49&#8243;][\/vc_column][\/vc_row]<\/p>\n","protected":false},"excerpt":{"rendered":"<p>[vc_row][vc_column width=\u00bb3\/4&#8243;][vc_row_inner][vc_column_inner width=\u00bb1\/3&#8243;][us_image image=\u00bb8968&#8243; size=\u00bbmedium\u00bb link=\u00bb%7B%22type%22%3A%22popup_image%22%7D\u00bb][us_image image=\u00bb7053&#8243; size=\u00bbfull\u00bb onclick=\u00bblightbox\u00bb][\/vc_column_inner][vc_column_inner width=\u00bb2\/3&#8243;][vc_column_text]Durante un fin de semana al a\u00f1o\u00a0 la Vieja Melilla se [&hellip;]<\/p>\n","protected":false},"author":27,"featured_media":0,"parent":0,"menu_order":0,"comment_status":"closed","ping_status":"closed","template":"","meta":{"_acf_changed":false,"_uag_custom_page_level_css":"","site-sidebar-layout":"default","site-content-layout":"","ast-site-content-layout":"default","site-content-style":"default","site-sidebar-style":"default","ast-global-header-display":"","ast-banner-title-visibility":"","ast-main-header-display":"","ast-hfb-above-header-display":"","ast-hfb-below-header-display":"","ast-hfb-mobile-header-display":"","site-post-title":"","ast-breadcrumbs-content":"","ast-featured-img":"","footer-sml-layout":"","ast-disable-related-posts":"","theme-transparent-header-meta":"","adv-header-id-meta":"","stick-header-meta":"","header-above-stick-meta":"","header-main-stick-meta":"","header-below-stick-meta":"","astra-migrate-meta-layouts":"default","ast-page-background-enabled":"default","ast-page-background-meta":{"desktop":{"background-color":"var(--ast-global-color-5)","background-image":"","background-repeat":"repeat","background-position":"center center","background-size":"auto","background-attachment":"scroll","background-type":"","background-media":"","overlay-type":"","overlay-color":"","overlay-opacity":"","overlay-gradient":""},"tablet":{"background-color":"","background-image":"","background-repeat":"repeat","background-position":"center center","background-size":"auto","background-attachment":"scroll","background-type":"","background-media":"","overlay-type":"","overlay-color":"","overlay-opacity":"","overlay-gradient":""},"mobile":{"background-color":"","background-image":"","background-repeat":"repeat","background-position":"center center","background-size":"auto","background-attachment":"scroll","background-type":"","background-media":"","overlay-type":"","overlay-color":"","overlay-opacity":"","overlay-gradient":""}},"ast-content-background-meta":{"desktop":{"background-color":"var(--ast-global-color-4)","background-image":"","background-repeat":"repeat","background-position":"center center","background-size":"auto","background-attachment":"scroll","background-type":"","background-media":"","overlay-type":"","overlay-color":"","overlay-opacity":"","overlay-gradient":""},"tablet":{"background-color":"var(--ast-global-color-4)","background-image":"","background-repeat":"repeat","background-position":"center center","background-size":"auto","background-attachment":"scroll","background-type":"","background-media":"","overlay-type":"","overlay-color":"","overlay-opacity":"","overlay-gradient":""},"mobile":{"background-color":"var(--ast-global-color-4)","background-image":"","background-repeat":"repeat","background-position":"center center","background-size":"auto","background-attachment":"scroll","background-type":"","background-media":"","overlay-type":"","overlay-color":"","overlay-opacity":"","overlay-gradient":""}},"footnotes":""},"class_list":["post-6623","page","type-page","status-publish","hentry"],"acf":[],"uagb_featured_image_src":{"full":false,"thumbnail":false,"medium":false,"medium_large":false,"large":false,"1536x1536":false,"2048x2048":false,"trp-custom-language-flag":false},"uagb_author_info":{"display_name":"Melilla Monumental","author_link":"https:\/\/melillamonumental.es\/ja\/author\/melilla\/"},"uagb_comment_info":0,"uagb_excerpt":"[vc_row][vc_column width=\u00bb3\/4&#8243;][vc_row_inner][vc_column_inner width=\u00bb1\/3&#8243;][us_image image=\u00bb8968&#8243; size=\u00bbmedium\u00bb link=\u00bb%7B%22type%22%3A%22popup_image%22%7D\u00bb][us_image image=\u00bb7053&#8243; size=\u00bbfull\u00bb onclick=\u00bblightbox\u00bb][\/vc_column_inner][vc_column_inner width=\u00bb2\/3&#8243;][vc_column_text]Durante un fin de semana al a\u00f1o\u00a0 la Vieja Melilla se [&hellip;]","_links":{"self":[{"href":"https:\/\/melillamonumental.es\/ja\/wp-json\/wp\/v2\/pages\/6623","targetHints":{"allow":["GET"]}}],"collection":[{"href":"https:\/\/melillamonumental.es\/ja\/wp-json\/wp\/v2\/pages"}],"about":[{"href":"https:\/\/melillamonumental.es\/ja\/wp-json\/wp\/v2\/types\/page"}],"author":[{"embeddable":true,"href":"https:\/\/melillamonumental.es\/ja\/wp-json\/wp\/v2\/users\/27"}],"replies":[{"embeddable":true,"href":"https:\/\/melillamonumental.es\/ja\/wp-json\/wp\/v2\/comments?post=6623"}],"version-history":[{"count":14,"href":"https:\/\/melillamonumental.es\/ja\/wp-json\/wp\/v2\/pages\/6623\/revisions"}],"predecessor-version":[{"id":8972,"href":"https:\/\/melillamonumental.es\/ja\/wp-json\/wp\/v2\/pages\/6623\/revisions\/8972"}],"wp:attachment":[{"href":"https:\/\/melillamonumental.es\/ja\/wp-json\/wp\/v2\/media?parent=6623"}],"curies":[{"name":"wp","href":"https:\/\/api.w.org\/{rel}","templated":true}]}}