{"id":5691,"date":"2019-03-22T08:38:56","date_gmt":"2019-03-22T07:38:56","guid":{"rendered":"https:\/\/melillamonumental.es\/?page_id=5691"},"modified":"2019-05-16T09:56:08","modified_gmt":"2019-05-16T08:56:08","slug":"sus-elementos","status":"publish","type":"page","link":"https:\/\/melillamonumental.es\/pt\/conjuntos-y-propuestas-de-recorridos\/recorridos-europeos-e-internacionales-desde-melilla\/sus-elementos\/","title":{"rendered":"Sus elementos"},"content":{"rendered":"<p>[vc_row][vc_column][vc_column_text]<strong>Reseau Art Nouveau Network<\/strong><\/p>\n<p>La Fundaci\u00f3n Melilla Ciudad Monumental, participa en una red de ciudades modernistas (Reseau Art Nouveau Network). La componen 21 ciudades de Europa y Am\u00e9rica, todas ellas con un gran valor patrimonial en arquitectura Art Nouveau. (Modernismo). Bruselas, La Habana, Barcelona, Glasgow o Nancy son algunas de ellas. Nuestro ingreso se produjo, previa aprobaci\u00f3n de los miembros de la Asamblea General, en la ciudad Suiza de La Chaux de Fond el 20 de abril de 2012.<\/p>\n<p><strong>Red de Cooperacion de las Rutas de Carlos V<\/strong><\/p>\n<p>En la Asamblea General Extraordinaria de la Red de Cooperaci\u00f3n de las Rutas Europeas del Emperador Carlos V en Laredo (Cantabria) celebrada en Septiembre de 2013 se hace formal la entrada de Melilla en los Itinerarios del Emperador y se nombra miembro de la Junta Directiva del Itinerario. Esta est\u00e1 formada por seis ciudades, de las m\u00e1s de 100 que hay en las redes. Acompa\u00f1an a Melilla Castelvretrano y Lecce (Italia) y Gante (B\u00e9lgica).<\/p>\n<p><a href=\"https:\/\/melillamonumental.es\/wp-content\/uploads\/2019\/05\/9468.jpg\"><img fetchpriority=\"high\" decoding=\"async\" class=\"alignnone size-full wp-image-6007\" src=\"https:\/\/melillamonumental.es\/wp-content\/uploads\/2019\/05\/9468.jpg\" alt=\"\" width=\"1280\" height=\"720\" srcset=\"https:\/\/melillamonumental.es\/wp-content\/uploads\/2019\/05\/9468.jpg 1280w, https:\/\/melillamonumental.es\/wp-content\/uploads\/2019\/05\/9468-300x169.jpg 300w, https:\/\/melillamonumental.es\/wp-content\/uploads\/2019\/05\/9468-1030x579.jpg 1030w\" sizes=\"(max-width: 1280px) 100vw, 1280px\" \/><\/a><\/p>\n<p><strong>Rutas de los Fenicios<\/strong><\/p>\n<p>La Ruta de los Fenicios es la conexi\u00f3n de las grandes rutas mar\u00edtimas utilizadas por los fenicios desde el siglo XII a.C. Estas rutas se han convertido en una parte esencial y base de la cultura mediterr\u00e1nea. Actualmente, los fenicios representa el modelo de la interculturalidad, en la cual se fundamenta el Itinerario Cultural del Consejo de Europa. \u00c9ste tiene como objetivo promover la cultura mediterr\u00e1nea y fortalecer los lazos hist\u00f3ricos entre los pa\u00edses del Mediterr\u00e1neo.<\/p>\n<p><a href=\"https:\/\/melillamonumental.es\/wp-content\/uploads\/2019\/05\/image.jpg\"><img decoding=\"async\" class=\"alignnone size-full wp-image-6008\" src=\"https:\/\/melillamonumental.es\/wp-content\/uploads\/2019\/05\/image.jpg\" alt=\"\" width=\"683\" height=\"127\" srcset=\"https:\/\/melillamonumental.es\/wp-content\/uploads\/2019\/05\/image.jpg 683w, https:\/\/melillamonumental.es\/wp-content\/uploads\/2019\/05\/image-300x56.jpg 300w\" sizes=\"(max-width: 683px) 100vw, 683px\" \/><\/a>[\/vc_column_text][\/vc_column][\/vc_row]<\/p>\n","protected":false},"excerpt":{"rendered":"<p>[vc_row][vc_column][vc_column_text]Reseau Art Nouveau Network La Fundaci\u00f3n Melilla Ciudad Monumental, participa en una red de ciudades modernistas (Reseau Art Nouveau Network). [&hellip;]<\/p>\n","protected":false},"author":27,"featured_media":0,"parent":5684,"menu_order":0,"comment_status":"closed","ping_status":"closed","template":"","meta":{"_acf_changed":false,"_uag_custom_page_level_css":"","site-sidebar-layout":"default","site-content-layout":"","ast-site-content-layout":"default","site-content-style":"default","site-sidebar-style":"default","ast-global-header-display":"","ast-banner-title-visibility":"","ast-main-header-display":"","ast-hfb-above-header-display":"","ast-hfb-below-header-display":"","ast-hfb-mobile-header-display":"","site-post-title":"","ast-breadcrumbs-content":"","ast-featured-img":"","footer-sml-layout":"","ast-disable-related-posts":"","theme-transparent-header-meta":"","adv-header-id-meta":"","stick-header-meta":"","header-above-stick-meta":"","header-main-stick-meta":"","header-below-stick-meta":"","astra-migrate-meta-layouts":"default","ast-page-background-enabled":"default","ast-page-background-meta":{"desktop":{"background-color":"var(--ast-global-color-5)","background-image":"","background-repeat":"repeat","background-position":"center center","background-size":"auto","background-attachment":"scroll","background-type":"","background-media":"","overlay-type":"","overlay-color":"","overlay-opacity":"","overlay-gradient":""},"tablet":{"background-color":"","background-image":"","background-repeat":"repeat","background-position":"center center","background-size":"auto","background-attachment":"scroll","background-type":"","background-media":"","overlay-type":"","overlay-color":"","overlay-opacity":"","overlay-gradient":""},"mobile":{"background-color":"","background-image":"","background-repeat":"repeat","background-position":"center center","background-size":"auto","background-attachment":"scroll","background-type":"","background-media":"","overlay-type":"","overlay-color":"","overlay-opacity":"","overlay-gradient":""}},"ast-content-background-meta":{"desktop":{"background-color":"var(--ast-global-color-4)","background-image":"","background-repeat":"repeat","background-position":"center center","background-size":"auto","background-attachment":"scroll","background-type":"","background-media":"","overlay-type":"","overlay-color":"","overlay-opacity":"","overlay-gradient":""},"tablet":{"background-color":"var(--ast-global-color-4)","background-image":"","background-repeat":"repeat","background-position":"center center","background-size":"auto","background-attachment":"scroll","background-type":"","background-media":"","overlay-type":"","overlay-color":"","overlay-opacity":"","overlay-gradient":""},"mobile":{"background-color":"var(--ast-global-color-4)","background-image":"","background-repeat":"repeat","background-position":"center center","background-size":"auto","background-attachment":"scroll","background-type":"","background-media":"","overlay-type":"","overlay-color":"","overlay-opacity":"","overlay-gradient":""}},"footnotes":""},"class_list":["post-5691","page","type-page","status-publish","hentry"],"acf":[],"uagb_featured_image_src":{"full":false,"thumbnail":false,"medium":false,"medium_large":false,"large":false,"1536x1536":false,"2048x2048":false,"trp-custom-language-flag":false},"uagb_author_info":{"display_name":"Melilla Monumental","author_link":"https:\/\/melillamonumental.es\/pt\/author\/melilla\/"},"uagb_comment_info":0,"uagb_excerpt":"[vc_row][vc_column][vc_column_text]Reseau Art Nouveau Network La Fundaci\u00f3n Melilla Ciudad Monumental, participa en una red de ciudades modernistas (Reseau Art Nouveau Network). [&hellip;]","_links":{"self":[{"href":"https:\/\/melillamonumental.es\/pt\/wp-json\/wp\/v2\/pages\/5691","targetHints":{"allow":["GET"]}}],"collection":[{"href":"https:\/\/melillamonumental.es\/pt\/wp-json\/wp\/v2\/pages"}],"about":[{"href":"https:\/\/melillamonumental.es\/pt\/wp-json\/wp\/v2\/types\/page"}],"author":[{"embeddable":true,"href":"https:\/\/melillamonumental.es\/pt\/wp-json\/wp\/v2\/users\/27"}],"replies":[{"embeddable":true,"href":"https:\/\/melillamonumental.es\/pt\/wp-json\/wp\/v2\/comments?post=5691"}],"version-history":[{"count":3,"href":"https:\/\/melillamonumental.es\/pt\/wp-json\/wp\/v2\/pages\/5691\/revisions"}],"predecessor-version":[{"id":6009,"href":"https:\/\/melillamonumental.es\/pt\/wp-json\/wp\/v2\/pages\/5691\/revisions\/6009"}],"up":[{"embeddable":true,"href":"https:\/\/melillamonumental.es\/pt\/wp-json\/wp\/v2\/pages\/5684"}],"wp:attachment":[{"href":"https:\/\/melillamonumental.es\/pt\/wp-json\/wp\/v2\/media?parent=5691"}],"curies":[{"name":"wp","href":"https:\/\/api.w.org\/{rel}","templated":true}]}}