{"id":5186,"date":"2019-01-22T13:38:02","date_gmt":"2019-01-22T12:38:02","guid":{"rendered":"https:\/\/eldominio.ovh\/?page_id=5186"},"modified":"2020-10-09T12:02:48","modified_gmt":"2020-10-09T10:02:48","slug":"fundacion-melilla-ciudad-monumental","status":"publish","type":"page","link":"https:\/\/melillamonumental.es\/tr\/fundacion-melilla-ciudad-monumental\/","title":{"rendered":"Melilla An\u0131tsal Kent Vakf\u0131"},"content":{"rendered":"<p>[vc_row][vc_column width=\u00bb3\/4&#8243;][us_image image=\u00bb5824&#8243; size=\u00bbfull\u00bb][us_separator size=\u00bbsmall\u00bb][vc_column_text]La <strong>Fundaci\u00f3n Melilla Ciudad Monumental<\/strong> es una instituci\u00f3n que se define por las labores que desarrolla respecto del acrecentamiento y revalorizaci\u00f3n de la riqueza patrimonial de la ciudad. La adquisici\u00f3n, conservaci\u00f3n, difusi\u00f3n, investigaci\u00f3n y exhibici\u00f3n son funciones propias y caracter\u00edsticas de esta fundaci\u00f3n, respecto del patrimonio que han formado parte de su origen e historia, y al mismo tiempo, avalan su futuro y constante evoluci\u00f3n.[\/vc_column_text][\/vc_column][vc_column width=\u00bb1\/4&#8243;][vc_wp_custommenu nav_menu=\u00bb37&#8243;][\/vc_column][\/vc_row]<\/p>\n","protected":false},"excerpt":{"rendered":"<p>[vc_row][vc_column width=\u00bb3\/4&#8243;][us_image image=\u00bb5824&#8243; size=\u00bbfull\u00bb][us_separator size=\u00bbsmall\u00bb][vc_column_text]La Fundaci\u00f3n Melilla Ciudad Monumental es una instituci\u00f3n que se define por las labores que desarrolla [&hellip;]<\/p>\n","protected":false},"author":27,"featured_media":0,"parent":0,"menu_order":0,"comment_status":"closed","ping_status":"closed","template":"","meta":{"_acf_changed":false,"_uag_custom_page_level_css":"","site-sidebar-layout":"default","site-content-layout":"","ast-site-content-layout":"default","site-content-style":"default","site-sidebar-style":"default","ast-global-header-display":"","ast-banner-title-visibility":"","ast-main-header-display":"","ast-hfb-above-header-display":"","ast-hfb-below-header-display":"","ast-hfb-mobile-header-display":"","site-post-title":"","ast-breadcrumbs-content":"","ast-featured-img":"","footer-sml-layout":"","ast-disable-related-posts":"","theme-transparent-header-meta":"","adv-header-id-meta":"","stick-header-meta":"","header-above-stick-meta":"","header-main-stick-meta":"","header-below-stick-meta":"","astra-migrate-meta-layouts":"default","ast-page-background-enabled":"default","ast-page-background-meta":{"desktop":{"background-color":"var(--ast-global-color-5)","background-image":"","background-repeat":"repeat","background-position":"center center","background-size":"auto","background-attachment":"scroll","background-type":"","background-media":"","overlay-type":"","overlay-color":"","overlay-opacity":"","overlay-gradient":""},"tablet":{"background-color":"","background-image":"","background-repeat":"repeat","background-position":"center center","background-size":"auto","background-attachment":"scroll","background-type":"","background-media":"","overlay-type":"","overlay-color":"","overlay-opacity":"","overlay-gradient":""},"mobile":{"background-color":"","background-image":"","background-repeat":"repeat","background-position":"center center","background-size":"auto","background-attachment":"scroll","background-type":"","background-media":"","overlay-type":"","overlay-color":"","overlay-opacity":"","overlay-gradient":""}},"ast-content-background-meta":{"desktop":{"background-color":"var(--ast-global-color-4)","background-image":"","background-repeat":"repeat","background-position":"center center","background-size":"auto","background-attachment":"scroll","background-type":"","background-media":"","overlay-type":"","overlay-color":"","overlay-opacity":"","overlay-gradient":""},"tablet":{"background-color":"var(--ast-global-color-4)","background-image":"","background-repeat":"repeat","background-position":"center center","background-size":"auto","background-attachment":"scroll","background-type":"","background-media":"","overlay-type":"","overlay-color":"","overlay-opacity":"","overlay-gradient":""},"mobile":{"background-color":"var(--ast-global-color-4)","background-image":"","background-repeat":"repeat","background-position":"center center","background-size":"auto","background-attachment":"scroll","background-type":"","background-media":"","overlay-type":"","overlay-color":"","overlay-opacity":"","overlay-gradient":""}},"footnotes":""},"class_list":["post-5186","page","type-page","status-publish","hentry"],"acf":[],"uagb_featured_image_src":{"full":false,"thumbnail":false,"medium":false,"medium_large":false,"large":false,"1536x1536":false,"2048x2048":false,"trp-custom-language-flag":false},"uagb_author_info":{"display_name":"Melilla Monumental","author_link":"https:\/\/melillamonumental.es\/tr\/author\/melilla\/"},"uagb_comment_info":0,"uagb_excerpt":"[vc_row][vc_column width=\u00bb3\/4&#8243;][us_image image=\u00bb5824&#8243; size=\u00bbfull\u00bb][us_separator size=\u00bbsmall\u00bb][vc_column_text]La Fundaci\u00f3n Melilla Ciudad Monumental es una instituci\u00f3n que se define por las labores que desarrolla [&hellip;]","_links":{"self":[{"href":"https:\/\/melillamonumental.es\/tr\/wp-json\/wp\/v2\/pages\/5186","targetHints":{"allow":["GET"]}}],"collection":[{"href":"https:\/\/melillamonumental.es\/tr\/wp-json\/wp\/v2\/pages"}],"about":[{"href":"https:\/\/melillamonumental.es\/tr\/wp-json\/wp\/v2\/types\/page"}],"author":[{"embeddable":true,"href":"https:\/\/melillamonumental.es\/tr\/wp-json\/wp\/v2\/users\/27"}],"replies":[{"embeddable":true,"href":"https:\/\/melillamonumental.es\/tr\/wp-json\/wp\/v2\/comments?post=5186"}],"version-history":[{"count":8,"href":"https:\/\/melillamonumental.es\/tr\/wp-json\/wp\/v2\/pages\/5186\/revisions"}],"predecessor-version":[{"id":6496,"href":"https:\/\/melillamonumental.es\/tr\/wp-json\/wp\/v2\/pages\/5186\/revisions\/6496"}],"wp:attachment":[{"href":"https:\/\/melillamonumental.es\/tr\/wp-json\/wp\/v2\/media?parent=5186"}],"curies":[{"name":"wp","href":"https:\/\/api.w.org\/{rel}","templated":true}]}}