{"id":5221,"date":"2019-01-23T09:08:07","date_gmt":"2019-01-23T08:08:07","guid":{"rendered":"https:\/\/eldominio.ovh\/?page_id=5221"},"modified":"2019-06-05T08:42:11","modified_gmt":"2019-06-05T07:42:11","slug":"oficina-virtual","status":"publish","type":"page","link":"https:\/\/melillamonumental.es\/tr\/fundacion-melilla-ciudad-monumental\/oficina-virtual\/","title":{"rendered":"Oficina Virtual"},"content":{"rendered":"<p>[vc_row css=\u00bb.vc_custom_1559547534584{margin-bottom: -50px !important;}\u00bb][vc_column width=\u00bb3\/4&#8243;][vc_column_text]La Oficina Virtual de Fundaci\u00f3n Melilla Ciudad Monumental le permite obtener y rellenar formularios de solicitud c\u00f3modamente.[\/vc_column_text][vc_tta_tabs layout=\u00bbmodern\u00bb stretch=\u00bb1&#8243; title_font=\u00bbbody\u00bb][vc_tta_section tab_id=\u00bb1559557773446-34406793-842c\u00bb title=\u00bbBuz\u00f3n de Sugerencias\u00bb]\n<div class=\"wpcf7 no-js\" id=\"wpcf7-f5530-o1\" lang=\"es-ES\" dir=\"ltr\" data-wpcf7-id=\"5530\">\n<div class=\"screen-reader-response\"><p role=\"status\" aria-live=\"polite\" aria-atomic=\"true\"><\/p> <ul><\/ul><\/div>\n<form action=\"\/tr\/wp-json\/wp\/v2\/pages\/5221#wpcf7-f5530-o1\" method=\"post\" class=\"wpcf7-form init\" aria-label=\"Formulario de contacto\" novalidate=\"novalidate\" data-status=\"init\">\n<fieldset class=\"hidden-fields-container\"><input type=\"hidden\" name=\"_wpcf7\" value=\"5530\" \/><input type=\"hidden\" name=\"_wpcf7_version\" value=\"6.1.5\" \/><input type=\"hidden\" name=\"_wpcf7_locale\" value=\"es_ES\" \/><input type=\"hidden\" name=\"_wpcf7_unit_tag\" value=\"wpcf7-f5530-o1\" \/><input type=\"hidden\" name=\"_wpcf7_container_post\" value=\"0\" \/><input type=\"hidden\" name=\"_wpcf7_posted_data_hash\" value=\"\" \/><input type=\"hidden\" name=\"_wpcf7_recaptcha_response\" value=\"\" \/>\n<\/fieldset>\n<p><label> Nombre y apellidos*<br \/>\n<span class=\"wpcf7-form-control-wrap\" data-name=\"your-name\"><input size=\"40\" maxlength=\"400\" class=\"wpcf7-form-control wpcf7-text wpcf7-validates-as-required\" aria-required=\"true\" aria-invalid=\"false\" value=\"\" type=\"text\" name=\"your-name\" \/><\/span> <\/label>\n<\/p>\n<p><label> Empresa<br \/>\n<span class=\"wpcf7-form-control-wrap\" data-name=\"your-empresa\"><input size=\"40\" maxlength=\"400\" class=\"wpcf7-form-control wpcf7-text\" aria-invalid=\"false\" value=\"\" type=\"text\" name=\"your-empresa\" \/><\/span> <\/label>\n<\/p>\n<p><label> Tu correo electr\u00f3nico*<br \/>\n<span class=\"wpcf7-form-control-wrap\" data-name=\"your-email\"><input size=\"40\" maxlength=\"400\" class=\"wpcf7-form-control wpcf7-email wpcf7-validates-as-required wpcf7-text wpcf7-validates-as-email\" aria-required=\"true\" aria-invalid=\"false\" value=\"\" type=\"email\" name=\"your-email\" \/><\/span> <\/label>\n<\/p>\n<p><label> Direcci\u00f3n<br \/>\n<span class=\"wpcf7-form-control-wrap\" data-name=\"your-direccion\"><input size=\"40\" maxlength=\"400\" class=\"wpcf7-form-control wpcf7-text\" aria-invalid=\"false\" value=\"\" type=\"text\" name=\"your-direccion\" \/><\/span> <\/label>\n<\/p>\n<p><label> Poblaci\u00f3n<br \/>\n<span class=\"wpcf7-form-control-wrap\" data-name=\"your-poblacion\"><input size=\"40\" maxlength=\"400\" class=\"wpcf7-form-control wpcf7-text\" aria-invalid=\"false\" value=\"\" type=\"text\" name=\"your-poblacion\" \/><\/span> <\/label>\n<\/p>\n<p><label> C\u00f3digo Postal<br \/>\n<span class=\"wpcf7-form-control-wrap\" data-name=\"your-cp\"><input size=\"40\" maxlength=\"400\" class=\"wpcf7-form-control wpcf7-text\" aria-invalid=\"false\" value=\"\" type=\"text\" name=\"your-cp\" \/><\/span> <\/label>\n<\/p>\n<p><label> Provincia<br \/>\n<span class=\"wpcf7-form-control-wrap\" data-name=\"your-provincia\"><input size=\"40\" maxlength=\"400\" class=\"wpcf7-form-control wpcf7-text\" aria-invalid=\"false\" value=\"\" type=\"text\" name=\"your-provincia\" \/><\/span> <\/label>\n<\/p>\n<p><label> Pa\u00eds<br \/>\n<span class=\"wpcf7-form-control-wrap\" data-name=\"your-pais\"><input size=\"40\" maxlength=\"400\" class=\"wpcf7-form-control wpcf7-text\" aria-invalid=\"false\" value=\"\" type=\"text\" name=\"your-pais\" \/><\/span> <\/label>\n<\/p>\n<p><label> Tel\u00e9fono<br \/>\n<span class=\"wpcf7-form-control-wrap\" data-name=\"your-telefono\"><input size=\"40\" maxlength=\"400\" class=\"wpcf7-form-control wpcf7-text\" aria-invalid=\"false\" value=\"\" type=\"text\" name=\"your-telefono\" \/><\/span> <\/label>\n<\/p>\n<p><label> Sugerencia*<br \/>\n<span class=\"wpcf7-form-control-wrap\" data-name=\"your-message\"><textarea cols=\"40\" rows=\"10\" maxlength=\"2000\" class=\"wpcf7-form-control wpcf7-textarea wpcf7-validates-as-required\" aria-required=\"true\" aria-invalid=\"false\" name=\"your-message\"><\/textarea><\/span> <\/label>\n<\/p>\n<p><span class=\"wpcf7-form-control-wrap\" data-name=\"condicion\"><span class=\"wpcf7-form-control wpcf7-checkbox wpcf7-validates-as-required\"><span class=\"wpcf7-list-item first last\"><input type=\"checkbox\" name=\"condicion[]\" value=\"Acepto las condiciones\" \/><span class=\"wpcf7-list-item-label\">Acepto las condiciones<\/span><\/span><\/span><\/span>\n<\/p>\n<p><input class=\"wpcf7-form-control wpcf7-submit has-spinner\" type=\"submit\" value=\"Enviar\" \/>\n<\/p>\n<p>\n\n<\/p><div class=\"wpcf7-response-output\" aria-hidden=\"true\"><\/div>\n<\/form>\n<\/div>\n[\/vc_tta_section][vc_tta_section tab_id=\u00bb1559557906597-bb657143-24ac\u00bb title=\u00bbReclamaciones\u00bb]\n<div class=\"wpcf7 no-js\" id=\"wpcf7-f5650-o2\" lang=\"es-ES\" dir=\"ltr\" data-wpcf7-id=\"5650\">\n<div class=\"screen-reader-response\"><p role=\"status\" aria-live=\"polite\" aria-atomic=\"true\"><\/p> <ul><\/ul><\/div>\n<form action=\"\/tr\/wp-json\/wp\/v2\/pages\/5221#wpcf7-f5650-o2\" method=\"post\" class=\"wpcf7-form init\" aria-label=\"Formulario de contacto\" novalidate=\"novalidate\" data-status=\"init\">\n<fieldset class=\"hidden-fields-container\"><input type=\"hidden\" name=\"_wpcf7\" value=\"5650\" \/><input type=\"hidden\" name=\"_wpcf7_version\" value=\"6.1.5\" \/><input type=\"hidden\" name=\"_wpcf7_locale\" value=\"es_ES\" \/><input type=\"hidden\" name=\"_wpcf7_unit_tag\" value=\"wpcf7-f5650-o2\" \/><input type=\"hidden\" name=\"_wpcf7_container_post\" value=\"0\" \/><input type=\"hidden\" name=\"_wpcf7_posted_data_hash\" value=\"\" \/><input type=\"hidden\" name=\"_wpcf7_recaptcha_response\" value=\"\" \/>\n<\/fieldset>\n<p><label> Tu nombre (requerido)<br \/>\n<span class=\"wpcf7-form-control-wrap\" data-name=\"your-name\"><input size=\"40\" maxlength=\"400\" class=\"wpcf7-form-control wpcf7-text wpcf7-validates-as-required\" aria-required=\"true\" aria-invalid=\"false\" value=\"\" type=\"text\" name=\"your-name\" \/><\/span> <\/label>\n<\/p>\n<p><label> Tu correo electr\u00f3nico (requerido)<br \/>\n<span class=\"wpcf7-form-control-wrap\" data-name=\"your-email\"><input size=\"40\" maxlength=\"400\" class=\"wpcf7-form-control wpcf7-email wpcf7-validates-as-required wpcf7-text wpcf7-validates-as-email\" aria-required=\"true\" aria-invalid=\"false\" value=\"\" type=\"email\" name=\"your-email\" \/><\/span> <\/label>\n<\/p>\n<p><label> Asunto<br \/>\n<span class=\"wpcf7-form-control-wrap\" data-name=\"your-subject\"><input size=\"40\" maxlength=\"400\" class=\"wpcf7-form-control wpcf7-text\" aria-invalid=\"false\" value=\"\" type=\"text\" name=\"your-subject\" \/><\/span> <\/label>\n<\/p>\n<p><label> Tu mensaje<br \/>\n<span class=\"wpcf7-form-control-wrap\" data-name=\"your-message\"><textarea cols=\"40\" rows=\"10\" maxlength=\"2000\" class=\"wpcf7-form-control wpcf7-textarea\" aria-invalid=\"false\" name=\"your-message\"><\/textarea><\/span> <\/label>\n<\/p>\n<p><input class=\"wpcf7-form-control wpcf7-submit has-spinner\" type=\"submit\" value=\"Enviar\" \/>\n<\/p><div class=\"wpcf7-response-output\" aria-hidden=\"true\"><\/div>\n<\/form>\n<\/div>\n[\/vc_tta_section][vc_tta_section tab_id=\u00bb1559557773472-d060f041-a557&#8243; title=\u00bbReserva tu visita\u00bb][vc_column_text]<\/p>\n<h3>GRUPOS OFICIALES O ENTIDADES<strong><br \/>\n<\/strong><\/h3>\n<p>Las visitas organizadas para <strong>grupos oficiales o entidades<\/strong>, deber\u00e1n solicitarse al correo electr\u00f3nico <strong>ciudadmonumental@melilla.es<\/strong> o en nuestro formulario, pudiendo ser un recorrido general o un solo espacio expositivo (Ej. Cuevas), indicando siempre los siguientes contenidos.<\/p>\n<ul>\n<li>Visita solicitada por:<\/li>\n<li>Tel\u00e9fono del contacto en la visita:<\/li>\n<li>Para: Alumnos de&#8230; (Edad)<\/li>\n<li>N\u00ba de personas:<\/li>\n<li>D\u00eda:<\/li>\n<li>Hora:<\/li>\n<li>Recorrido y espacios solicitados: (Ej. Melilla la Vieja o Cuevas)<\/li>\n<\/ul>\n<p>Tras la obtenci\u00f3n de estos datos y mediante el correo indicado, dar\u00edamos la posterior confirmaci\u00f3n a su solicitud.<\/p>\n<p>Recordarles que nuestra visita guiada por \u00abMelilla la Vieja\u00bb dura aproximadamente dos horas y media.<\/p>\n<hr \/>\n<h3 class=\"western\" align=\"justify\">OTROS GRUPOS<\/h3>\n<p>Como grupo particular deber\u00e1 dirigirse a la <strong>Oficina de Turismo de Melilla<\/strong>, situada en la Plaza de las Culturas, calle Teniente Aguilar de Medra, 4, 52001 Melilla<\/p>\n<p><strong>Tel\u00e9fono<\/strong>: 952976190,<\/p>\n<p><strong>Email<\/strong>: info@melillaturismo.com<\/p>\n<p>En esta oficina tiene horario de<\/p>\n<ul>\n<li>LUNES A S\u00c1BADO: MA\u00d1ANA: 10:00 A 14:00.<\/li>\n<li>TARDE: 16:30 A 20:30.<\/li>\n<li>DOMINGO: MA\u00d1ANA: 10:00 A 14:00.<\/li>\n<\/ul>\n<p>[\/vc_column_text][\/vc_tta_section][\/vc_tta_tabs][vc_column_text]<\/p>\n<p style=\"font-size: 11px;\">Aviso legal:<\/p>\n<p style=\"font-size: 11px;\">En cumplimiento de la Ley Org\u00e1nica 15\/1999, de 13 de diciembre de Protecci\u00f3n de Datos de Car\u00e1cter Personal, le informamos de que la informaci\u00f3n recogida en el presente formulario quedar\u00e1 incluida en nuestro fichero de Atenci\u00f3n al cliente con la finalidad de Buz\u00f3n de atenci\u00f3n al cliente, recogida de sugerencias, fines estad\u00edsticos y mejora del servicio. Del mismo modo le informamos que usted puede ejercitar sus derechos de acceso, rectificaci\u00f3n, cancelaci\u00f3n y especificaci\u00f3n enviando comunicaci\u00f3n escrita al responsable legal del fichero<\/p>\n<p>[\/vc_column_text][\/vc_column][vc_column width=\u00bb1\/4&#8243;][vc_wp_custommenu nav_menu=\u00bb37&#8243;][\/vc_column][\/vc_row]<\/p>\n","protected":false},"excerpt":{"rendered":"<p>[vc_row css=\u00bb.vc_custom_1559547534584{margin-bottom: -50px !important;}\u00bb][vc_column width=\u00bb3\/4&#8243;][vc_column_text]La Oficina Virtual de Fundaci\u00f3n Melilla Ciudad Monumental le permite obtener y rellenar formularios de solicitud [&hellip;]<\/p>\n","protected":false},"author":27,"featured_media":0,"parent":5186,"menu_order":0,"comment_status":"closed","ping_status":"closed","template":"","meta":{"_acf_changed":false,"_uag_custom_page_level_css":"","site-sidebar-layout":"default","site-content-layout":"","ast-site-content-layout":"default","site-content-style":"default","site-sidebar-style":"default","ast-global-header-display":"","ast-banner-title-visibility":"","ast-main-header-display":"","ast-hfb-above-header-display":"","ast-hfb-below-header-display":"","ast-hfb-mobile-header-display":"","site-post-title":"","ast-breadcrumbs-content":"","ast-featured-img":"","footer-sml-layout":"","ast-disable-related-posts":"","theme-transparent-header-meta":"","adv-header-id-meta":"","stick-header-meta":"","header-above-stick-meta":"","header-main-stick-meta":"","header-below-stick-meta":"","astra-migrate-meta-layouts":"default","ast-page-background-enabled":"default","ast-page-background-meta":{"desktop":{"background-color":"var(--ast-global-color-5)","background-image":"","background-repeat":"repeat","background-position":"center center","background-size":"auto","background-attachment":"scroll","background-type":"","background-media":"","overlay-type":"","overlay-color":"","overlay-opacity":"","overlay-gradient":""},"tablet":{"background-color":"","background-image":"","background-repeat":"repeat","background-position":"center center","background-size":"auto","background-attachment":"scroll","background-type":"","background-media":"","overlay-type":"","overlay-color":"","overlay-opacity":"","overlay-gradient":""},"mobile":{"background-color":"","background-image":"","background-repeat":"repeat","background-position":"center center","background-size":"auto","background-attachment":"scroll","background-type":"","background-media":"","overlay-type":"","overlay-color":"","overlay-opacity":"","overlay-gradient":""}},"ast-content-background-meta":{"desktop":{"background-color":"var(--ast-global-color-4)","background-image":"","background-repeat":"repeat","background-position":"center center","background-size":"auto","background-attachment":"scroll","background-type":"","background-media":"","overlay-type":"","overlay-color":"","overlay-opacity":"","overlay-gradient":""},"tablet":{"background-color":"var(--ast-global-color-4)","background-image":"","background-repeat":"repeat","background-position":"center center","background-size":"auto","background-attachment":"scroll","background-type":"","background-media":"","overlay-type":"","overlay-color":"","overlay-opacity":"","overlay-gradient":""},"mobile":{"background-color":"var(--ast-global-color-4)","background-image":"","background-repeat":"repeat","background-position":"center center","background-size":"auto","background-attachment":"scroll","background-type":"","background-media":"","overlay-type":"","overlay-color":"","overlay-opacity":"","overlay-gradient":""}},"footnotes":""},"class_list":["post-5221","page","type-page","status-publish","hentry"],"acf":[],"uagb_featured_image_src":{"full":false,"thumbnail":false,"medium":false,"medium_large":false,"large":false,"1536x1536":false,"2048x2048":false,"trp-custom-language-flag":false},"uagb_author_info":{"display_name":"Melilla Monumental","author_link":"https:\/\/melillamonumental.es\/tr\/author\/melilla\/"},"uagb_comment_info":0,"uagb_excerpt":"[vc_row css=\u00bb.vc_custom_1559547534584{margin-bottom: -50px !important;}\u00bb][vc_column width=\u00bb3\/4&#8243;][vc_column_text]La Oficina Virtual de Fundaci\u00f3n Melilla Ciudad Monumental le permite obtener y rellenar formularios de solicitud [&hellip;]","_links":{"self":[{"href":"https:\/\/melillamonumental.es\/tr\/wp-json\/wp\/v2\/pages\/5221","targetHints":{"allow":["GET"]}}],"collection":[{"href":"https:\/\/melillamonumental.es\/tr\/wp-json\/wp\/v2\/pages"}],"about":[{"href":"https:\/\/melillamonumental.es\/tr\/wp-json\/wp\/v2\/types\/page"}],"author":[{"embeddable":true,"href":"https:\/\/melillamonumental.es\/tr\/wp-json\/wp\/v2\/users\/27"}],"replies":[{"embeddable":true,"href":"https:\/\/melillamonumental.es\/tr\/wp-json\/wp\/v2\/comments?post=5221"}],"version-history":[{"count":11,"href":"https:\/\/melillamonumental.es\/tr\/wp-json\/wp\/v2\/pages\/5221\/revisions"}],"predecessor-version":[{"id":6481,"href":"https:\/\/melillamonumental.es\/tr\/wp-json\/wp\/v2\/pages\/5221\/revisions\/6481"}],"up":[{"embeddable":true,"href":"https:\/\/melillamonumental.es\/tr\/wp-json\/wp\/v2\/pages\/5186"}],"wp:attachment":[{"href":"https:\/\/melillamonumental.es\/tr\/wp-json\/wp\/v2\/media?parent=5221"}],"curies":[{"name":"wp","href":"https:\/\/api.w.org\/{rel}","templated":true}]}}