{"id":5348,"date":"2019-01-23T10:27:10","date_gmt":"2019-01-23T09:27:10","guid":{"rendered":"https:\/\/eldominio.ovh\/?page_id=5348"},"modified":"2019-02-26T12:37:06","modified_gmt":"2019-02-26T11:37:06","slug":"musulmanes","status":"publish","type":"page","link":"https:\/\/melillamonumental.es\/tr\/conjuntos-y-propuestas-de-recorridos\/otros-espacios-singulares-arquitectura-religiosa\/musulmanes\/","title":{"rendered":"Musulmanes"},"content":{"rendered":"<p><strong>Mezquita Central<\/strong><\/p>\n<p>(C\/ Garc\u00eda Cabrelles): El principal edificio de culto musulm\u00e1n en Melilla es la Mezquita Central, proyectada en 1945 por el arquitecto Enrique Nieto. Claro ejemplo de la arquitectura neo\u00e1rabe, esta mezquita posee un colorido minarete con c\u00fapula de estilo andalus\u00ed.<\/p>\n<p>\u2022 Mezquita Assalam o mezquita de la paz (Barrio de la Ca\u00f1ada)<\/p>\n<p>\u2022 Mezquita del Barrio de la Ca\u00f1ada<\/p>\n<p>\u2022 Mezquita Aceituna (Barrio de Reina Regente)<\/p>\n<p>\u2022 Mezquita de la Bola (Barrio de Cabrerizas)<\/p>\n<p>\u2022 Mezquita de la Palmera (Bater\u00eda Jota)<\/p>\n<p>\u2022 Mezquita Abubakar Sadik (Carretera de Hidum)<\/p>\n<p>\u2022 Mezquita Bacha (Barrio del Zoquillo)<\/p>\n<p>\u2022 Mezquita Azegag (En la carretera de los tanques entre carretera de Hidum y la Ca\u00f1ada)<\/p>\n<p>\u2022 Mezquita del Barrio del Real<\/p>\n<p>\u2022 Zauia Alauia del Cerro de la Palma<\/p>\n<p>\u2022 Mezquita del Monte de Mar\u00eda Cristina<\/p>\n<p>\u2022 Mezquita del Mantelete<\/p>\n<p>\u2022 Mezquita Arahma (Cementerio Musulm\u00e1n)<\/p>","protected":false},"excerpt":{"rendered":"<p>Mezquita Central (C\/ Garc\u00eda Cabrelles): El principal edificio de culto musulm\u00e1n en Melilla es la Mezquita Central, proyectada en 1945 [&hellip;]<\/p>\n","protected":false},"author":27,"featured_media":0,"parent":5344,"menu_order":0,"comment_status":"closed","ping_status":"closed","template":"","meta":{"_acf_changed":false,"_uag_custom_page_level_css":"","site-sidebar-layout":"default","site-content-layout":"","ast-site-content-layout":"default","site-content-style":"default","site-sidebar-style":"default","ast-global-header-display":"","ast-banner-title-visibility":"","ast-main-header-display":"","ast-hfb-above-header-display":"","ast-hfb-below-header-display":"","ast-hfb-mobile-header-display":"","site-post-title":"","ast-breadcrumbs-content":"","ast-featured-img":"","footer-sml-layout":"","ast-disable-related-posts":"","theme-transparent-header-meta":"","adv-header-id-meta":"","stick-header-meta":"","header-above-stick-meta":"","header-main-stick-meta":"","header-below-stick-meta":"","astra-migrate-meta-layouts":"default","ast-page-background-enabled":"default","ast-page-background-meta":{"desktop":{"background-color":"var(--ast-global-color-5)","background-image":"","background-repeat":"repeat","background-position":"center center","background-size":"auto","background-attachment":"scroll","background-type":"","background-media":"","overlay-type":"","overlay-color":"","overlay-opacity":"","overlay-gradient":""},"tablet":{"background-color":"","background-image":"","background-repeat":"repeat","background-position":"center center","background-size":"auto","background-attachment":"scroll","background-type":"","background-media":"","overlay-type":"","overlay-color":"","overlay-opacity":"","overlay-gradient":""},"mobile":{"background-color":"","background-image":"","background-repeat":"repeat","background-position":"center center","background-size":"auto","background-attachment":"scroll","background-type":"","background-media":"","overlay-type":"","overlay-color":"","overlay-opacity":"","overlay-gradient":""}},"ast-content-background-meta":{"desktop":{"background-color":"var(--ast-global-color-4)","background-image":"","background-repeat":"repeat","background-position":"center center","background-size":"auto","background-attachment":"scroll","background-type":"","background-media":"","overlay-type":"","overlay-color":"","overlay-opacity":"","overlay-gradient":""},"tablet":{"background-color":"var(--ast-global-color-4)","background-image":"","background-repeat":"repeat","background-position":"center center","background-size":"auto","background-attachment":"scroll","background-type":"","background-media":"","overlay-type":"","overlay-color":"","overlay-opacity":"","overlay-gradient":""},"mobile":{"background-color":"var(--ast-global-color-4)","background-image":"","background-repeat":"repeat","background-position":"center center","background-size":"auto","background-attachment":"scroll","background-type":"","background-media":"","overlay-type":"","overlay-color":"","overlay-opacity":"","overlay-gradient":""}},"footnotes":""},"class_list":["post-5348","page","type-page","status-publish","hentry"],"acf":[],"uagb_featured_image_src":{"full":false,"thumbnail":false,"medium":false,"medium_large":false,"large":false,"1536x1536":false,"2048x2048":false,"trp-custom-language-flag":false},"uagb_author_info":{"display_name":"Melilla Monumental","author_link":"https:\/\/melillamonumental.es\/tr\/author\/melilla\/"},"uagb_comment_info":0,"uagb_excerpt":"Mezquita Central (C\/ Garc\u00eda Cabrelles): El principal edificio de culto musulm\u00e1n en Melilla es la Mezquita Central, proyectada en 1945 [&hellip;]","_links":{"self":[{"href":"https:\/\/melillamonumental.es\/tr\/wp-json\/wp\/v2\/pages\/5348","targetHints":{"allow":["GET"]}}],"collection":[{"href":"https:\/\/melillamonumental.es\/tr\/wp-json\/wp\/v2\/pages"}],"about":[{"href":"https:\/\/melillamonumental.es\/tr\/wp-json\/wp\/v2\/types\/page"}],"author":[{"embeddable":true,"href":"https:\/\/melillamonumental.es\/tr\/wp-json\/wp\/v2\/users\/27"}],"replies":[{"embeddable":true,"href":"https:\/\/melillamonumental.es\/tr\/wp-json\/wp\/v2\/comments?post=5348"}],"version-history":[{"count":1,"href":"https:\/\/melillamonumental.es\/tr\/wp-json\/wp\/v2\/pages\/5348\/revisions"}],"predecessor-version":[{"id":5349,"href":"https:\/\/melillamonumental.es\/tr\/wp-json\/wp\/v2\/pages\/5348\/revisions\/5349"}],"up":[{"embeddable":true,"href":"https:\/\/melillamonumental.es\/tr\/wp-json\/wp\/v2\/pages\/5344"}],"wp:attachment":[{"href":"https:\/\/melillamonumental.es\/tr\/wp-json\/wp\/v2\/media?parent=5348"}],"curies":[{"name":"wp","href":"https:\/\/api.w.org\/{rel}","templated":true}]}}