{"id":5316,"date":"2019-01-23T10:11:18","date_gmt":"2019-01-23T09:11:18","guid":{"rendered":"https:\/\/eldominio.ovh\/?page_id=5316"},"modified":"2019-06-04T12:25:55","modified_gmt":"2019-06-04T11:25:55","slug":"fuertes-exteriores","status":"publish","type":"page","link":"https:\/\/melillamonumental.es\/zh\/conjuntos-y-propuestas-de-recorridos\/conjunto-fortificado-de-melilla\/sus-elementos\/fuertes-exteriores\/","title":{"rendered":"Fuertes Exteriores"},"content":{"rendered":"<p>[vc_row][vc_column width=\u00bb3\/4&#8243;][vc_column_text]<strong>Fuerte de Camellos<\/strong><\/p>\n<p>Situado en el actual barrio Virgen de la Victoria, el de Camellos es un fuerte con forma troncoc\u00f3nica y de planta circular, que posee tres niveles con aspilleras (aberturas largas y estrechas realizadas en un muro para disparar por ellas). Es el m\u00e1s antiguo de los conservados y el \u00fanico que persiste del primer modelo de fuertes exteriores dise\u00f1ados por Francisco Rold\u00e1n.<\/p>\n<p><strong>Fuerte de Cabrerizas Altas<\/strong><\/p>\n<p>Este fuete, situado en el interior del acuartelamiento Mill\u00e1n Astray, perteneciente al Tercio Gran Capit\u00e1n I de la Legi\u00f3n, es de planta irregular (un cuadril\u00e1tero romboide), tiene dos torres hexagonales en sus v\u00e9rtices y su exterior presenta matacanes medievales sobre arcadas parab\u00f3licas.<\/p>\n<p><a href=\"https:\/\/melillamonumental.es\/wp-content\/uploads\/2019\/05\/44-Fuerte-de-Cabrerizas-Altas.jpg\"><img fetchpriority=\"high\" decoding=\"async\" class=\"alignnone size-full wp-image-5993\" src=\"https:\/\/melillamonumental.es\/wp-content\/uploads\/2019\/05\/44-Fuerte-de-Cabrerizas-Altas.jpg\" alt=\"\" width=\"1426\" height=\"1047\" srcset=\"https:\/\/melillamonumental.es\/wp-content\/uploads\/2019\/05\/44-Fuerte-de-Cabrerizas-Altas.jpg 1426w, https:\/\/melillamonumental.es\/wp-content\/uploads\/2019\/05\/44-Fuerte-de-Cabrerizas-Altas-300x220.jpg 300w, https:\/\/melillamonumental.es\/wp-content\/uploads\/2019\/05\/44-Fuerte-de-Cabrerizas-Altas-1030x756.jpg 1030w\" sizes=\"(max-width: 1426px) 100vw, 1426px\" \/><\/a><\/p>\n<p><strong>Fuerte de Rostrogordo<\/strong><\/p>\n<p>Ubicado en la explanada de Rostrogordo, este fuerte construido entre 1888 y 1890 presenta las mismas caracter\u00edsticas neomedievales que los dos anteriores: una una planta en forma de pent\u00e1gono irregular y dos torres hexagonales, una en el frente y la otra defendiendo la puerta de entrada.<\/p>\n<p><a href=\"https:\/\/melillamonumental.es\/wp-content\/uploads\/2019\/05\/45-Fuerte-de-Rostrogordo.jpg\"><img decoding=\"async\" class=\"alignnone size-full wp-image-5994\" src=\"https:\/\/melillamonumental.es\/wp-content\/uploads\/2019\/05\/45-Fuerte-de-Rostrogordo.jpg\" alt=\"\" width=\"1248\" height=\"888\" srcset=\"https:\/\/melillamonumental.es\/wp-content\/uploads\/2019\/05\/45-Fuerte-de-Rostrogordo.jpg 1248w, https:\/\/melillamonumental.es\/wp-content\/uploads\/2019\/05\/45-Fuerte-de-Rostrogordo-300x213.jpg 300w, https:\/\/melillamonumental.es\/wp-content\/uploads\/2019\/05\/45-Fuerte-de-Rostrogordo-1030x733.jpg 1030w\" sizes=\"(max-width: 1248px) 100vw, 1248px\" \/><\/a>[\/vc_column_text][\/vc_column][vc_column width=\u00bb1\/4&#8243;][vc_wp_custommenu nav_menu=\u00bb46&#8243;][\/vc_column][\/vc_row]<\/p>\n","protected":false},"excerpt":{"rendered":"<p>[vc_row][vc_column width=\u00bb3\/4&#8243;][vc_column_text]Fuerte de Camellos Situado en el actual barrio Virgen de la Victoria, el de Camellos es un fuerte con [&hellip;]<\/p>\n","protected":false},"author":27,"featured_media":0,"parent":5314,"menu_order":0,"comment_status":"closed","ping_status":"closed","template":"","meta":{"_acf_changed":false,"_uag_custom_page_level_css":"","site-sidebar-layout":"default","site-content-layout":"","ast-site-content-layout":"default","site-content-style":"default","site-sidebar-style":"default","ast-global-header-display":"","ast-banner-title-visibility":"","ast-main-header-display":"","ast-hfb-above-header-display":"","ast-hfb-below-header-display":"","ast-hfb-mobile-header-display":"","site-post-title":"","ast-breadcrumbs-content":"","ast-featured-img":"","footer-sml-layout":"","ast-disable-related-posts":"","theme-transparent-header-meta":"","adv-header-id-meta":"","stick-header-meta":"","header-above-stick-meta":"","header-main-stick-meta":"","header-below-stick-meta":"","astra-migrate-meta-layouts":"default","ast-page-background-enabled":"default","ast-page-background-meta":{"desktop":{"background-color":"var(--ast-global-color-5)","background-image":"","background-repeat":"repeat","background-position":"center center","background-size":"auto","background-attachment":"scroll","background-type":"","background-media":"","overlay-type":"","overlay-color":"","overlay-opacity":"","overlay-gradient":""},"tablet":{"background-color":"","background-image":"","background-repeat":"repeat","background-position":"center center","background-size":"auto","background-attachment":"scroll","background-type":"","background-media":"","overlay-type":"","overlay-color":"","overlay-opacity":"","overlay-gradient":""},"mobile":{"background-color":"","background-image":"","background-repeat":"repeat","background-position":"center center","background-size":"auto","background-attachment":"scroll","background-type":"","background-media":"","overlay-type":"","overlay-color":"","overlay-opacity":"","overlay-gradient":""}},"ast-content-background-meta":{"desktop":{"background-color":"var(--ast-global-color-4)","background-image":"","background-repeat":"repeat","background-position":"center center","background-size":"auto","background-attachment":"scroll","background-type":"","background-media":"","overlay-type":"","overlay-color":"","overlay-opacity":"","overlay-gradient":""},"tablet":{"background-color":"var(--ast-global-color-4)","background-image":"","background-repeat":"repeat","background-position":"center center","background-size":"auto","background-attachment":"scroll","background-type":"","background-media":"","overlay-type":"","overlay-color":"","overlay-opacity":"","overlay-gradient":""},"mobile":{"background-color":"var(--ast-global-color-4)","background-image":"","background-repeat":"repeat","background-position":"center center","background-size":"auto","background-attachment":"scroll","background-type":"","background-media":"","overlay-type":"","overlay-color":"","overlay-opacity":"","overlay-gradient":""}},"footnotes":""},"class_list":["post-5316","page","type-page","status-publish","hentry"],"acf":[],"uagb_featured_image_src":{"full":false,"thumbnail":false,"medium":false,"medium_large":false,"large":false,"1536x1536":false,"2048x2048":false,"trp-custom-language-flag":false},"uagb_author_info":{"display_name":"Melilla Monumental","author_link":"https:\/\/melillamonumental.es\/zh\/author\/melilla\/"},"uagb_comment_info":0,"uagb_excerpt":"[vc_row][vc_column width=\u00bb3\/4&#8243;][vc_column_text]Fuerte de Camellos Situado en el actual barrio Virgen de la Victoria, el de Camellos es un fuerte con [&hellip;]","_links":{"self":[{"href":"https:\/\/melillamonumental.es\/zh\/wp-json\/wp\/v2\/pages\/5316","targetHints":{"allow":["GET"]}}],"collection":[{"href":"https:\/\/melillamonumental.es\/zh\/wp-json\/wp\/v2\/pages"}],"about":[{"href":"https:\/\/melillamonumental.es\/zh\/wp-json\/wp\/v2\/types\/page"}],"author":[{"embeddable":true,"href":"https:\/\/melillamonumental.es\/zh\/wp-json\/wp\/v2\/users\/27"}],"replies":[{"embeddable":true,"href":"https:\/\/melillamonumental.es\/zh\/wp-json\/wp\/v2\/comments?post=5316"}],"version-history":[{"count":4,"href":"https:\/\/melillamonumental.es\/zh\/wp-json\/wp\/v2\/pages\/5316\/revisions"}],"predecessor-version":[{"id":6426,"href":"https:\/\/melillamonumental.es\/zh\/wp-json\/wp\/v2\/pages\/5316\/revisions\/6426"}],"up":[{"embeddable":true,"href":"https:\/\/melillamonumental.es\/zh\/wp-json\/wp\/v2\/pages\/5314"}],"wp:attachment":[{"href":"https:\/\/melillamonumental.es\/zh\/wp-json\/wp\/v2\/media?parent=5316"}],"curies":[{"name":"wp","href":"https:\/\/api.w.org\/{rel}","templated":true}]}}