{"id":8818,"date":"2020-12-03T15:07:27","date_gmt":"2020-12-03T14:07:27","guid":{"rendered":"https:\/\/melillamonumental.es\/?page_id=8818"},"modified":"2020-12-03T15:07:27","modified_gmt":"2020-12-03T14:07:27","slug":"politica-de-cookies","status":"publish","type":"page","link":"https:\/\/melillamonumental.es\/zh\/politica-de-cookies\/","title":{"rendered":"Pol\u00edtica de cookies"},"content":{"rendered":"<p>Una <em>cookie<\/em> es un peque\u00f1o fichero de texto que se almacena en su navegador cuando visita casi cualquier p\u00e1gina web. Su utilidad es que la web sea capaz de recordar su visita cuando vuelva a navegar por esa p\u00e1gina. Las <em>cookies<\/em> suelen almacenar informaci\u00f3n de car\u00e1cter t\u00e9cnico, preferencias personales, personalizaci\u00f3n de contenidos, estad\u00edsticas de uso, enlaces a redes sociales, acceso a cuentas de usuario, etc. El objetivo de la <em>cookie<\/em> es adaptar el contenido de la web a su perfil y necesidades, sin <em>cookies<\/em> los servicios ofrecidos por cualquier p\u00e1gina se ver\u00edan mermados notablemente. <\/p>\n<h2>Cookies utilizadas en este sitio web<\/h2>\n<style>.tabla { border: 1px solid #444444 !important;border-collapse: collapse !importalt;color: #444444 !important;padding: px;}<\/style>\n<table class=\"tabla\" width=\"100%\">\n<thead>\n<tr>\n<th class=\"tabla\" style=\"text-align: left;\" width=\"15%\">Nombre de la cookie<\/th>\n<th class=\"tabla\" style=\"text-align: left;\" width=\"15%\">Tipo de cookie<\/th>\n<th class=\"tabla\" style=\"text-align: left;\" width=\"15%\">Primera o Tercera parte<\/th>\n<th class=\"tabla\" style=\"text-align: left;\" width=\"15%\">Sesi\u00f3n o Persistente<\/th>\n<th class=\"tabla\" style=\"text-align: left;\" width=\"40%\">Prop\u00f3sito<\/th>\n<\/tr>\n<\/thead>\n<tbody>\n<tr>\n<td class=\"tabla\">NID<\/td>\n<td class=\"tabla\">\u81f3\u5173\u91cd\u8981<\/td>\n<td class=\"tabla\">Tercera parte<\/td>\n<td class=\"tabla\">Persistente<\/td>\n<td class=\"tabla\">Esta cookie contiene un ID \u00fanico que Google utiliza para recordar tus preferencias y otra informaci\u00f3n, como tu idioma preferido o el n\u00famero de resultados de b\u00fasqueda que quieres que se muestren por p\u00e1gina.<\/td>\n<\/tr>\n<tr>\n<td class=\"tabla\">__utma, __utmb, __utmc, __utmt, __utmz, _ga, _gat, _gid<\/td>\n<td class=\"tabla\">\u5206\u6790<\/td>\n<td class=\"tabla\">Tercera parte<\/td>\n<td class=\"tabla\">Persistente<\/td>\n<td class=\"tabla\">Estas cookies son establecidas por Google Analytic para rastrear el uso de la web.<\/td>\n<\/tr>\n<tr>\n<td class=\"tabla\">PHPSESSID<\/td>\n<td class=\"tabla\">\u81f3\u5173\u91cd\u8981<\/td>\n<td class=\"tabla\">Primera parte<\/td>\n<td class=\"tabla\">Sesi\u00f3n<\/td>\n<td class=\"tabla\">Cookie utilizada para permitir que las variables de SESI\u00d3N sean guardadas en el servidor web.<\/td>\n<\/tr>\n<tr>\n<td class=\"tabla\">wordpress_logged_in<\/td>\n<td class=\"tabla\">\u81f3\u5173\u91cd\u8981<\/td>\n<td class=\"tabla\">Primera parte<\/td>\n<td class=\"tabla\">Sesi\u00f3n<\/td>\n<td class=\"tabla\">Cookie utilizada por WordPress cuya funci\u00f3n es indicar cuando se ha conectado y qui\u00e9n es.<\/td>\n<\/tr>\n<tr>\n<td class=\"tabla\">wordpress_sec<\/td>\n<td class=\"tabla\">\u81f3\u5173\u91cd\u8981<\/td>\n<td class=\"tabla\">Primera parte<\/td>\n<td class=\"tabla\">Sesi\u00f3n<\/td>\n<td class=\"tabla\">Cookie funcional utilizada por WordPress para mantener la sesi\u00f3n para un usuario registrado.<\/td>\n<\/tr>\n<\/tbody>\n<\/table>","protected":false},"excerpt":{"rendered":"<p>Una cookie es un peque\u00f1o fichero de texto que se almacena en su navegador cuando visita casi cualquier p\u00e1gina web. [&hellip;]<\/p>\n","protected":false},"author":27,"featured_media":0,"parent":0,"menu_order":0,"comment_status":"closed","ping_status":"closed","template":"","meta":{"_acf_changed":false,"_uag_custom_page_level_css":"","site-sidebar-layout":"default","site-content-layout":"","ast-site-content-layout":"default","site-content-style":"default","site-sidebar-style":"default","ast-global-header-display":"","ast-banner-title-visibility":"","ast-main-header-display":"","ast-hfb-above-header-display":"","ast-hfb-below-header-display":"","ast-hfb-mobile-header-display":"","site-post-title":"","ast-breadcrumbs-content":"","ast-featured-img":"","footer-sml-layout":"","ast-disable-related-posts":"","theme-transparent-header-meta":"","adv-header-id-meta":"","stick-header-meta":"","header-above-stick-meta":"","header-main-stick-meta":"","header-below-stick-meta":"","astra-migrate-meta-layouts":"default","ast-page-background-enabled":"default","ast-page-background-meta":{"desktop":{"background-color":"var(--ast-global-color-5)","background-image":"","background-repeat":"repeat","background-position":"center center","background-size":"auto","background-attachment":"scroll","background-type":"","background-media":"","overlay-type":"","overlay-color":"","overlay-opacity":"","overlay-gradient":""},"tablet":{"background-color":"","background-image":"","background-repeat":"repeat","background-position":"center center","background-size":"auto","background-attachment":"scroll","background-type":"","background-media":"","overlay-type":"","overlay-color":"","overlay-opacity":"","overlay-gradient":""},"mobile":{"background-color":"","background-image":"","background-repeat":"repeat","background-position":"center center","background-size":"auto","background-attachment":"scroll","background-type":"","background-media":"","overlay-type":"","overlay-color":"","overlay-opacity":"","overlay-gradient":""}},"ast-content-background-meta":{"desktop":{"background-color":"var(--ast-global-color-4)","background-image":"","background-repeat":"repeat","background-position":"center center","background-size":"auto","background-attachment":"scroll","background-type":"","background-media":"","overlay-type":"","overlay-color":"","overlay-opacity":"","overlay-gradient":""},"tablet":{"background-color":"var(--ast-global-color-4)","background-image":"","background-repeat":"repeat","background-position":"center center","background-size":"auto","background-attachment":"scroll","background-type":"","background-media":"","overlay-type":"","overlay-color":"","overlay-opacity":"","overlay-gradient":""},"mobile":{"background-color":"var(--ast-global-color-4)","background-image":"","background-repeat":"repeat","background-position":"center center","background-size":"auto","background-attachment":"scroll","background-type":"","background-media":"","overlay-type":"","overlay-color":"","overlay-opacity":"","overlay-gradient":""}},"footnotes":""},"class_list":["post-8818","page","type-page","status-publish","hentry"],"acf":[],"uagb_featured_image_src":{"full":false,"thumbnail":false,"medium":false,"medium_large":false,"large":false,"1536x1536":false,"2048x2048":false,"trp-custom-language-flag":false},"uagb_author_info":{"display_name":"Melilla Monumental","author_link":"https:\/\/melillamonumental.es\/zh\/author\/melilla\/"},"uagb_comment_info":0,"uagb_excerpt":"Una cookie es un peque\u00f1o fichero de texto que se almacena en su navegador cuando visita casi cualquier p\u00e1gina web. [&hellip;]","_links":{"self":[{"href":"https:\/\/melillamonumental.es\/zh\/wp-json\/wp\/v2\/pages\/8818","targetHints":{"allow":["GET"]}}],"collection":[{"href":"https:\/\/melillamonumental.es\/zh\/wp-json\/wp\/v2\/pages"}],"about":[{"href":"https:\/\/melillamonumental.es\/zh\/wp-json\/wp\/v2\/types\/page"}],"author":[{"embeddable":true,"href":"https:\/\/melillamonumental.es\/zh\/wp-json\/wp\/v2\/users\/27"}],"replies":[{"embeddable":true,"href":"https:\/\/melillamonumental.es\/zh\/wp-json\/wp\/v2\/comments?post=8818"}],"version-history":[{"count":1,"href":"https:\/\/melillamonumental.es\/zh\/wp-json\/wp\/v2\/pages\/8818\/revisions"}],"predecessor-version":[{"id":8819,"href":"https:\/\/melillamonumental.es\/zh\/wp-json\/wp\/v2\/pages\/8818\/revisions\/8819"}],"wp:attachment":[{"href":"https:\/\/melillamonumental.es\/zh\/wp-json\/wp\/v2\/media?parent=8818"}],"curies":[{"name":"wp","href":"https:\/\/api.w.org\/{rel}","templated":true}]}}